{"id":9389,"date":"2025-09-19T13:24:55","date_gmt":"2025-09-19T11:24:55","guid":{"rendered":"https:\/\/magiiik.netstory.com.pl\/produkt\/tv-card-frame-by-premium-magic\/"},"modified":"2025-09-19T13:24:58","modified_gmt":"2025-09-19T11:24:58","slug":"tv-card-frame-by-premium-magic","status":"publish","type":"product","link":"https:\/\/magiiik.netstory.com.pl\/?product=tv-card-frame-by-premium-magic","title":{"rendered":"TV Card Frame by Premium Magic"},"content":{"rendered":"<p><strong><span style=\"font-size: 12pt; font-family: arial, helvetica, sans-serif;\">EFEKT:<\/span><\/strong><\/p>\n<p><span style=\"font-size: 12pt; font-family: arial, helvetica, sans-serif;\">Widz wybiera z talii dowoln\u0105 kart\u0119. Wk\u0142ada si\u0119 z powrotem do talii i dok\u0142adnie tasuje. Iluzjonista prezentuje teraz drewnian\u0105 ramk\u0119, kt\u00f3ra stoi na stoliku. Pokazuje dwie prze\u017aroczyste plastikowe p\u0142ytki, kt\u00f3re zwi\u0105zuje ze sob\u0105 gumk\u0105. Mocuje je w ramce. Widzowie mog\u0105 zobaczy\u0107 teraz ramk\u0119 z prze\u017aroczystymi p\u0142ytkami. Magik bierze w r\u0119ce ramk\u0119 i prosi widza, aby ten &#8222;strzeli\u0142&#8221; kartami w kierunku ramki. Karty w spos\u00f3b naturalny uderzaj\u0105 w plastikowe p\u0142ytki i spadaj\u0105 na pod\u0142og\u0119&#8230; Opr\u00f3cz jednej, kt\u00f3ra jest odwr\u00f3cona koszulk\u0105 w stron\u0119 widowni. Wykonawca prosi widza, aby wzi\u0105\u0142 kart\u0119&#8230; Kiedy widz pr\u00f3buje j\u0105 wzi\u0105\u0107, okazuje si\u0119 \u017ce ta jest w \u015brodku, mi\u0119dzy dwoma plastikami! Magik pyta, jak\u0105 kart\u0119 wybra\u0142 widz, a ku zdziwieniu wszystkich &#8222;uwi\u0119ziona karta&#8221;, to karta widza.<\/span><\/p>\n<p><span style=\"font-size: 12pt; font-family: arial, helvetica, sans-serif;\">W zestawie otrzymasz wszystko do wykonania tricku (bez talii kart) z instrukcj\u0105 w j\u0119zyku angielskim.<\/span><\/p>\n<p><strong><span style=\"font-size: 12pt; font-family: arial, helvetica, sans-serif;\">Polecamy,<\/span><\/strong><\/p>\n<p><strong><span style=\"font-size: 12pt; font-family: arial, helvetica, sans-serif;\">magiiik.pl<\/span><\/strong><\/p>\n","protected":false},"excerpt":{"rendered":"<p><strong>TV Card Frame by Premium Magic<\/strong><\/p>\n","protected":false},"featured_media":9390,"comment_status":"closed","ping_status":"open","template":"","meta":[],"product_brand":[],"product_cat":[65],"product_tag":[],"class_list":{"0":"post-9389","1":"product","2":"type-product","3":"status-publish","4":"has-post-thumbnail","6":"product_cat-iluzja-sceniczna-iluzja-sceniczna","8":"first","9":"instock","10":"purchasable","11":"product-type-simple"},"_links":{"self":[{"href":"https:\/\/magiiik.netstory.com.pl\/index.php?rest_route=\/wp\/v2\/product\/9389","targetHints":{"allow":["GET"]}}],"collection":[{"href":"https:\/\/magiiik.netstory.com.pl\/index.php?rest_route=\/wp\/v2\/product"}],"about":[{"href":"https:\/\/magiiik.netstory.com.pl\/index.php?rest_route=\/wp\/v2\/types\/product"}],"replies":[{"embeddable":true,"href":"https:\/\/magiiik.netstory.com.pl\/index.php?rest_route=%2Fwp%2Fv2%2Fcomments&post=9389"}],"wp:featuredmedia":[{"embeddable":true,"href":"https:\/\/magiiik.netstory.com.pl\/index.php?rest_route=\/wp\/v2\/media\/9390"}],"wp:attachment":[{"href":"https:\/\/magiiik.netstory.com.pl\/index.php?rest_route=%2Fwp%2Fv2%2Fmedia&parent=9389"}],"wp:term":[{"taxonomy":"product_brand","embeddable":true,"href":"https:\/\/magiiik.netstory.com.pl\/index.php?rest_route=%2Fwp%2Fv2%2Fproduct_brand&post=9389"},{"taxonomy":"product_cat","embeddable":true,"href":"https:\/\/magiiik.netstory.com.pl\/index.php?rest_route=%2Fwp%2Fv2%2Fproduct_cat&post=9389"},{"taxonomy":"product_tag","embeddable":true,"href":"https:\/\/magiiik.netstory.com.pl\/index.php?rest_route=%2Fwp%2Fv2%2Fproduct_tag&post=9389"}],"curies":[{"name":"wp","href":"https:\/\/api.w.org\/{rel}","templated":true}]}}