{"id":9382,"date":"2025-09-19T13:24:55","date_gmt":"2025-09-19T11:24:55","guid":{"rendered":"https:\/\/magiiik.netstory.com.pl\/produkt\/cube-3-kostka-rubika-by-steven-brundage\/"},"modified":"2025-09-19T13:24:55","modified_gmt":"2025-09-19T11:24:55","slug":"cube-3-kostka-rubika-by-steven-brundage","status":"publish","type":"product","link":"https:\/\/magiiik.netstory.com.pl\/?product=cube-3-kostka-rubika-by-steven-brundage","title":{"rendered":"Cube 3 (kostka rubika) By Steven Brundage"},"content":{"rendered":"<p style=\"text-align: center;\"><span style=\"font-size: 12pt; font-family: arial, helvetica, sans-serif;\">Ka\u017cdy doskonale wie, \u017ce rozwi\u0105zanie Kostki Rubika to d\u0142ugi proces, czasem bywa to frustruj\u0105ce i zniech\u0119caj\u0105ce. Teraz dzi\u0119ki temu trickowi, mo\u017ce by\u0107 to nawet podniecaj\u0105ce!<\/span><\/p>\n<p style=\"text-align: center;\"><span style=\"font-size: 12pt; font-family: arial, helvetica, sans-serif;\"><strong>Steven<\/strong> zaszokowa\u0142 ca\u0142y \u015bwiat tym trickiem! Pokaza\u0142 ten efekt w niezliczonej ilo\u015bci telewizji ameryka\u0144skich! Teraz i Ty mo\u017cesz zmia\u017cd\u017cy\u0107 swoj\u0105 publiczno\u015b\u0107 tym trickiem!<\/span><\/p>\n<p style=\"text-align: center;\"><span style=\"font-size: 12pt; font-family: arial, helvetica, sans-serif;\"><iframe loading=\"lazy\" src=\"\/\/www.youtube.com\/embed\/ufBQul5lAHY\" width=\"425\" height=\"350\"><\/iframe><\/span><\/p>\n<p style=\"text-align: center;\"><span style=\"font-size: 12pt; font-family: arial, helvetica, sans-serif;\">Co otrzymasz:<\/span><\/p>\n<p style=\"text-align: center;\"><span style=\"font-size: 12pt; font-family: arial, helvetica, sans-serif;\">&#8211; gimmick;<\/span><\/p>\n<p style=\"text-align: center;\"><span style=\"font-size: 12pt; font-family: arial, helvetica, sans-serif;\">&#8211; instrukcj\u0119 online, z kt\u00f3rej nauczysz si\u0119 wielu niezwyk\u0142ych sztuczek z t\u0105 magiczn\u0105 Kostk\u0105 Rubika.<\/span><\/p>\n<p style=\"text-align: center;\">Produkt posiada certyfikat <a href=\"\/pl\/c\/BLACK-LABEL\/95\/1\">BLACK LABEL<\/a>!<\/p>\n<p style=\"text-align: center;\"><strong><span style=\"font-size: 12pt; font-family: arial, helvetica, sans-serif;\">Polecamy,<\/span><\/strong><\/p>\n<p style=\"text-align: center;\"><strong><span style=\"font-size: 12pt; font-family: arial, helvetica, sans-serif;\">magiiik.pl<\/span><\/strong><\/p>\n","protected":false},"excerpt":{"rendered":"<p><strong>Cube 3 By Steven Brundage<\/strong><\/p>\n","protected":false},"featured_media":9383,"comment_status":"closed","ping_status":"open","template":"","meta":[],"product_brand":[],"product_cat":[34],"product_tag":[],"class_list":{"0":"post-9382","1":"product","2":"type-product","3":"status-publish","4":"has-post-thumbnail","6":"product_cat-mikro-iluzja-close-up-inne","8":"first","9":"instock","10":"purchasable","11":"product-type-simple"},"_links":{"self":[{"href":"https:\/\/magiiik.netstory.com.pl\/index.php?rest_route=\/wp\/v2\/product\/9382","targetHints":{"allow":["GET"]}}],"collection":[{"href":"https:\/\/magiiik.netstory.com.pl\/index.php?rest_route=\/wp\/v2\/product"}],"about":[{"href":"https:\/\/magiiik.netstory.com.pl\/index.php?rest_route=\/wp\/v2\/types\/product"}],"replies":[{"embeddable":true,"href":"https:\/\/magiiik.netstory.com.pl\/index.php?rest_route=%2Fwp%2Fv2%2Fcomments&post=9382"}],"wp:featuredmedia":[{"embeddable":true,"href":"https:\/\/magiiik.netstory.com.pl\/index.php?rest_route=\/wp\/v2\/media\/9383"}],"wp:attachment":[{"href":"https:\/\/magiiik.netstory.com.pl\/index.php?rest_route=%2Fwp%2Fv2%2Fmedia&parent=9382"}],"wp:term":[{"taxonomy":"product_brand","embeddable":true,"href":"https:\/\/magiiik.netstory.com.pl\/index.php?rest_route=%2Fwp%2Fv2%2Fproduct_brand&post=9382"},{"taxonomy":"product_cat","embeddable":true,"href":"https:\/\/magiiik.netstory.com.pl\/index.php?rest_route=%2Fwp%2Fv2%2Fproduct_cat&post=9382"},{"taxonomy":"product_tag","embeddable":true,"href":"https:\/\/magiiik.netstory.com.pl\/index.php?rest_route=%2Fwp%2Fv2%2Fproduct_tag&post=9382"}],"curies":[{"name":"wp","href":"https:\/\/api.w.org\/{rel}","templated":true}]}}