{"id":9375,"date":"2025-09-19T13:24:35","date_gmt":"2025-09-19T11:24:35","guid":{"rendered":"https:\/\/magiiik.netstory.com.pl\/produkt\/cut-2-0-limited-by-ran-pink\/"},"modified":"2025-09-19T13:24:47","modified_gmt":"2025-09-19T11:24:47","slug":"cut-2-0-limited-by-ran-pink","status":"publish","type":"product","link":"https:\/\/magiiik.netstory.com.pl\/?product=cut-2-0-limited-by-ran-pink","title":{"rendered":"Cut 2.0 LIMITED by Ran Pink"},"content":{"rendered":"<p style=\"text-align: center;\"><em><span style=\"font-size: 12pt; font-family: arial, helvetica, sans-serif;\">&#8222;Blisko do prawdziwej magii&#8230; To niesamowite!&#8221;<\/span><\/em><\/p>\n<p style=\"text-align: center;\"><strong><span style=\"font-size: 12pt; font-family: arial, helvetica, sans-serif;\">&#8211; DYNAMO<\/span><\/strong><\/p>\n<p style=\"text-align: center;\"><span style=\"font-size: 12pt; font-family: arial, helvetica, sans-serif;\">Zdolno\u015b\u0107 do przyspieszania procesu gojenia si\u0119 ran jest jedn\u0105 z najbardziej poszukiwanych umiej\u0119tno\u015bci w historii ludzko\u015bci. Hipokrates, Jezus i Wolverine potrafili tego dokona\u0107. Teraz Ty r\u00f3wnie\u017c b\u0119dziesz potrafi\u0142! Aby udowodni\u0107 swoj\u0105 si\u0142\u0119, we\u017a zwyk\u0142y, po\u017cyczony n\u00f3\u017c i przy\u0142\u00f3\u017c go do otwartej d\u0142oni. Niech wszyscy zobacz\u0105 krew na Twoich d\u0142oniach&#8230; A teraz spraw, aby rana si\u0119 zagoi\u0142a i znikn\u0119\u0142a bez \u015bladu! Staniesz si\u0119 legend\u0105 w\u015br\u00f3d przyjaci\u00f3\u0142!<\/span><\/p>\n<p style=\"text-align: center;\"><span style=\"font-size: 12pt; font-family: arial, helvetica, sans-serif;\">&#8211; bardziej efektywna formu\u0142a i niezwykle \u017cywe kolory, jak z realnych ci\u0119\u0107!<\/span><\/p>\n<p style=\"text-align: center;\"><span style=\"font-size: 12pt; font-family: arial, helvetica, sans-serif;\">&#8211; nowe, ulepszone sztuczki, kt\u00f3re oferuj\u0105 elastyczno\u015b\u0107, jak nigdy dot\u0105d!<\/span><\/p>\n<p style=\"text-align: center;\"><span style=\"font-size: 12pt; font-family: arial, helvetica, sans-serif;\">&#8211; proste, szybkie w aplikacji!<\/span><\/p>\n<p style=\"text-align: center;\"><span style=\"font-size: 12pt; font-family: arial, helvetica, sans-serif;\">&#8211; 25% wi\u0119cej trwalszego produktu!<\/span><\/p>\n<p style=\"text-align: center;\"><span style=\"font-size: 12pt; font-family: arial, helvetica, sans-serif;\">BONUS: dla os\u00f3b o s\u0142abym sercu &#8222;<strong>CUT 2.0<\/strong>&#8221; oferuje szereg dodatkowych efekt\u00f3w.<\/span><\/p>\n<p style=\"text-align: center;\"><em><span style=\"font-size: 12pt; font-family: arial, helvetica, sans-serif;\">&#8222;To jedna z tych sztuczek, kt\u00f3rej ludzie nigdy nie zapomn\u0105! CUT 2.0 zmieni spos\u00f3b, w jaki ludzie patrz\u0105 na Ciebie!&#8221;<\/span><\/em><\/p>\n<p style=\"text-align: center;\"><strong><span style=\"font-size: 12pt; font-family: arial, helvetica, sans-serif;\">&#8211; Andrew Gerard<\/span><\/strong><\/p>\n<p style=\"text-align: center;\"><strong><span style=\"font-size: 12pt; font-family: arial, helvetica, sans-serif;\"><iframe loading=\"lazy\" src=\"\/\/www.youtube.com\/embed\/fWAZ8HUbrBU\" width=\"425\" height=\"350\"><\/iframe><\/span><\/strong><\/p>\n<p style=\"text-align: center;\">\u00a0<\/p>\n<p style=\"text-align: center;\"><iframe loading=\"lazy\" src=\"\/\/www.youtube.com\/embed\/L_fdW1GEqiE\" width=\"425\" height=\"350\"><\/iframe><\/p>\n<p style=\"text-align: center;\">\u00a0<\/p>\n<p style=\"text-align: center;\"><font face=\"arial, helvetica, sans-serif\"><span style=\"font-size: 16px;\"><strong>Produkt posiada certyfikat\u00a0<a href=\"\/pl\/c\/BLACK-LABEL\/95\/1\">BLACK LABEL<\/a><\/strong><\/span><\/font><\/p>\n<p style=\"text-align: center;\">\u00a0<\/p>\n<p style=\"text-align: center;\"><font face=\"arial, helvetica, sans-serif\"><span style=\"font-size: 16px;\"><strong>Polecamy,<\/strong><\/span><\/font><\/p>\n<p style=\"text-align: center;\"><font face=\"arial, helvetica, sans-serif\"><span style=\"font-size: 16px;\"><strong>magiiik.pl<\/strong><\/span><\/font><\/p>\n","protected":false},"excerpt":{"rendered":"<p><strong>Cut 2.0 LIMITED by Ran Pink<\/strong><\/p>\n","protected":false},"featured_media":9376,"comment_status":"closed","ping_status":"open","template":"","meta":[],"product_brand":[],"product_cat":[57],"product_tag":[],"class_list":{"0":"post-9375","1":"product","2":"type-product","3":"status-publish","4":"has-post-thumbnail","6":"product_cat-ksiazki-dvd-download-black-label","8":"first","9":"instock","10":"purchasable","11":"product-type-simple"},"_links":{"self":[{"href":"https:\/\/magiiik.netstory.com.pl\/index.php?rest_route=\/wp\/v2\/product\/9375","targetHints":{"allow":["GET"]}}],"collection":[{"href":"https:\/\/magiiik.netstory.com.pl\/index.php?rest_route=\/wp\/v2\/product"}],"about":[{"href":"https:\/\/magiiik.netstory.com.pl\/index.php?rest_route=\/wp\/v2\/types\/product"}],"replies":[{"embeddable":true,"href":"https:\/\/magiiik.netstory.com.pl\/index.php?rest_route=%2Fwp%2Fv2%2Fcomments&post=9375"}],"wp:featuredmedia":[{"embeddable":true,"href":"https:\/\/magiiik.netstory.com.pl\/index.php?rest_route=\/wp\/v2\/media\/9376"}],"wp:attachment":[{"href":"https:\/\/magiiik.netstory.com.pl\/index.php?rest_route=%2Fwp%2Fv2%2Fmedia&parent=9375"}],"wp:term":[{"taxonomy":"product_brand","embeddable":true,"href":"https:\/\/magiiik.netstory.com.pl\/index.php?rest_route=%2Fwp%2Fv2%2Fproduct_brand&post=9375"},{"taxonomy":"product_cat","embeddable":true,"href":"https:\/\/magiiik.netstory.com.pl\/index.php?rest_route=%2Fwp%2Fv2%2Fproduct_cat&post=9375"},{"taxonomy":"product_tag","embeddable":true,"href":"https:\/\/magiiik.netstory.com.pl\/index.php?rest_route=%2Fwp%2Fv2%2Fproduct_tag&post=9375"}],"curies":[{"name":"wp","href":"https:\/\/api.w.org\/{rel}","templated":true}]}}