{"id":9373,"date":"2025-09-19T13:24:35","date_gmt":"2025-09-19T11:24:35","guid":{"rendered":"https:\/\/magiiik.netstory.com.pl\/produkt\/pen-or-pencil-by-mickael-chatelain\/"},"modified":"2025-09-19T13:24:46","modified_gmt":"2025-09-19T11:24:46","slug":"pen-or-pencil-by-mickael-chatelain","status":"publish","type":"product","link":"https:\/\/magiiik.netstory.com.pl\/?product=pen-or-pencil-by-mickael-chatelain","title":{"rendered":"Pen OR Pencil by Mickael Chatelain"},"content":{"rendered":"<p style=\"text-align: center;\"><span style=\"font-size: 12pt; font-family: arial, helvetica, sans-serif;\">Jeste\u015bmy naprawd\u0119 szcz\u0119\u015bliwi, \u017ce mo\u017cemy przedstawi\u0107 Wam nowy trick <strong>Mickael<\/strong>&#8217;a <strong>CHATELAIN<\/strong>!\u00a0<\/span><\/p>\n<p style=\"text-align: center;\"><span style=\"font-size: 12pt; font-family: arial, helvetica, sans-serif;\">To ekskluzywny i bardzo wizualny efekt magiczny! \u0141atwy do wykonania!\u00a0<\/span><\/p>\n<p style=\"text-align: center;\"><span style=\"font-size: 12pt; font-family: arial, helvetica, sans-serif;\">Znany angielski magik,<strong> DYNAMO<\/strong>, wykona\u0142 ten trick kilkakrotnie w swoim programie: &#8222;<strong>DYNAMO: wi\u0119cej ni\u017c magia<\/strong>&#8222;. Dzi\u015b jest Twoja kolej na wykonanie tego tricku dla swoich widz\u00f3w!<\/span><\/p>\n<p style=\"text-align: center;\"><span style=\"font-size: 12pt; font-family: arial, helvetica, sans-serif;\">Tym razem bez kart do gry, ale za to dwa przybory do pisania &#8211; d\u0142ugopis i o\u0142\u00f3wek.<\/span><\/p>\n<p style=\"text-align: center;\"><span style=\"font-size: 12pt; font-family: arial, helvetica, sans-serif;\">Zaprezentuj o\u0142\u00f3wek i d\u0142ugopis swoim widzom. Nic innego nie masz w r\u0119kach. D\u0142ugopis w jednej d\u0142oni, o\u0142\u00f3wek w drugiej. Popro\u015b, aby kt\u00f3ry\u015b z widz\u00f3w wybra\u0142 jedno, albo drugie. Za\u0142\u00f3\u017cmy, \u017ce Tw\u00f3j widz wybra\u0142 o\u0142\u00f3wek. Wk\u0142adasz go do kieszeni, w d\u0142oni pozostaje Ci tylko d\u0142ugopis.\u00a0<\/span><\/p>\n<p style=\"text-align: center;\"><span style=\"font-size: 12pt; font-family: arial, helvetica, sans-serif;\">Zdejmij skuwk\u0119 z d\u0142ugopisu, wyja\u015bniaj\u0105c, \u017ce zniknie on poprzez dmuchni\u0119cie. Zaciskasz d\u0142o\u0144, dmuchasz i&#8230; po d\u0142ugopisie pozostaje tylko skuwka!\u00a0<\/span><\/p>\n<p style=\"text-align: center;\"><span style=\"font-size: 12pt; font-family: arial, helvetica, sans-serif;\">Po wykonaniu tricku mo\u017cesz da\u0107 oba przedmioty do zbadania przez widz\u00f3w.<\/span><\/p>\n<p style=\"text-align: center;\"><span style=\"font-size: 12pt; font-family: arial, helvetica, sans-serif;\">\u0106wicz przed lustrem, a zobaczysz, jak nied\u0142ugo zachwycona b\u0119dzie Twoja publiczno\u015b\u0107!<\/span><\/p>\n<p style=\"text-align: center;\"><span style=\"font-size: 12pt; font-family: arial, helvetica, sans-serif;\"><iframe loading=\"lazy\" src=\"\/\/www.youtube.com\/embed\/AoY7ibZJqpY\" width=\"425\" height=\"350\"><\/iframe><\/span><\/p>\n<p style=\"text-align: center;\"><strong><span style=\"font-size: 12pt; font-family: arial, helvetica, sans-serif;\">&#8211; bez manipulacji;<\/span><\/strong><\/p>\n<p style=\"text-align: center;\"><strong><span style=\"font-size: 12pt; font-family: arial, helvetica, sans-serif;\">&#8211; trzymasz tylko o\u0142\u00f3wek i d\u0142ugopis w r\u0119kach;<\/span><\/strong><\/p>\n<p style=\"text-align: center;\"><strong><span style=\"font-size: 12pt; font-family: arial, helvetica, sans-serif;\">&#8211; idealny trick do close-up i magii ulicznej;<\/span><\/strong><\/p>\n<p style=\"text-align: center;\"><strong><span style=\"font-size: 12pt; font-family: arial, helvetica, sans-serif;\">&#8211; mo\u017cesz mie\u0107 zawsze przy sobie<\/span><\/strong><\/p>\n<p style=\"text-align: center;\"><strong><span style=\"font-size: 12pt; font-family: arial, helvetica, sans-serif;\">&#8211; w zestawie wszystko, czego potrzebujesz do wykonania tego tricku.<\/span><\/strong><\/p>\n<p style=\"text-align: center;\">\u00a0<\/p>\n<p style=\"text-align: center;\"><strong><span style=\"font-size: 12pt; font-family: arial, helvetica, sans-serif;\">Polecamy,<\/span><\/strong><\/p>\n<p style=\"text-align: center;\"><strong><span style=\"font-size: 12pt; font-family: arial, helvetica, sans-serif;\">magiiik.pl<\/span><\/strong><\/p>\n<p>\u00a0<\/p>\n","protected":false},"excerpt":{"rendered":"<p><strong>Pen OR Pencil by Mickael Chatelain<\/strong><\/p>\n","protected":false},"featured_media":9374,"comment_status":"closed","ping_status":"open","template":"","meta":[],"product_brand":[],"product_cat":[53],"product_tag":[],"class_list":{"0":"post-9373","1":"product","2":"type-product","3":"status-publish","4":"has-post-thumbnail","6":"product_cat-mikro-iluzja-close-up","8":"first","9":"instock","10":"purchasable","11":"product-type-simple"},"_links":{"self":[{"href":"https:\/\/magiiik.netstory.com.pl\/index.php?rest_route=\/wp\/v2\/product\/9373","targetHints":{"allow":["GET"]}}],"collection":[{"href":"https:\/\/magiiik.netstory.com.pl\/index.php?rest_route=\/wp\/v2\/product"}],"about":[{"href":"https:\/\/magiiik.netstory.com.pl\/index.php?rest_route=\/wp\/v2\/types\/product"}],"replies":[{"embeddable":true,"href":"https:\/\/magiiik.netstory.com.pl\/index.php?rest_route=%2Fwp%2Fv2%2Fcomments&post=9373"}],"wp:featuredmedia":[{"embeddable":true,"href":"https:\/\/magiiik.netstory.com.pl\/index.php?rest_route=\/wp\/v2\/media\/9374"}],"wp:attachment":[{"href":"https:\/\/magiiik.netstory.com.pl\/index.php?rest_route=%2Fwp%2Fv2%2Fmedia&parent=9373"}],"wp:term":[{"taxonomy":"product_brand","embeddable":true,"href":"https:\/\/magiiik.netstory.com.pl\/index.php?rest_route=%2Fwp%2Fv2%2Fproduct_brand&post=9373"},{"taxonomy":"product_cat","embeddable":true,"href":"https:\/\/magiiik.netstory.com.pl\/index.php?rest_route=%2Fwp%2Fv2%2Fproduct_cat&post=9373"},{"taxonomy":"product_tag","embeddable":true,"href":"https:\/\/magiiik.netstory.com.pl\/index.php?rest_route=%2Fwp%2Fv2%2Fproduct_tag&post=9373"}],"curies":[{"name":"wp","href":"https:\/\/api.w.org\/{rel}","templated":true}]}}