{"id":9319,"date":"2025-09-19T13:24:17","date_gmt":"2025-09-19T11:24:17","guid":{"rendered":"https:\/\/magiiik.netstory.com.pl\/produkt\/vulcan-by-romanos-and-magictao-video-download\/"},"modified":"2025-09-19T13:24:24","modified_gmt":"2025-09-19T11:24:24","slug":"vulcan-by-romanos-and-magictao-video-download","status":"publish","type":"product","link":"https:\/\/magiiik.netstory.com.pl\/?product=vulcan-by-romanos-and-magictao-video-download","title":{"rendered":"Vulcan by Romanos and MagicTao (video download)"},"content":{"rendered":"<p style=\"text-align: center;\"><span style=\"font-size: 12pt; font-family: arial, helvetica, sans-serif;\">Mo\u017cliwo\u015bci zaginania metalu za pomoc\u0105 si\u0142y umys\u0142u fascynowa\u0142y ludzi od pocz\u0105tku 1970 roku, gdy izraelska uczona, <strong>Uri Geller<\/strong> wykaza\u0142a jego niesamowite zdolno\u015bci.<\/span><\/p>\n<p style=\"text-align: center;\"><span style=\"font-size: 12pt; font-family: arial, helvetica, sans-serif;\">To video do pobrania nauczy Ci\u0119, jak zgina\u0107 metalowe przedmioty, gdziekolwiek b\u0119dziesz, pozostawiaj\u0105c publiczno\u015b\u0107 w szoku i zdumieniu Twoimi paranormalnymi zdolno\u015bciami!<\/span><\/p>\n<p style=\"text-align: center;\"><span style=\"font-size: 12pt; font-family: arial, helvetica, sans-serif;\">Poznasz ca\u0142\u0105 rutyn\u0105 zginania metalowej \u0142y\u017cki w interakcji z widzami, kt\u00f3rzy ujrz\u0105 zginaj\u0105c\u0105 si\u0119 \u0142y\u017ck\u0119 na Twojej d\u0142oni! <strong>Romanos<\/strong> prezentuje t\u0105 metod\u0119 od wielu lat na scenie, w close-up, a nawet w programach telewizyjnych. Dowiesz si\u0119 r\u00f3wnie\u017c, jak zgina\u0107 monety widz\u00f3w na wiele r\u00f3\u017cnych sposob\u00f3w.<\/span><\/p>\n<p style=\"text-align: center;\"><iframe loading=\"lazy\" src=\"\/\/www.youtube.com\/embed\/FW_XdpxAhxQ\" width=\"425\" height=\"350\"><\/iframe><\/p>\n<p style=\"text-align: center;\"><strong><span style=\"font-size: 12pt; font-family: arial, helvetica, sans-serif;\">Polecamy,<\/span><\/strong><\/p>\n<p style=\"text-align: center;\"><strong><span style=\"font-size: 12pt; font-family: arial, helvetica, sans-serif;\">magiiik.pl<\/span><\/strong><\/p>\n","protected":false},"excerpt":{"rendered":"<p><strong>Vulcan by Romanos and MagicTao (video download)<\/strong><\/p>\n","protected":false},"featured_media":9320,"comment_status":"closed","ping_status":"open","template":"","meta":[],"product_brand":[],"product_cat":[55],"product_tag":[],"class_list":{"0":"post-9319","1":"product","2":"type-product","3":"status-publish","4":"has-post-thumbnail","6":"product_cat-ksiazki-dvd-download-downloads","8":"first","9":"instock","10":"purchasable","11":"product-type-simple"},"_links":{"self":[{"href":"https:\/\/magiiik.netstory.com.pl\/index.php?rest_route=\/wp\/v2\/product\/9319","targetHints":{"allow":["GET"]}}],"collection":[{"href":"https:\/\/magiiik.netstory.com.pl\/index.php?rest_route=\/wp\/v2\/product"}],"about":[{"href":"https:\/\/magiiik.netstory.com.pl\/index.php?rest_route=\/wp\/v2\/types\/product"}],"replies":[{"embeddable":true,"href":"https:\/\/magiiik.netstory.com.pl\/index.php?rest_route=%2Fwp%2Fv2%2Fcomments&post=9319"}],"wp:featuredmedia":[{"embeddable":true,"href":"https:\/\/magiiik.netstory.com.pl\/index.php?rest_route=\/wp\/v2\/media\/9320"}],"wp:attachment":[{"href":"https:\/\/magiiik.netstory.com.pl\/index.php?rest_route=%2Fwp%2Fv2%2Fmedia&parent=9319"}],"wp:term":[{"taxonomy":"product_brand","embeddable":true,"href":"https:\/\/magiiik.netstory.com.pl\/index.php?rest_route=%2Fwp%2Fv2%2Fproduct_brand&post=9319"},{"taxonomy":"product_cat","embeddable":true,"href":"https:\/\/magiiik.netstory.com.pl\/index.php?rest_route=%2Fwp%2Fv2%2Fproduct_cat&post=9319"},{"taxonomy":"product_tag","embeddable":true,"href":"https:\/\/magiiik.netstory.com.pl\/index.php?rest_route=%2Fwp%2Fv2%2Fproduct_tag&post=9319"}],"curies":[{"name":"wp","href":"https:\/\/api.w.org\/{rel}","templated":true}]}}