{"id":9317,"date":"2025-09-19T13:24:17","date_gmt":"2025-09-19T11:24:17","guid":{"rendered":"https:\/\/magiiik.netstory.com.pl\/produkt\/numbers-by-rus-andrews-and-magictao-vidoe-download\/"},"modified":"2025-09-19T13:24:24","modified_gmt":"2025-09-19T11:24:24","slug":"numbers-by-rus-andrews-and-magictao-vidoe-download","status":"publish","type":"product","link":"https:\/\/magiiik.netstory.com.pl\/?product=numbers-by-rus-andrews-and-magictao-vidoe-download","title":{"rendered":"Numbers by Rus Andrews and MagicTao (vidoe download)"},"content":{"rendered":"<p><span style=\"font-size: 12pt; font-family: arial, helvetica, sans-serif;\">Iluzjonista wr\u0119cza widzowi przepowiedni\u0119 i prosi, aby ten schowa\u0142 j\u0105 do kieszeni. Teraz daje mu tali\u0119 kart i prosi o podanie dwucyfrowej liczby.\u00a0<\/span><\/p>\n<p><span style=\"font-size: 12pt; font-family: arial, helvetica, sans-serif;\">Po sprawdzeniu, \u017ce talia kart to zwyk\u0142a talia kart, magik prosi widza, aby ten wy\u0142o\u017cy\u0142 podan\u0105 liczb\u0119 kart na st\u00f3\u0142. Jak si\u0119 okazuje ostatnia karta to ta sama karta, kt\u00f3ra jest w przepowiedni!<\/span><\/p>\n<p>\u00a0<\/p>\n<p style=\"text-align: center;\"><span style=\"font-size: 12pt; font-family: arial, helvetica, sans-serif;\"><iframe loading=\"lazy\" src=\"\/\/www.youtube.com\/embed\/tJkdP4oYsAk\" width=\"425\" height=\"350\"><\/iframe><\/span><\/p>\n<p>\u00a0<\/p>\n<p style=\"text-align: center;\"><strong><span style=\"font-size: 12pt; font-family: arial, helvetica, sans-serif;\">To video do pobrania zawiera r\u00f3wnie\u017c plik PDF, kt\u00f3ry dodatkowo zawiera a\u017c 10 r\u00f3\u017cnych procedur wykonania tego tricku!<\/span><\/strong><\/p>\n<p>\u00a0<\/p>\n<p><span style=\"font-size: 12pt; font-family: arial, helvetica, sans-serif;\">&#8211; jedna prosta przepowiednia!<\/span><\/p>\n<p><span style=\"font-size: 12pt; font-family: arial, helvetica, sans-serif;\">&#8211; tylko jedna koperta!<\/span><\/p>\n<p><span style=\"font-size: 12pt; font-family: arial, helvetica, sans-serif;\">&#8211; tylko jedna talia kart!<\/span><\/p>\n<p><span style=\"font-size: 12pt; font-family: arial, helvetica, sans-serif;\">&#8211; brak specjalistycznych kart!<\/span><\/p>\n<p><span style=\"font-size: 12pt; font-family: arial, helvetica, sans-serif;\">&#8211; brak &#8222;przymusowego wyboru&#8221;!<\/span><\/p>\n<p><span style=\"font-size: 12pt; font-family: arial, helvetica, sans-serif;\">&#8211; talia jest sprawdzona wcze\u015bniej!<\/span><\/p>\n<p>\u00a0<\/p>\n<p><strong><span style=\"font-size: 12pt; font-family: arial, helvetica, sans-serif;\">Polecamy,<\/span><\/strong><\/p>\n<p><strong><span style=\"font-size: 12pt; font-family: arial, helvetica, sans-serif;\">magiiik.pl<\/span><\/strong><\/p>\n","protected":false},"excerpt":{"rendered":"<p><strong>Numbers by Rus Andrews and MagicTao (vidoe download)<\/strong><\/p>\n","protected":false},"featured_media":9318,"comment_status":"closed","ping_status":"open","template":"","meta":[],"product_brand":[],"product_cat":[55],"product_tag":[],"class_list":{"0":"post-9317","1":"product","2":"type-product","3":"status-publish","4":"has-post-thumbnail","6":"product_cat-ksiazki-dvd-download-downloads","8":"first","9":"instock","10":"purchasable","11":"product-type-simple"},"_links":{"self":[{"href":"https:\/\/magiiik.netstory.com.pl\/index.php?rest_route=\/wp\/v2\/product\/9317","targetHints":{"allow":["GET"]}}],"collection":[{"href":"https:\/\/magiiik.netstory.com.pl\/index.php?rest_route=\/wp\/v2\/product"}],"about":[{"href":"https:\/\/magiiik.netstory.com.pl\/index.php?rest_route=\/wp\/v2\/types\/product"}],"replies":[{"embeddable":true,"href":"https:\/\/magiiik.netstory.com.pl\/index.php?rest_route=%2Fwp%2Fv2%2Fcomments&post=9317"}],"wp:featuredmedia":[{"embeddable":true,"href":"https:\/\/magiiik.netstory.com.pl\/index.php?rest_route=\/wp\/v2\/media\/9318"}],"wp:attachment":[{"href":"https:\/\/magiiik.netstory.com.pl\/index.php?rest_route=%2Fwp%2Fv2%2Fmedia&parent=9317"}],"wp:term":[{"taxonomy":"product_brand","embeddable":true,"href":"https:\/\/magiiik.netstory.com.pl\/index.php?rest_route=%2Fwp%2Fv2%2Fproduct_brand&post=9317"},{"taxonomy":"product_cat","embeddable":true,"href":"https:\/\/magiiik.netstory.com.pl\/index.php?rest_route=%2Fwp%2Fv2%2Fproduct_cat&post=9317"},{"taxonomy":"product_tag","embeddable":true,"href":"https:\/\/magiiik.netstory.com.pl\/index.php?rest_route=%2Fwp%2Fv2%2Fproduct_tag&post=9317"}],"curies":[{"name":"wp","href":"https:\/\/api.w.org\/{rel}","templated":true}]}}