{"id":9289,"date":"2025-09-19T13:23:41","date_gmt":"2025-09-19T11:23:41","guid":{"rendered":"https:\/\/magiiik.netstory.com.pl\/produkt\/corner-by-thomas-riboulet-video-download\/"},"modified":"2025-09-19T13:24:10","modified_gmt":"2025-09-19T11:24:10","slug":"corner-by-thomas-riboulet-video-download","status":"publish","type":"product","link":"https:\/\/magiiik.netstory.com.pl\/?product=corner-by-thomas-riboulet-video-download","title":{"rendered":"Corner by Thomas Riboulet (video DOWNLOAD)"},"content":{"rendered":"<p><span style=\"font-size: 12pt; font-family: arial, helvetica, sans-serif;\"><strong>Corner<\/strong> to rutyna, kt\u00f3ra pozwala na wykonanie niezwyk\u0142ego efektu magicznego &#8211; oddarty r\u00f3g wybranej przez widza karty zostaje przywr\u00f3cony!<\/span><\/p>\n<p><span style=\"font-size: 12pt; font-family: arial, helvetica, sans-serif;\">Widz wybiera kart\u0119 i podpisuje j\u0105 w rogu. Ro\u017cek karty jest oddzierany i trzymany w d\u0142oni widza. Nast\u0119pnie inny widz podpisuje bia\u0142\u0105 kart\u0119 i r\u00f3wnie\u017c odrywa jej r\u00f3g. Teraz oderwany ro\u017cek z podpisem zostaje przy\u0142o\u017cony do podpisanej karty i w magiczny spos\u00f3b \u0142\u0105czy si\u0119! Kart\u0119 mo\u017cesz da\u0107 widzowi na pami\u0105tk\u0119.<\/span><\/p>\n<p>\u00a0<\/p>\n<p><span style=\"font-size: 12pt; font-family: arial, helvetica, sans-serif;\"><iframe loading=\"lazy\" src=\"\/\/www.youtube.com\/embed\/0AOq2hlZXe0\" width=\"425\" height=\"350\"><\/iframe><\/span><\/p>\n<p>\u00a0<\/p>\n<p>\u00a0<\/p>\n<p><iframe loading=\"lazy\" src=\"\/\/www.youtube.com\/embed\/BoHFOGFBrJ8\" width=\"425\" height=\"350\"><\/iframe><\/p>\n<p>\u00a0<\/p>\n<p><span style=\"font-size: 12pt; font-family: arial, helvetica, sans-serif;\">&#8211; sztuczka \u0142atwa do wykonania;<\/span><\/p>\n<p><span style=\"font-size: 12pt; font-family: arial, helvetica, sans-serif;\">&#8211; bardzo mocny, silny efekt;<\/span><\/p>\n<p><span style=\"font-size: 12pt; font-family: arial, helvetica, sans-serif;\">&#8211; wszystko jest w pe\u0142ni do skontrolowania przez widz\u00f3w;<\/span><\/p>\n<p><span style=\"font-size: 12pt; font-family: arial, helvetica, sans-serif;\">&#8211; brak specjalnych atrament\u00f3w, klej\u00f3w itd.;<\/span><\/p>\n<p><span style=\"font-size: 12pt; font-family: arial, helvetica, sans-serif;\">&#8211; trick idealny na ulic\u0119, czy close-up.<\/span><\/p>\n<p>\u00a0<\/p>\n<p><strong><span style=\"font-size: 12pt; font-family: arial, helvetica, sans-serif;\">Polecamy,<\/span><\/strong><\/p>\n<p><strong><span style=\"font-size: 12pt; font-family: arial, helvetica, sans-serif;\">magiiik.pl<\/span><\/strong><\/p>\n","protected":false},"excerpt":{"rendered":"<p><strong>Corner by Thomas Riboulet (video DOWNLOAD)<\/strong><\/p>\n","protected":false},"featured_media":9290,"comment_status":"closed","ping_status":"open","template":"","meta":[],"product_brand":[],"product_cat":[55],"product_tag":[],"class_list":{"0":"post-9289","1":"product","2":"type-product","3":"status-publish","4":"has-post-thumbnail","6":"product_cat-ksiazki-dvd-download-downloads","8":"first","9":"instock","10":"purchasable","11":"product-type-simple"},"_links":{"self":[{"href":"https:\/\/magiiik.netstory.com.pl\/index.php?rest_route=\/wp\/v2\/product\/9289","targetHints":{"allow":["GET"]}}],"collection":[{"href":"https:\/\/magiiik.netstory.com.pl\/index.php?rest_route=\/wp\/v2\/product"}],"about":[{"href":"https:\/\/magiiik.netstory.com.pl\/index.php?rest_route=\/wp\/v2\/types\/product"}],"replies":[{"embeddable":true,"href":"https:\/\/magiiik.netstory.com.pl\/index.php?rest_route=%2Fwp%2Fv2%2Fcomments&post=9289"}],"wp:featuredmedia":[{"embeddable":true,"href":"https:\/\/magiiik.netstory.com.pl\/index.php?rest_route=\/wp\/v2\/media\/9290"}],"wp:attachment":[{"href":"https:\/\/magiiik.netstory.com.pl\/index.php?rest_route=%2Fwp%2Fv2%2Fmedia&parent=9289"}],"wp:term":[{"taxonomy":"product_brand","embeddable":true,"href":"https:\/\/magiiik.netstory.com.pl\/index.php?rest_route=%2Fwp%2Fv2%2Fproduct_brand&post=9289"},{"taxonomy":"product_cat","embeddable":true,"href":"https:\/\/magiiik.netstory.com.pl\/index.php?rest_route=%2Fwp%2Fv2%2Fproduct_cat&post=9289"},{"taxonomy":"product_tag","embeddable":true,"href":"https:\/\/magiiik.netstory.com.pl\/index.php?rest_route=%2Fwp%2Fv2%2Fproduct_tag&post=9289"}],"curies":[{"name":"wp","href":"https:\/\/api.w.org\/{rel}","templated":true}]}}