{"id":9285,"date":"2025-09-19T13:23:41","date_gmt":"2025-09-19T11:23:41","guid":{"rendered":"https:\/\/magiiik.netstory.com.pl\/produkt\/3-dean-trilogy-by-dean-dill-video-download\/"},"modified":"2025-09-19T13:24:06","modified_gmt":"2025-09-19T11:24:06","slug":"3-dean-trilogy-by-dean-dill-video-download","status":"publish","type":"product","link":"https:\/\/magiiik.netstory.com.pl\/?product=3-dean-trilogy-by-dean-dill-video-download","title":{"rendered":"3-Dean Trilogy by Dean Dill (video download)"},"content":{"rendered":"<p><strong><span style=\"font-size: 12pt; font-family: arial, helvetica, sans-serif;\">Najbardziej strze\u017cona magiczna tajemnica<\/span><\/strong><\/p>\n<p><span style=\"font-size: 12pt; font-family: arial, helvetica, sans-serif;\">Po prawie dwu dekadach magicznych przyg\u00f3d, <strong>Dean<\/strong> zn\u00f3w dzieli si\u0119 swoimi najlepszymi materia\u0142ami ze swojego repertuaru. On jest nie tylko wspania\u0142ym artyst\u0105 mikro magii, ale r\u00f3wnie\u017c po\u017c\u0105danym nauczycielem i wyk\u0142adowc\u0105. Wyk\u0142ada\u0142 dla takich mistrz\u00f3w, jak <strong>David Copperfield<\/strong>, czy <strong>Johnny Carson<\/strong>.<\/span><\/p>\n<p><strong><span style=\"font-size: 12pt; font-family: arial, helvetica, sans-serif;\">VOLUME I<\/span><\/strong><\/p>\n<p><span style=\"font-size: 12pt; font-family: arial, helvetica, sans-serif;\">Ten tom zawiera jedne z najbardziej wyrafinowanych i innowacyjnych trick\u00f3w z monetami. <strong>Dean<\/strong> starannie wyja\u015bnia ka\u017cd\u0105 technik\u0119. Ka\u017cda z nich jest na wag\u0119 z\u0142ota!<\/span><\/p>\n<p><span style=\"font-size: 12pt; font-family: arial, helvetica, sans-serif;\"><strong style=\"color: #444444; font-size: 13px; font-family: Arial, sans-serif;\">EFFEKTY<\/strong><\/span><\/p>\n<ul style=\"color: #444444; font-size: 13px; font-family: Arial, sans-serif;\">\n<li><span style=\"font-size: 12pt; font-family: arial, helvetica, sans-serif;\">New Simple MATRIX<\/span><\/li>\n<li><span style=\"font-size: 12pt; font-family: arial, helvetica, sans-serif;\">Simple MATRIX Backfire<\/span><\/li>\n<li><span style=\"font-size: 12pt; font-family: arial, helvetica, sans-serif;\">Chink-A-Dink<\/span><\/li>\n<li><span style=\"font-size: 12pt; font-family: arial, helvetica, sans-serif;\">No Extras<\/span><\/li>\n<li><span style=\"font-size: 12pt; font-family: arial, helvetica, sans-serif;\">4-2-2<\/span><\/li>\n<li><span style=\"font-size: 12pt; font-family: arial, helvetica, sans-serif;\">Coins, Glass &amp; Silk<\/span><\/li>\n<li><span style=\"font-size: 12pt; font-family: arial, helvetica, sans-serif;\">X-Plosion<\/span><\/li>\n<\/ul>\n<p><strong><span style=\"font-size: 12pt; font-family: arial, helvetica, sans-serif;\">VOLUME II<\/span><\/strong><\/p>\n<p><span style=\"font-size: 12pt; font-family: arial, helvetica, sans-serif;\">Ten tom to zbi\u00f3r kilku najwi\u0119kszych efekt\u00f3w wizualnych z close-up. Poznasz efekty z kartami, monetami, ko\u015b\u0107mi itd.\u00a0<\/span><\/p>\n<p><span style=\"font-size: 12pt; font-family: arial, helvetica, sans-serif;\"><strong style=\"color: #444444; font-size: 13px; font-family: Arial, sans-serif;\">EFFEKTY<\/strong><\/span><\/p>\n<ul style=\"color: #444444; font-size: 13px; font-family: Arial, sans-serif;\">\n<li><span style=\"font-size: 12pt; font-family: arial, helvetica, sans-serif;\">DO or 'Dice&#8217;<\/span><\/li>\n<li><span style=\"font-size: 12pt; font-family: arial, helvetica, sans-serif;\">Pennies from Heaven<\/span><\/li>\n<li><span style=\"font-size: 12pt; font-family: arial, helvetica, sans-serif;\">Jamie&#8217;s Trick<\/span><\/li>\n<li><span style=\"font-size: 12pt; font-family: arial, helvetica, sans-serif;\">Plastrik Card<\/span><\/li>\n<li><span style=\"font-size: 12pt; font-family: arial, helvetica, sans-serif;\">Plastrik Coin<\/span><\/li>\n<li><span style=\"font-size: 12pt; font-family: arial, helvetica, sans-serif;\">Doug&#8217;s Favorite &amp; Beyond<\/span><\/li>\n<li><span style=\"font-size: 12pt; font-family: arial, helvetica, sans-serif;\">Sweet &amp; Dough<\/span><\/li>\n<li><span style=\"font-size: 12pt; font-family: arial, helvetica, sans-serif;\">Hart&#8217;s Link<\/span><\/li>\n<\/ul>\n<p><strong><span style=\"font-size: 12pt; font-family: arial, helvetica, sans-serif;\">VOLUME III<\/span><\/strong><\/p>\n<p><span style=\"font-size: 12pt; font-family: arial, helvetica, sans-serif;\"><strong>Dean<\/strong> prezentuje tutaj 9 nowych trick\u00f3w, w tym kilka nowych niuans\u00f3w przy efekcie MATRIX.\u00a0<\/span><\/p>\n<p><span style=\"font-size: 12pt; font-family: arial, helvetica, sans-serif;\"><strong style=\"color: #444444; font-size: 13px; font-family: Arial, sans-serif;\">EFFEKTY<\/strong><\/span><\/p>\n<ul style=\"color: #444444; font-size: 13px; font-family: Arial, sans-serif;\">\n<li><span style=\"font-size: 12pt; font-family: arial, helvetica, sans-serif;\">Call Shot<\/span><\/li>\n<li><span style=\"font-size: 12pt; font-family: arial, helvetica, sans-serif;\">Trans-Mission-Impossible<\/span><\/li>\n<li><span style=\"font-size: 12pt; font-family: arial, helvetica, sans-serif;\">Journey MATRIX<\/span><\/li>\n<li><span style=\"font-size: 12pt; font-family: arial, helvetica, sans-serif;\">Journey MATRIX backfire<\/span><\/li>\n<li><span style=\"font-size: 12pt; font-family: arial, helvetica, sans-serif;\">Coins through Table<\/span><\/li>\n<li><span style=\"font-size: 12pt; font-family: arial, helvetica, sans-serif;\">Dinner Napkin<\/span><\/li>\n<li><span style=\"font-size: 12pt; font-family: arial, helvetica, sans-serif;\">Roths-child<\/span><\/li>\n<li><span style=\"font-size: 12pt; font-family: arial, helvetica, sans-serif;\">Peter Mal&#8217;s Brainstorm<\/span><\/li>\n<li><span style=\"font-size: 12pt; font-family: arial, helvetica, sans-serif;\">Now, sit back and enjoy<\/span><\/li>\n<\/ul>\n<p><span style=\"font-size: 12pt; font-family: arial, helvetica, sans-serif;\"><iframe loading=\"lazy\" src=\"\/\/www.youtube.com\/embed\/h1U2unsToRA\" width=\"425\" height=\"350\"><\/iframe><\/span><\/p>\n<p><strong><span style=\"font-size: 12pt; font-family: arial, helvetica, sans-serif;\">Polecamy,<\/span><\/strong><\/p>\n<p><strong><span style=\"font-size: 12pt; font-family: arial, helvetica, sans-serif;\">magiiik.pl<\/span><\/strong><\/p>\n","protected":false},"excerpt":{"rendered":"<p><strong>3-Dean Trilogy by Dean Dill (video download)<\/strong><\/p>\n","protected":false},"featured_media":9286,"comment_status":"closed","ping_status":"open","template":"","meta":[],"product_brand":[],"product_cat":[55],"product_tag":[],"class_list":{"0":"post-9285","1":"product","2":"type-product","3":"status-publish","4":"has-post-thumbnail","6":"product_cat-ksiazki-dvd-download-downloads","8":"first","9":"instock","10":"purchasable","11":"product-type-simple"},"_links":{"self":[{"href":"https:\/\/magiiik.netstory.com.pl\/index.php?rest_route=\/wp\/v2\/product\/9285","targetHints":{"allow":["GET"]}}],"collection":[{"href":"https:\/\/magiiik.netstory.com.pl\/index.php?rest_route=\/wp\/v2\/product"}],"about":[{"href":"https:\/\/magiiik.netstory.com.pl\/index.php?rest_route=\/wp\/v2\/types\/product"}],"replies":[{"embeddable":true,"href":"https:\/\/magiiik.netstory.com.pl\/index.php?rest_route=%2Fwp%2Fv2%2Fcomments&post=9285"}],"wp:featuredmedia":[{"embeddable":true,"href":"https:\/\/magiiik.netstory.com.pl\/index.php?rest_route=\/wp\/v2\/media\/9286"}],"wp:attachment":[{"href":"https:\/\/magiiik.netstory.com.pl\/index.php?rest_route=%2Fwp%2Fv2%2Fmedia&parent=9285"}],"wp:term":[{"taxonomy":"product_brand","embeddable":true,"href":"https:\/\/magiiik.netstory.com.pl\/index.php?rest_route=%2Fwp%2Fv2%2Fproduct_brand&post=9285"},{"taxonomy":"product_cat","embeddable":true,"href":"https:\/\/magiiik.netstory.com.pl\/index.php?rest_route=%2Fwp%2Fv2%2Fproduct_cat&post=9285"},{"taxonomy":"product_tag","embeddable":true,"href":"https:\/\/magiiik.netstory.com.pl\/index.php?rest_route=%2Fwp%2Fv2%2Fproduct_tag&post=9285"}],"curies":[{"name":"wp","href":"https:\/\/api.w.org\/{rel}","templated":true}]}}