{"id":9275,"date":"2025-09-19T13:23:41","date_gmt":"2025-09-19T11:23:41","guid":{"rendered":"https:\/\/magiiik.netstory.com.pl\/produkt\/extreme-dean-2-dean-dill-video-download\/"},"modified":"2025-09-19T13:23:56","modified_gmt":"2025-09-19T11:23:56","slug":"extreme-dean-2-dean-dill-video-download","status":"publish","type":"product","link":"https:\/\/magiiik.netstory.com.pl\/?product=extreme-dean-2-dean-dill-video-download","title":{"rendered":"Extreme Dean #2 Dean Dill (video DOWNLOAD)"},"content":{"rendered":"<p style=\"font-size: 12px; font-family: Tahoma, Arial, sans-serif;\"><span style=\"font-size: 12pt; font-family: arial, helvetica, sans-serif;\"><strong>Dean Dill<\/strong>\u00a0by\u0142 bardzo zaj\u0119ty w ci\u0105gu ostatnich czterech lat. Przez dwie dekady zabawia\u0142 i czarowa\u0142 jako jeden z najlepszych magik\u00f3w w trickach z monetami!<\/span><\/p>\n<p style=\"font-size: 12px; font-family: Tahoma, Arial, sans-serif;\"><span style=\"font-size: 12pt; font-family: arial, helvetica, sans-serif;\">Jest nie tylko wspania\u0142ym iluzjonist\u0105 w close-up, ale r\u00f3wnie\u017c po\u017c\u0105danym nauczycielem i konsultantem. Wyk\u0142ada\u0142 dla takich ludzi jak chocia\u017cby\u00a0<strong>David Copperfield<\/strong>, czy\u00a0<strong>Johnny Carson<\/strong>.<\/span><\/p>\n<p style=\"font-size: 12px; font-family: Tahoma, Arial, sans-serif;\">\u00a0<\/p>\n<p style=\"font-size: 12px; font-family: Tahoma, Arial, sans-serif;\">\u00a0<\/p>\n<p style=\"color: #444444; font-size: 13px; font-family: Arial, sans-serif;\"><span style=\"font-size: 12pt; font-family: arial, helvetica, sans-serif;\"><strong>Effects Include:<\/strong><\/span><\/p>\n<p style=\"font-size: 12px; font-family: Tahoma, Arial, sans-serif;\">\u00a0<\/p>\n<ul style=\"color: #444444; font-size: 13px; font-family: Arial, sans-serif;\">\n<li><span style=\"font-size: 12pt; font-family: arial, helvetica, sans-serif;\">No Extra&#8217;s<\/span><\/li>\n<li><span style=\"font-size: 12pt; font-family: arial, helvetica, sans-serif;\">No Extra&#8217;s Instant Assembly<\/span><\/li>\n<li><span style=\"font-size: 12pt; font-family: arial, helvetica, sans-serif;\">Coins, Glass, &amp; Silk<\/span><\/li>\n<li><span style=\"font-size: 12pt; font-family: arial, helvetica, sans-serif;\">The Power of 3<\/span><\/li>\n<li><span style=\"font-size: 12pt; font-family: arial, helvetica, sans-serif;\">81 Cents<\/span><\/li>\n<li><span style=\"font-size: 12pt; font-family: arial, helvetica, sans-serif;\">Translocated<\/span><\/li>\n<li><span style=\"font-size: 12pt; font-family: arial, helvetica, sans-serif;\">Coins Thru Table<\/span><\/li>\n<li><span style=\"font-size: 12pt; font-family: arial, helvetica, sans-serif;\">The Tonight Show Matrix<\/span><\/li>\n<\/ul>\n<p style=\"font-size: 12px; font-family: Tahoma, Arial, sans-serif;\">\u00a0<\/p>\n<p style=\"color: #444444; font-size: 13px; font-family: Arial, sans-serif;\"><span style=\"font-size: 12pt; font-family: arial, helvetica, sans-serif;\"><strong>Coin Sleights:<\/strong><\/span><\/p>\n<p style=\"font-size: 12px; font-family: Tahoma, Arial, sans-serif;\">\u00a0<\/p>\n<ul style=\"color: #444444; font-size: 13px; font-family: Arial, sans-serif;\">\n<li><span style=\"font-size: 12pt; font-family: arial, helvetica, sans-serif;\">Heel Clip<\/span><\/li>\n<li><span style=\"font-size: 12pt; font-family: arial, helvetica, sans-serif;\">Purse Palm<\/span><\/li>\n<li><span style=\"font-size: 12pt; font-family: arial, helvetica, sans-serif;\">Finger Palm<\/span><\/li>\n<li><span style=\"font-size: 12pt; font-family: arial, helvetica, sans-serif;\">Thumb Palm<\/span><\/li>\n<li><span style=\"font-size: 12pt; font-family: arial, helvetica, sans-serif;\">Dill Displacement<\/span><\/li>\n<li><span style=\"font-size: 12pt; font-family: arial, helvetica, sans-serif;\">Paul Harris Steal<\/span><\/li>\n<li><span style=\"font-size: 12pt; font-family: arial, helvetica, sans-serif;\">Al Schneider Steal<\/span><\/li>\n<\/ul>\n<p style=\"font-size: 12px; font-family: Tahoma, Arial, sans-serif;\">\u00a0<\/p>\n<p style=\"color: #444444; font-size: 13px; font-family: Arial, sans-serif;\"><span style=\"font-size: 12pt; font-family: arial, helvetica, sans-serif;\"><strong>Bonus!!!<\/strong><\/span><\/p>\n<p style=\"font-size: 12px; font-family: Tahoma, Arial, sans-serif;\">\u00a0<\/p>\n<ul style=\"color: #444444; font-size: 13px; font-family: Arial, sans-serif;\">\n<li><span style=\"font-size: 12pt; font-family: arial, helvetica, sans-serif;\">Dean&#8217;s Photo Album<\/span><\/li>\n<li><span style=\"font-size: 12pt; font-family: arial, helvetica, sans-serif;\">Overhead view explanations<\/span><\/li>\n<li><span style=\"font-size: 12pt; font-family: arial, helvetica, sans-serif;\">Dean&#8217;s Box Demo<\/span><\/li>\n<\/ul>\n<p><strong><span style=\"font-size: 12pt; font-family: arial, helvetica, sans-serif;\">Polecamy,<\/span><\/strong><\/p>\n<p><strong><span style=\"font-size: 12pt; font-family: arial, helvetica, sans-serif;\">magiiik.pl<\/span><\/strong><\/p>\n<p style=\"font-size: 12px; font-family: Tahoma, Arial, sans-serif;\">\u00a0<\/p>\n<p style=\"font-size: 12px; font-family: Tahoma, Arial, sans-serif;\">\u00a0<\/p>\n","protected":false},"excerpt":{"rendered":"<p><strong>Extreme Dean #2 Dean Dill (video DOWNLOAD)<\/strong><\/p>\n","protected":false},"featured_media":9276,"comment_status":"closed","ping_status":"open","template":"","meta":[],"product_brand":[],"product_cat":[55],"product_tag":[],"class_list":{"0":"post-9275","1":"product","2":"type-product","3":"status-publish","4":"has-post-thumbnail","6":"product_cat-ksiazki-dvd-download-downloads","8":"first","9":"instock","10":"purchasable","11":"product-type-simple"},"_links":{"self":[{"href":"https:\/\/magiiik.netstory.com.pl\/index.php?rest_route=\/wp\/v2\/product\/9275","targetHints":{"allow":["GET"]}}],"collection":[{"href":"https:\/\/magiiik.netstory.com.pl\/index.php?rest_route=\/wp\/v2\/product"}],"about":[{"href":"https:\/\/magiiik.netstory.com.pl\/index.php?rest_route=\/wp\/v2\/types\/product"}],"replies":[{"embeddable":true,"href":"https:\/\/magiiik.netstory.com.pl\/index.php?rest_route=%2Fwp%2Fv2%2Fcomments&post=9275"}],"wp:featuredmedia":[{"embeddable":true,"href":"https:\/\/magiiik.netstory.com.pl\/index.php?rest_route=\/wp\/v2\/media\/9276"}],"wp:attachment":[{"href":"https:\/\/magiiik.netstory.com.pl\/index.php?rest_route=%2Fwp%2Fv2%2Fmedia&parent=9275"}],"wp:term":[{"taxonomy":"product_brand","embeddable":true,"href":"https:\/\/magiiik.netstory.com.pl\/index.php?rest_route=%2Fwp%2Fv2%2Fproduct_brand&post=9275"},{"taxonomy":"product_cat","embeddable":true,"href":"https:\/\/magiiik.netstory.com.pl\/index.php?rest_route=%2Fwp%2Fv2%2Fproduct_cat&post=9275"},{"taxonomy":"product_tag","embeddable":true,"href":"https:\/\/magiiik.netstory.com.pl\/index.php?rest_route=%2Fwp%2Fv2%2Fproduct_tag&post=9275"}],"curies":[{"name":"wp","href":"https:\/\/api.w.org\/{rel}","templated":true}]}}