{"id":9273,"date":"2025-09-19T13:23:41","date_gmt":"2025-09-19T11:23:41","guid":{"rendered":"https:\/\/magiiik.netstory.com.pl\/produkt\/extreme-dean-1-by-dean-dill-video-download\/"},"modified":"2025-09-19T13:23:49","modified_gmt":"2025-09-19T11:23:49","slug":"extreme-dean-1-by-dean-dill-video-download","status":"publish","type":"product","link":"https:\/\/magiiik.netstory.com.pl\/?product=extreme-dean-1-by-dean-dill-video-download","title":{"rendered":"Extreme Dean #1 by Dean Dill (video DOWNLOAD)"},"content":{"rendered":"<p><span style=\"font-size: 12pt; font-family: arial, helvetica, sans-serif;\"><strong>Dean Dill<\/strong> by\u0142 bardzo zaj\u0119ty w ci\u0105gu ostatnich czterech lat. Przez dwie dekady zabawia\u0142 i czarowa\u0142 jako jeden z najlepszych magik\u00f3w w trickach z monetami!<\/span><\/p>\n<p><span style=\"font-size: 12pt; font-family: arial, helvetica, sans-serif;\">Jest nie tylko wspania\u0142ym iluzjonist\u0105 w close-up, ale r\u00f3wnie\u017c po\u017c\u0105danym nauczycielem i konsultantem. Wyk\u0142ada\u0142 dla takich ludzi jak chocia\u017cby <strong>David Copperfield<\/strong>, czy <strong>Johnny Carson<\/strong>.<\/span><\/p>\n<p style=\"color: #444444; font-size: 13px; font-family: Arial, sans-serif;\">\u00a0<\/p>\n<p style=\"color: #444444; font-size: 13px; font-family: Arial, sans-serif;\"><span style=\"font-size: 12pt; font-family: arial, helvetica, sans-serif;\"><strong>Effects Include:<\/strong><\/span><\/p>\n<ul style=\"color: #444444; font-size: 13px; font-family: Arial, sans-serif;\">\n<li><span style=\"font-size: 12pt; font-family: arial, helvetica, sans-serif;\">Call Shot<\/span><\/li>\n<li><span style=\"font-size: 12pt; font-family: arial, helvetica, sans-serif;\">Call Shot Instant<\/span><\/li>\n<li><span style=\"font-size: 12pt; font-family: arial, helvetica, sans-serif;\">Isolation<\/span><\/li>\n<li><span style=\"font-size: 12pt; font-family: arial, helvetica, sans-serif;\">The Dinner Napkin Pt. 1<\/span><\/li>\n<li><span style=\"font-size: 12pt; font-family: arial, helvetica, sans-serif;\">The Dinner Napkin Pt. 2<\/span><\/li>\n<li><span style=\"font-size: 12pt; font-family: arial, helvetica, sans-serif;\">Vanishing Matrix<\/span><\/li>\n<li><span style=\"font-size: 12pt; font-family: arial, helvetica, sans-serif;\">Swirl Assembly<\/span><\/li>\n<li><span style=\"font-size: 12pt; font-family: arial, helvetica, sans-serif;\">Simple Matrix with Backfire<\/span><\/li>\n<\/ul>\n<p style=\"color: #444444; font-size: 13px; font-family: Arial, sans-serif;\"><span style=\"font-size: 12pt; font-family: arial, helvetica, sans-serif;\"><strong>Coin Sleights:<\/strong><\/span><\/p>\n<ul style=\"color: #444444; font-size: 13px; font-family: Arial, sans-serif;\">\n<li><span style=\"font-size: 12pt; font-family: arial, helvetica, sans-serif;\">Heel Clip<\/span><\/li>\n<li><span style=\"font-size: 12pt; font-family: arial, helvetica, sans-serif;\">Purse Palm<\/span><\/li>\n<li><span style=\"font-size: 12pt; font-family: arial, helvetica, sans-serif;\">Dill Displacement<\/span><\/li>\n<li><span style=\"font-size: 12pt; font-family: arial, helvetica, sans-serif;\">Paul Harris Steal<\/span><\/li>\n<li><span style=\"font-size: 12pt; font-family: arial, helvetica, sans-serif;\">Fingertip Rest<\/span><\/li>\n<li><span style=\"font-size: 12pt; font-family: arial, helvetica, sans-serif;\">Retention Vanish<\/span><\/li>\n<li><span style=\"font-size: 12pt; font-family: arial, helvetica, sans-serif;\">Twirl Load<\/span><\/li>\n<\/ul>\n<p style=\"color: #444444; font-size: 13px; font-family: Arial, sans-serif;\"><span style=\"font-size: 12pt; font-family: arial, helvetica, sans-serif;\"><strong>Bonus!!!<\/strong><\/span><\/p>\n<ul style=\"color: #444444; font-size: 13px; font-family: Arial, sans-serif;\">\n<li><span style=\"font-size: 12pt; font-family: arial, helvetica, sans-serif;\">Dean&#8217;s &#8222;Tonight Show&#8221; appearance<\/span><\/li>\n<li><span style=\"font-size: 12pt; font-family: arial, helvetica, sans-serif;\">Overhead view explanations<\/span><\/li>\n<li><span style=\"font-size: 12pt; font-family: arial, helvetica, sans-serif;\">Explosion Demo<\/span><\/li>\n<\/ul>\n<p><strong><span style=\"font-size: 12pt; font-family: arial, helvetica, sans-serif;\">Polecamy,<\/span><\/strong><\/p>\n<p><strong><span style=\"font-size: 12pt; font-family: arial, helvetica, sans-serif;\">magiiik.pl<\/span><\/strong><\/p>\n","protected":false},"excerpt":{"rendered":"<p><strong>Extreme Dean #1 by Dean Dill (video DOWNLOAD)<\/strong><\/p>\n","protected":false},"featured_media":9274,"comment_status":"closed","ping_status":"open","template":"","meta":[],"product_brand":[],"product_cat":[55],"product_tag":[],"class_list":{"0":"post-9273","1":"product","2":"type-product","3":"status-publish","4":"has-post-thumbnail","6":"product_cat-ksiazki-dvd-download-downloads","8":"first","9":"instock","10":"purchasable","11":"product-type-simple"},"_links":{"self":[{"href":"https:\/\/magiiik.netstory.com.pl\/index.php?rest_route=\/wp\/v2\/product\/9273","targetHints":{"allow":["GET"]}}],"collection":[{"href":"https:\/\/magiiik.netstory.com.pl\/index.php?rest_route=\/wp\/v2\/product"}],"about":[{"href":"https:\/\/magiiik.netstory.com.pl\/index.php?rest_route=\/wp\/v2\/types\/product"}],"replies":[{"embeddable":true,"href":"https:\/\/magiiik.netstory.com.pl\/index.php?rest_route=%2Fwp%2Fv2%2Fcomments&post=9273"}],"wp:featuredmedia":[{"embeddable":true,"href":"https:\/\/magiiik.netstory.com.pl\/index.php?rest_route=\/wp\/v2\/media\/9274"}],"wp:attachment":[{"href":"https:\/\/magiiik.netstory.com.pl\/index.php?rest_route=%2Fwp%2Fv2%2Fmedia&parent=9273"}],"wp:term":[{"taxonomy":"product_brand","embeddable":true,"href":"https:\/\/magiiik.netstory.com.pl\/index.php?rest_route=%2Fwp%2Fv2%2Fproduct_brand&post=9273"},{"taxonomy":"product_cat","embeddable":true,"href":"https:\/\/magiiik.netstory.com.pl\/index.php?rest_route=%2Fwp%2Fv2%2Fproduct_cat&post=9273"},{"taxonomy":"product_tag","embeddable":true,"href":"https:\/\/magiiik.netstory.com.pl\/index.php?rest_route=%2Fwp%2Fv2%2Fproduct_tag&post=9273"}],"curies":[{"name":"wp","href":"https:\/\/api.w.org\/{rel}","templated":true}]}}