{"id":9246,"date":"2025-09-19T13:23:19","date_gmt":"2025-09-19T11:23:19","guid":{"rendered":"https:\/\/magiiik.netstory.com.pl\/produkt\/under-the-roof-by-sergey-koller-video-download\/"},"modified":"2025-09-19T13:23:34","modified_gmt":"2025-09-19T11:23:34","slug":"under-the-roof-by-sergey-koller-video-download","status":"publish","type":"product","link":"https:\/\/magiiik.netstory.com.pl\/?product=under-the-roof-by-sergey-koller-video-download","title":{"rendered":"Under The Roof by Sergey Koller (video download)"},"content":{"rendered":"<p><span style=\"font-size: 12pt; font-family: arial, helvetica, sans-serif;\"><strong>Under The Roof<\/strong> to siedem efekt\u00f3w wizualnych opartych na jednej technice.<\/span><\/p>\n<p><span style=\"font-size: 12pt; font-family: arial, helvetica, sans-serif;\">Naucz si\u0119 tych niesamowitych efekt\u00f3w i zabawiaj swoj\u0105 publiczno\u015b\u0107!<\/span><\/p>\n<p><span style=\"font-size: 12pt; font-family: arial, helvetica, sans-serif;\"><iframe loading=\"lazy\" src=\"\/\/www.youtube.com\/embed\/FgxGpnZEnLI\" width=\"425\" height=\"350\"><\/iframe><\/span><\/p>\n<p><span style=\"font-size: 12pt; font-family: arial, helvetica, sans-serif;\">Z tego video nauczysz si\u0119:<\/span><\/p>\n<p><span style=\"color: #444444; font-size: 12pt; font-family: arial, helvetica, sans-serif;\">1. BASIC Under The Roof color change<\/span><br style=\"color: #444444; font-size: 13px; font-family: Arial, sans-serif;\" \/><span style=\"color: #444444; font-size: 12pt; font-family: arial, helvetica, sans-serif;\">2. Transposition<\/span><br style=\"color: #444444; font-size: 13px; font-family: Arial, sans-serif;\" \/><span style=\"color: #444444; font-size: 12pt; font-family: arial, helvetica, sans-serif;\">3. Color change the deck<\/span><br style=\"color: #444444; font-size: 13px; font-family: Arial, sans-serif;\" \/><span style=\"color: #444444; font-size: 12pt; font-family: arial, helvetica, sans-serif;\">4. Two versions of production card from fan<\/span><br style=\"color: #444444; font-size: 13px; font-family: Arial, sans-serif;\" \/><span style=\"color: #444444; font-size: 12pt; font-family: arial, helvetica, sans-serif;\">5. Revers change<\/span><br style=\"color: #444444; font-size: 13px; font-family: Arial, sans-serif;\" \/><span style=\"color: #444444; font-size: 12pt; font-family: arial, helvetica, sans-serif;\">6. Control to the top or the bottom<\/span><br style=\"color: #444444; font-size: 13px; font-family: Arial, sans-serif;\" \/><span style=\"color: #444444; font-size: 12pt; font-family: arial, helvetica, sans-serif;\">7. Palm from the centre<\/span><\/p>\n<p><strong><span style=\"font-size: 12pt; font-family: arial, helvetica, sans-serif;\">Polecamy,<\/span><\/strong><\/p>\n<p><strong><span style=\"font-size: 12pt; font-family: arial, helvetica, sans-serif;\">magiiik.pl<\/span><\/strong><\/p>\n","protected":false},"excerpt":{"rendered":"<p><strong>Under The Roof by Sergey Koller (video download)<\/strong><\/p>\n","protected":false},"featured_media":9247,"comment_status":"closed","ping_status":"open","template":"","meta":[],"product_brand":[],"product_cat":[55],"product_tag":[],"class_list":{"0":"post-9246","1":"product","2":"type-product","3":"status-publish","4":"has-post-thumbnail","6":"product_cat-ksiazki-dvd-download-downloads","8":"first","9":"instock","10":"purchasable","11":"product-type-simple"},"_links":{"self":[{"href":"https:\/\/magiiik.netstory.com.pl\/index.php?rest_route=\/wp\/v2\/product\/9246","targetHints":{"allow":["GET"]}}],"collection":[{"href":"https:\/\/magiiik.netstory.com.pl\/index.php?rest_route=\/wp\/v2\/product"}],"about":[{"href":"https:\/\/magiiik.netstory.com.pl\/index.php?rest_route=\/wp\/v2\/types\/product"}],"replies":[{"embeddable":true,"href":"https:\/\/magiiik.netstory.com.pl\/index.php?rest_route=%2Fwp%2Fv2%2Fcomments&post=9246"}],"wp:featuredmedia":[{"embeddable":true,"href":"https:\/\/magiiik.netstory.com.pl\/index.php?rest_route=\/wp\/v2\/media\/9247"}],"wp:attachment":[{"href":"https:\/\/magiiik.netstory.com.pl\/index.php?rest_route=%2Fwp%2Fv2%2Fmedia&parent=9246"}],"wp:term":[{"taxonomy":"product_brand","embeddable":true,"href":"https:\/\/magiiik.netstory.com.pl\/index.php?rest_route=%2Fwp%2Fv2%2Fproduct_brand&post=9246"},{"taxonomy":"product_cat","embeddable":true,"href":"https:\/\/magiiik.netstory.com.pl\/index.php?rest_route=%2Fwp%2Fv2%2Fproduct_cat&post=9246"},{"taxonomy":"product_tag","embeddable":true,"href":"https:\/\/magiiik.netstory.com.pl\/index.php?rest_route=%2Fwp%2Fv2%2Fproduct_tag&post=9246"}],"curies":[{"name":"wp","href":"https:\/\/api.w.org\/{rel}","templated":true}]}}