{"id":9239,"date":"2025-09-19T13:23:19","date_gmt":"2025-09-19T11:23:19","guid":{"rendered":"https:\/\/magiiik.netstory.com.pl\/produkt\/gimmickless-invisible-deck-by-darryl-davis-video-download\/"},"modified":"2025-09-19T13:23:31","modified_gmt":"2025-09-19T11:23:31","slug":"gimmickless-invisible-deck-by-darryl-davis-video-download","status":"publish","type":"product","link":"https:\/\/magiiik.netstory.com.pl\/?product=gimmickless-invisible-deck-by-darryl-davis-video-download","title":{"rendered":"Gimmickless Invisible Deck by Darryl Davis (video DOWNLOAD)"},"content":{"rendered":"<p style=\"text-align: center;\"><span style=\"font-size: 12pt; font-family: arial, helvetica, sans-serif;\">Klasyczny <strong>Invisible Deck<\/strong> jest okrzykni\u0119ty przez wielu iluzjonist\u00f3w jako najlepsza karciana sztuczka na \u015bwiecie!\u00a0<\/span><\/p>\n<p style=\"text-align: center;\"><span style=\"font-size: 12pt; font-family: arial, helvetica, sans-serif;\"><strong>Darryl Davis<\/strong> przemieni\u0142 t\u0119 ponadczasow\u0105 klasyk\u0119, dzi\u0119ki czemu mo\u017cesz wykona\u0107 ten trick przy u\u017cyciu standardowej talii kart, nawet po\u017cyczonej! <\/span><\/p>\n<p style=\"text-align: center;\"><span style=\"font-size: 12pt; font-family: arial, helvetica, sans-serif;\">Porzu\u0107 swoj\u0105 &#8222;gimmickow\u0105&#8221; tali\u0119, kup to video, a <strong>Darryl<\/strong> nauczy Ci\u0119, jak wykona\u0107 ten legendarny efekt w prosty spos\u00f3b!<\/span><\/p>\n<p style=\"text-align: center;\"><span style=\"font-size: 12pt; font-family: arial, helvetica, sans-serif;\">Nie mo\u017cesz wykona\u0107 <strong>Invisible Deck<\/strong> na po\u017cyczonej talii kart&#8230;? Teraz ju\u017c mo\u017cesz! Nigdy dot\u0105d nie by\u0142o to takie proste!<\/span><\/p>\n<p style=\"text-align: center;\"><span style=\"font-size: 12pt; font-family: arial, helvetica, sans-serif;\"><iframe loading=\"lazy\" src=\"\/\/www.youtube.com\/embed\/eaWZak8Av_A\" width=\"425\" height=\"350\"><\/iframe><\/span><\/p>\n<p style=\"text-align: center;\">\u00a0<\/p>\n<p style=\"text-align: center;\"><span style=\"font-size: 12pt; font-family: arial, helvetica, sans-serif;\">&#8211; bez gimmicku;<\/span><\/p>\n<p style=\"text-align: center;\"><span style=\"font-size: 12pt; font-family: arial, helvetica, sans-serif;\">&#8211; \u0142atwe na nauczenia i wykonania;<\/span><\/p>\n<p style=\"text-align: center;\"><span style=\"font-size: 12pt; font-family: arial, helvetica, sans-serif;\">&#8211; wykonaj na po\u017cyczonej talii kart;<\/span><\/p>\n<p style=\"text-align: center;\"><span style=\"font-size: 12pt; font-family: arial, helvetica, sans-serif;\">&#8211; ponad godzinna szczeg\u00f3\u0142owa instrukcja.<\/span><\/p>\n<p style=\"text-align: center;\"><strong><span style=\"font-size: 12pt; font-family: arial, helvetica, sans-serif;\">PRODUKT POSIADA CERTYFIKAT &#8222;<a href=\"\/pl\/c\/BLACK-LABEL\/95\">BLACK LABEL<\/a>&#8222;<\/span><\/strong><\/p>\n<p style=\"text-align: center;\">\u00a0<\/p>\n<p style=\"text-align: center;\"><strong><span style=\"font-size: 12pt; font-family: arial, helvetica, sans-serif;\">Polecamy,<\/span><\/strong><\/p>\n<p style=\"text-align: center;\"><strong><span style=\"font-size: 12pt; font-family: arial, helvetica, sans-serif;\">magiiik.pl<\/span><\/strong><\/p>\n","protected":false},"excerpt":{"rendered":"<p><strong>Gimmickless Invisible Deck by Darryl Davis (video DOWNLOAD)<\/strong><\/p>\n","protected":false},"featured_media":9240,"comment_status":"closed","ping_status":"open","template":"","meta":[],"product_brand":[],"product_cat":[55],"product_tag":[],"class_list":{"0":"post-9239","1":"product","2":"type-product","3":"status-publish","4":"has-post-thumbnail","6":"product_cat-ksiazki-dvd-download-downloads","8":"first","9":"instock","10":"purchasable","11":"product-type-simple"},"_links":{"self":[{"href":"https:\/\/magiiik.netstory.com.pl\/index.php?rest_route=\/wp\/v2\/product\/9239","targetHints":{"allow":["GET"]}}],"collection":[{"href":"https:\/\/magiiik.netstory.com.pl\/index.php?rest_route=\/wp\/v2\/product"}],"about":[{"href":"https:\/\/magiiik.netstory.com.pl\/index.php?rest_route=\/wp\/v2\/types\/product"}],"replies":[{"embeddable":true,"href":"https:\/\/magiiik.netstory.com.pl\/index.php?rest_route=%2Fwp%2Fv2%2Fcomments&post=9239"}],"wp:featuredmedia":[{"embeddable":true,"href":"https:\/\/magiiik.netstory.com.pl\/index.php?rest_route=\/wp\/v2\/media\/9240"}],"wp:attachment":[{"href":"https:\/\/magiiik.netstory.com.pl\/index.php?rest_route=%2Fwp%2Fv2%2Fmedia&parent=9239"}],"wp:term":[{"taxonomy":"product_brand","embeddable":true,"href":"https:\/\/magiiik.netstory.com.pl\/index.php?rest_route=%2Fwp%2Fv2%2Fproduct_brand&post=9239"},{"taxonomy":"product_cat","embeddable":true,"href":"https:\/\/magiiik.netstory.com.pl\/index.php?rest_route=%2Fwp%2Fv2%2Fproduct_cat&post=9239"},{"taxonomy":"product_tag","embeddable":true,"href":"https:\/\/magiiik.netstory.com.pl\/index.php?rest_route=%2Fwp%2Fv2%2Fproduct_tag&post=9239"}],"curies":[{"name":"wp","href":"https:\/\/api.w.org\/{rel}","templated":true}]}}