{"id":9235,"date":"2025-09-19T13:23:19","date_gmt":"2025-09-19T11:23:19","guid":{"rendered":"https:\/\/magiiik.netstory.com.pl\/produkt\/timing-is-everything-by-tony-clark-video-download\/"},"modified":"2025-09-19T13:23:29","modified_gmt":"2025-09-19T11:23:29","slug":"timing-is-everything-by-tony-clark-video-download","status":"publish","type":"product","link":"https:\/\/magiiik.netstory.com.pl\/?product=timing-is-everything-by-tony-clark-video-download","title":{"rendered":"Timing Is Everything by Tony Clark (video DOWNLOAD)"},"content":{"rendered":"<p style=\"text-align: center;\"><span style=\"font-size: 12pt; font-family: arial, helvetica, sans-serif;\">\u015awiatowej s\u0142awy magik, <strong>Tony Clark<\/strong>, jako ostatni ucze\u0144 <strong>Mistrza Slydini<\/strong> prezentuje niezwyk\u0142e tricki z close-up, stand-up i iluzji scenicznej, dzieli si\u0119 swoimi do\u015bwiadczeniami, wyja\u015bnia i pokazuje r\u00f3\u017cne procedury wykonywania trick\u00f3w.\u00a0<\/span><\/p>\n<p style=\"text-align: left;\"><strong><span style=\"font-size: 12pt; font-family: arial, helvetica, sans-serif;\">EFEKTY:<\/span><\/strong><\/p>\n<ul style=\"color: #444444; font-size: 13px; font-family: Arial, sans-serif; text-align: left;\">\n<li><span style=\"font-size: 12pt; font-family: arial, helvetica, sans-serif;\">Jumbo Coin Routine<\/span><\/li>\n<li><span style=\"font-size: 12pt; font-family: arial, helvetica, sans-serif;\">Knife Swallowing<\/span><\/li>\n<li><span style=\"font-size: 12pt; font-family: arial, helvetica, sans-serif;\">Helicopter Card<\/span><\/li>\n<li><span style=\"font-size: 12pt; font-family: arial, helvetica, sans-serif;\">Coins Through Table Routine\u00a0<\/span><br \/><span style=\"font-size: 12pt; font-family: arial, helvetica, sans-serif;\">(Coins Through Table, Wrong Way Coins, Coins Across, The one Coin Routine)<\/span><\/li>\n<li><span style=\"font-size: 12pt; font-family: arial, helvetica, sans-serif;\">Homing Matches<\/span><\/li>\n<li><span style=\"font-size: 12pt; font-family: arial, helvetica, sans-serif;\">Sweet Return<\/span><\/li>\n<li><span style=\"font-size: 12pt; font-family: arial, helvetica, sans-serif;\">Paper Balls &amp; Rings in Box<\/span><\/li>\n<\/ul>\n<p style=\"text-align: left;\"><strong><span style=\"font-size: 12pt; font-family: arial, helvetica, sans-serif;\">PREZENTACJA:<\/span><\/strong><\/p>\n<ul style=\"color: #444444; font-size: 13px; font-family: Arial, sans-serif; text-align: left;\">\n<li><span style=\"font-size: 12pt; font-family: arial, helvetica, sans-serif;\">Slydini&#8217;s Revolve Vanish<\/span><\/li>\n<li><span style=\"font-size: 12pt; font-family: arial, helvetica, sans-serif;\">Imp-Pass move<\/span><\/li>\n<li><span style=\"font-size: 12pt; font-family: arial, helvetica, sans-serif;\">Lapping Techniques<\/span><\/li>\n<li><span style=\"font-size: 12pt; font-family: arial, helvetica, sans-serif;\">Curled Wrist Techniques<\/span><\/li>\n<li><span style=\"font-size: 12pt; font-family: arial, helvetica, sans-serif;\">Pivot Vanish<\/span><\/li>\n<li><span style=\"font-size: 12pt; font-family: arial, helvetica, sans-serif;\">Horizontal Pivot Transfer<\/span><\/li>\n<li><span style=\"font-size: 12pt; font-family: arial, helvetica, sans-serif;\">Melt Away Vanish<\/span><\/li>\n<li><span style=\"font-size: 12pt; font-family: arial, helvetica, sans-serif;\">Table Top Change<\/span><\/li>\n<\/ul>\n<p style=\"text-align: left;\"><strong><span style=\"font-size: 12pt; font-family: arial, helvetica, sans-serif;\">BONUS:<\/span><\/strong><\/p>\n<ul style=\"color: #444444; font-size: 13px; font-family: Arial, sans-serif; text-align: left;\">\n<li><span style=\"font-size: 12pt; font-family: arial, helvetica, sans-serif;\">Slydini Photo Album<\/span><\/li>\n<li><span style=\"font-size: 12pt; font-family: arial, helvetica, sans-serif;\">Slydini Television Appearance<\/span><\/li>\n<li><span style=\"font-size: 12pt; font-family: arial, helvetica, sans-serif;\">Slydini &#8222;Touch of Life&#8221;<\/span><\/li>\n<\/ul>\n<p style=\"text-align: left;\"><strong><span style=\"font-size: 12pt; font-family: arial, helvetica, sans-serif;\">Polecamy,<\/span><\/strong><\/p>\n<p style=\"text-align: left;\"><strong><span style=\"font-size: 12pt; font-family: arial, helvetica, sans-serif;\">magiiik.pl<\/span><\/strong><\/p>\n","protected":false},"excerpt":{"rendered":"<p><strong>Timing Is Everything by Tony Clark (video DOWNLOAD)<\/strong><\/p>\n","protected":false},"featured_media":9236,"comment_status":"closed","ping_status":"open","template":"","meta":[],"product_brand":[],"product_cat":[55],"product_tag":[],"class_list":{"0":"post-9235","1":"product","2":"type-product","3":"status-publish","4":"has-post-thumbnail","6":"product_cat-ksiazki-dvd-download-downloads","8":"first","9":"instock","10":"purchasable","11":"product-type-simple"},"_links":{"self":[{"href":"https:\/\/magiiik.netstory.com.pl\/index.php?rest_route=\/wp\/v2\/product\/9235","targetHints":{"allow":["GET"]}}],"collection":[{"href":"https:\/\/magiiik.netstory.com.pl\/index.php?rest_route=\/wp\/v2\/product"}],"about":[{"href":"https:\/\/magiiik.netstory.com.pl\/index.php?rest_route=\/wp\/v2\/types\/product"}],"replies":[{"embeddable":true,"href":"https:\/\/magiiik.netstory.com.pl\/index.php?rest_route=%2Fwp%2Fv2%2Fcomments&post=9235"}],"wp:featuredmedia":[{"embeddable":true,"href":"https:\/\/magiiik.netstory.com.pl\/index.php?rest_route=\/wp\/v2\/media\/9236"}],"wp:attachment":[{"href":"https:\/\/magiiik.netstory.com.pl\/index.php?rest_route=%2Fwp%2Fv2%2Fmedia&parent=9235"}],"wp:term":[{"taxonomy":"product_brand","embeddable":true,"href":"https:\/\/magiiik.netstory.com.pl\/index.php?rest_route=%2Fwp%2Fv2%2Fproduct_brand&post=9235"},{"taxonomy":"product_cat","embeddable":true,"href":"https:\/\/magiiik.netstory.com.pl\/index.php?rest_route=%2Fwp%2Fv2%2Fproduct_cat&post=9235"},{"taxonomy":"product_tag","embeddable":true,"href":"https:\/\/magiiik.netstory.com.pl\/index.php?rest_route=%2Fwp%2Fv2%2Fproduct_tag&post=9235"}],"curies":[{"name":"wp","href":"https:\/\/api.w.org\/{rel}","templated":true}]}}