{"id":9227,"date":"2025-09-19T13:23:19","date_gmt":"2025-09-19T11:23:19","guid":{"rendered":"https:\/\/magiiik.netstory.com.pl\/produkt\/paper-balls-and-rings-by-tony-clark-video-download\/"},"modified":"2025-09-19T13:23:26","modified_gmt":"2025-09-19T11:23:26","slug":"paper-balls-and-rings-by-tony-clark-video-download","status":"publish","type":"product","link":"https:\/\/magiiik.netstory.com.pl\/?product=paper-balls-and-rings-by-tony-clark-video-download","title":{"rendered":"Paper Balls and Rings by Tony Clark (video DOWNLOAD)"},"content":{"rendered":"<p style=\"text-align: center;\"><strong><span style=\"font-size: 12pt; font-family: arial, helvetica, sans-serif;\">Nareszcie! Po wielu latach ci\u0105g\u0142ych pr\u00f3\u015bb ta rutyna jest dost\u0119pna!<\/span><\/strong><\/p>\n<p style=\"text-align: center;\"><span style=\"font-size: 12pt; font-family: arial, helvetica, sans-serif;\">To trick, kt\u00f3ry zadziwia widz\u00f3w od lat! <strong>Tony Clark<\/strong> po\u017cycza z widowni 3 pier\u015bcionki, kt\u00f3re po kolei owija w bibu\u0142\u0119 i tworzy z nich papierowe kulki, kt\u00f3re z magiczny spos\u00f3b znikaj\u0105 i przenikaj\u0105 do pude\u0142ka stoj\u0105cego na stole. W finale okazuje si\u0119 jednak, \u017ce pier\u015bcionki znikn\u0119\u0142y, nie ma ich w kawa\u0142kach papieru, ale za to pojawiaj\u0105 si\u0119 w zamkni\u0119tej skrzyneczce w pude\u0142ku stoj\u0105cym na stole!<\/span><\/p>\n<p style=\"text-align: center;\"><span style=\"font-size: 12pt; font-family: arial, helvetica, sans-serif;\"><iframe loading=\"lazy\" src=\"\/\/www.youtube.com\/embed\/c-PVMJM0JQY\" width=\"425\" height=\"350\"><\/iframe><\/span><\/p>\n<p style=\"text-align: center;\">\u00a0<\/p>\n<p style=\"text-align: center;\"><span style=\"font-size: 12pt; font-family: arial, helvetica, sans-serif;\">Z tym show <strong>Tony Clark<\/strong> objecha\u0142 ca\u0142y \u015bwiat. Teraz i Ty mo\u017cesz nauczy\u0107 si\u0119 tej sztuczki!<\/span><\/p>\n<p style=\"text-align: center;\"><strong><span style=\"font-size: 12pt; font-family: arial, helvetica, sans-serif;\">Polecamy,<\/span><\/strong><\/p>\n<p style=\"text-align: center;\"><strong><span style=\"font-size: 12pt; font-family: arial, helvetica, sans-serif;\">magiiik.pl<\/span><\/strong><\/p>\n<p>\u00a0<\/p>\n<p>\u00a0<\/p>\n","protected":false},"excerpt":{"rendered":"<p><strong>Paper Balls and Rings by Tony Clark (video DOWNLOAD)<\/strong><\/p>\n","protected":false},"featured_media":9228,"comment_status":"closed","ping_status":"open","template":"","meta":[],"product_brand":[],"product_cat":[55],"product_tag":[],"class_list":{"0":"post-9227","1":"product","2":"type-product","3":"status-publish","4":"has-post-thumbnail","6":"product_cat-ksiazki-dvd-download-downloads","8":"first","9":"instock","10":"purchasable","11":"product-type-simple"},"_links":{"self":[{"href":"https:\/\/magiiik.netstory.com.pl\/index.php?rest_route=\/wp\/v2\/product\/9227","targetHints":{"allow":["GET"]}}],"collection":[{"href":"https:\/\/magiiik.netstory.com.pl\/index.php?rest_route=\/wp\/v2\/product"}],"about":[{"href":"https:\/\/magiiik.netstory.com.pl\/index.php?rest_route=\/wp\/v2\/types\/product"}],"replies":[{"embeddable":true,"href":"https:\/\/magiiik.netstory.com.pl\/index.php?rest_route=%2Fwp%2Fv2%2Fcomments&post=9227"}],"wp:featuredmedia":[{"embeddable":true,"href":"https:\/\/magiiik.netstory.com.pl\/index.php?rest_route=\/wp\/v2\/media\/9228"}],"wp:attachment":[{"href":"https:\/\/magiiik.netstory.com.pl\/index.php?rest_route=%2Fwp%2Fv2%2Fmedia&parent=9227"}],"wp:term":[{"taxonomy":"product_brand","embeddable":true,"href":"https:\/\/magiiik.netstory.com.pl\/index.php?rest_route=%2Fwp%2Fv2%2Fproduct_brand&post=9227"},{"taxonomy":"product_cat","embeddable":true,"href":"https:\/\/magiiik.netstory.com.pl\/index.php?rest_route=%2Fwp%2Fv2%2Fproduct_cat&post=9227"},{"taxonomy":"product_tag","embeddable":true,"href":"https:\/\/magiiik.netstory.com.pl\/index.php?rest_route=%2Fwp%2Fv2%2Fproduct_tag&post=9227"}],"curies":[{"name":"wp","href":"https:\/\/api.w.org\/{rel}","templated":true}]}}