{"id":9223,"date":"2025-09-19T13:23:19","date_gmt":"2025-09-19T11:23:19","guid":{"rendered":"https:\/\/magiiik.netstory.com.pl\/produkt\/class-1-by-zihu-team-video-download\/"},"modified":"2025-09-19T13:23:25","modified_gmt":"2025-09-19T11:23:25","slug":"class-1-by-zihu-team-video-download","status":"publish","type":"product","link":"https:\/\/magiiik.netstory.com.pl\/?product=class-1-by-zihu-team-video-download","title":{"rendered":"Class 1 by ZiHu Team (video download)"},"content":{"rendered":"<p><strong><span style=\"font-size: 12pt; font-family: arial, helvetica, sans-serif;\">To trick, kt\u00f3ry sprawi, \u017ce z pewno\u015bci\u0105 b\u0119dziesz si\u0119 wyr\u00f3\u017cnia\u0142 w swojej klasie i szkole!<\/span><\/strong><\/p>\n<p><span style=\"font-size: 12pt; font-family: arial, helvetica, sans-serif;\">Jeden z najnowszych projekt\u00f3w <strong>ZiHu Team<\/strong>. Nazwali t\u0119 seri\u0119: <strong>&#8222;Projekt KLASA&#8221;<\/strong>. To seria praktycznych, \u0142atwych do wykonania trick\u00f3w magicznych. Mo\u017cna je pokazywa\u0107 na ulicy, b\u0105d\u017a chocia\u017cby w\u0142a\u015bnie w swojej klasie.<\/span><\/p>\n<p><span style=\"font-size: 12pt; font-family: arial, helvetica, sans-serif;\">Po\u017cycz d\u0142ugopis, a nast\u0119pnie zaskocz wszystkich magiczn\u0105 sztuczk\u0105! Wszystko mo\u017ce by\u0107 dok\u0142adnie zbadane przez Twoich widz\u00f3w, trick jest prosty w wykonaniu.<\/span><\/p>\n<p><span style=\"font-size: 12pt; font-family: arial, helvetica, sans-serif;\"><iframe loading=\"lazy\" src=\"\/\/www.youtube.com\/embed\/_e9wBV1wPlU\" width=\"425\" height=\"350\"><\/iframe><\/span><\/p>\n<p><span style=\"font-size: 12pt; font-family: arial, helvetica, sans-serif;\">&#8211; do wykonania w ka\u017cdej chwili, w dowolnym miejscu;<\/span><\/p>\n<p><span style=\"font-size: 12pt; font-family: arial, helvetica, sans-serif;\">&#8211; bez magnes\u00f3w, ta\u015bmy, niewidzialnej nici (wykonanie trwa ok. 30 sekund);<\/span><\/p>\n<p><span style=\"font-size: 12pt; font-family: arial, helvetica, sans-serif;\">&#8211; trick z po\u017cyczonym d\u0142ugopisem;<\/span><\/p>\n<p><span style=\"font-size: 12pt; font-family: arial, helvetica, sans-serif;\">&#8211; mo\u017cna sprawdzi\u0107 d\u0142ugopis natychmiast po wykonaniu tricku;<\/span><\/p>\n<p><span style=\"font-size: 12pt; font-family: arial, helvetica, sans-serif;\">&#8211; 14 minutowe video instrukta\u017cowe oraz plik PDF do pobrania.<\/span><\/p>\n<p>\u00a0<\/p>\n","protected":false},"excerpt":{"rendered":"<p><strong>Class 1 by ZiHu Team (video download)<\/strong><\/p>\n","protected":false},"featured_media":9224,"comment_status":"closed","ping_status":"open","template":"","meta":[],"product_brand":[],"product_cat":[55],"product_tag":[],"class_list":{"0":"post-9223","1":"product","2":"type-product","3":"status-publish","4":"has-post-thumbnail","6":"product_cat-ksiazki-dvd-download-downloads","8":"first","9":"instock","10":"purchasable","11":"product-type-simple"},"_links":{"self":[{"href":"https:\/\/magiiik.netstory.com.pl\/index.php?rest_route=\/wp\/v2\/product\/9223","targetHints":{"allow":["GET"]}}],"collection":[{"href":"https:\/\/magiiik.netstory.com.pl\/index.php?rest_route=\/wp\/v2\/product"}],"about":[{"href":"https:\/\/magiiik.netstory.com.pl\/index.php?rest_route=\/wp\/v2\/types\/product"}],"replies":[{"embeddable":true,"href":"https:\/\/magiiik.netstory.com.pl\/index.php?rest_route=%2Fwp%2Fv2%2Fcomments&post=9223"}],"wp:featuredmedia":[{"embeddable":true,"href":"https:\/\/magiiik.netstory.com.pl\/index.php?rest_route=\/wp\/v2\/media\/9224"}],"wp:attachment":[{"href":"https:\/\/magiiik.netstory.com.pl\/index.php?rest_route=%2Fwp%2Fv2%2Fmedia&parent=9223"}],"wp:term":[{"taxonomy":"product_brand","embeddable":true,"href":"https:\/\/magiiik.netstory.com.pl\/index.php?rest_route=%2Fwp%2Fv2%2Fproduct_brand&post=9223"},{"taxonomy":"product_cat","embeddable":true,"href":"https:\/\/magiiik.netstory.com.pl\/index.php?rest_route=%2Fwp%2Fv2%2Fproduct_cat&post=9223"},{"taxonomy":"product_tag","embeddable":true,"href":"https:\/\/magiiik.netstory.com.pl\/index.php?rest_route=%2Fwp%2Fv2%2Fproduct_tag&post=9223"}],"curies":[{"name":"wp","href":"https:\/\/api.w.org\/{rel}","templated":true}]}}