{"id":9193,"date":"2025-09-19T13:23:00","date_gmt":"2025-09-19T11:23:00","guid":{"rendered":"https:\/\/magiiik.netstory.com.pl\/produkt\/at-the-table-july-2015-subscription-video\/"},"modified":"2025-09-19T13:23:11","modified_gmt":"2025-09-19T11:23:11","slug":"at-the-table-july-2015-subscription-video","status":"publish","type":"product","link":"https:\/\/magiiik.netstory.com.pl\/?product=at-the-table-july-2015-subscription-video","title":{"rendered":"At The Table July 2015 Subscription Video"},"content":{"rendered":"<p style=\"text-align: center;\"><strong><span style=\"font-size: 14pt;\">Magia z Kanady!<\/span><\/strong><\/p>\n<p style=\"text-align: center;\"><span style=\"font-size: 14pt;\">Dw\u00f3ch najbardziej znanych iluzjonist\u00f3w z Kanady do\u0142\u0105czy\u0142o do <strong>At The Table<\/strong>!\u00a0<\/span><\/p>\n<p style=\"text-align: center;\"><span style=\"font-size: 14pt;\">Pierwszy z nich to \u015bwiatowej s\u0142awy mentalista i hipnotyzer, <strong>Spidey<\/strong>. B\u0119dziesz m\u00f3g\u0142 zobaczy\u0107 kilka ekskluzywnych, nigdy wcze\u015bniej nieprezentowanych efekt\u00f3w. W nast\u0119pnym odcinku zobaczysz kolejn\u0105 kanadyjsk\u0105 Super Star, <strong>Eric Leclerc<\/strong>, kt\u00f3ry przedstawi Ci swoj\u0105 iluzj\u0119 komiczn\u0105.\u00a0<\/span><\/p>\n<p style=\"text-align: center;\"><span style=\"font-size: 14pt;\">Jak zwykle b\u0119dzie to niezapomniane wydarzenie.<\/span><\/p>\n<p style=\"text-align: center;\"><strong><span style=\"font-size: 14pt;\">Polecamy,<\/span><\/strong><\/p>\n<p style=\"text-align: center;\"><strong><span style=\"font-size: 14pt;\">magiiik.pl<\/span><\/strong><\/p>\n","protected":false},"excerpt":{"rendered":"<p><strong>At The Table July 2015 Subscription Video\u00a0<\/strong><\/p>\n","protected":false},"featured_media":9194,"comment_status":"closed","ping_status":"open","template":"","meta":[],"product_brand":[],"product_cat":[50],"product_tag":[],"class_list":{"0":"post-9193","1":"product","2":"type-product","3":"status-publish","4":"has-post-thumbnail","6":"product_cat-ksiazki-dvd-download-downloads-at-the-table","8":"first","9":"instock","10":"purchasable","11":"product-type-simple"},"_links":{"self":[{"href":"https:\/\/magiiik.netstory.com.pl\/index.php?rest_route=\/wp\/v2\/product\/9193","targetHints":{"allow":["GET"]}}],"collection":[{"href":"https:\/\/magiiik.netstory.com.pl\/index.php?rest_route=\/wp\/v2\/product"}],"about":[{"href":"https:\/\/magiiik.netstory.com.pl\/index.php?rest_route=\/wp\/v2\/types\/product"}],"replies":[{"embeddable":true,"href":"https:\/\/magiiik.netstory.com.pl\/index.php?rest_route=%2Fwp%2Fv2%2Fcomments&post=9193"}],"wp:featuredmedia":[{"embeddable":true,"href":"https:\/\/magiiik.netstory.com.pl\/index.php?rest_route=\/wp\/v2\/media\/9194"}],"wp:attachment":[{"href":"https:\/\/magiiik.netstory.com.pl\/index.php?rest_route=%2Fwp%2Fv2%2Fmedia&parent=9193"}],"wp:term":[{"taxonomy":"product_brand","embeddable":true,"href":"https:\/\/magiiik.netstory.com.pl\/index.php?rest_route=%2Fwp%2Fv2%2Fproduct_brand&post=9193"},{"taxonomy":"product_cat","embeddable":true,"href":"https:\/\/magiiik.netstory.com.pl\/index.php?rest_route=%2Fwp%2Fv2%2Fproduct_cat&post=9193"},{"taxonomy":"product_tag","embeddable":true,"href":"https:\/\/magiiik.netstory.com.pl\/index.php?rest_route=%2Fwp%2Fv2%2Fproduct_tag&post=9193"}],"curies":[{"name":"wp","href":"https:\/\/api.w.org\/{rel}","templated":true}]}}