{"id":9185,"date":"2025-09-19T13:23:00","date_gmt":"2025-09-19T11:23:00","guid":{"rendered":"https:\/\/magiiik.netstory.com.pl\/produkt\/air-borne-na-wode-badz-wino\/"},"modified":"2025-09-19T13:23:08","modified_gmt":"2025-09-19T11:23:08","slug":"air-borne-na-wode-badz-wino","status":"publish","type":"product","link":"https:\/\/magiiik.netstory.com.pl\/?product=air-borne-na-wode-badz-wino","title":{"rendered":"Air Borne (na wod\u0119 b\u0105d\u017a wino)"},"content":{"rendered":"<p style=\"text-align: center;\"><span style=\"font-size: 12pt; font-family: arial, helvetica, sans-serif;\">Iluzjonista prezentuje pusty kieliszek i butelk\u0119 wody. Zaczyna wlewa\u0107 wod\u0119 do kieliszka. Podnosi butelk\u0119 coraz wy\u017cej i puszcza kieliszek, kt\u00f3ry zaczyna lewitowa\u0107, mimo \u017ce woda dalej leci!<\/span><\/p>\n<p style=\"text-align: center;\"><strong><span style=\"font-size: 12pt; font-family: arial, helvetica, sans-serif;\">W zestawie otrzymasz gimmick, plastikowy kieliszek oraz instrukcj\u0119 w j\u0119zyku angielskim.<\/span><\/strong><\/p>\n<p>\u00a0<\/p>\n<p>\u00a0<\/p>\n","protected":false},"excerpt":{"rendered":"<p><strong>Air Borne (na wod\u0119 b\u0105d\u017a wino)<\/strong><\/p>\n","protected":false},"featured_media":9186,"comment_status":"closed","ping_status":"open","template":"","meta":[],"product_brand":[],"product_cat":[45],"product_tag":[],"class_list":{"0":"post-9185","1":"product","2":"type-product","3":"status-publish","4":"has-post-thumbnail","6":"product_cat-iluzja-sceniczna-lewitacja","8":"first","9":"instock","10":"purchasable","11":"product-type-simple"},"_links":{"self":[{"href":"https:\/\/magiiik.netstory.com.pl\/index.php?rest_route=\/wp\/v2\/product\/9185","targetHints":{"allow":["GET"]}}],"collection":[{"href":"https:\/\/magiiik.netstory.com.pl\/index.php?rest_route=\/wp\/v2\/product"}],"about":[{"href":"https:\/\/magiiik.netstory.com.pl\/index.php?rest_route=\/wp\/v2\/types\/product"}],"replies":[{"embeddable":true,"href":"https:\/\/magiiik.netstory.com.pl\/index.php?rest_route=%2Fwp%2Fv2%2Fcomments&post=9185"}],"wp:featuredmedia":[{"embeddable":true,"href":"https:\/\/magiiik.netstory.com.pl\/index.php?rest_route=\/wp\/v2\/media\/9186"}],"wp:attachment":[{"href":"https:\/\/magiiik.netstory.com.pl\/index.php?rest_route=%2Fwp%2Fv2%2Fmedia&parent=9185"}],"wp:term":[{"taxonomy":"product_brand","embeddable":true,"href":"https:\/\/magiiik.netstory.com.pl\/index.php?rest_route=%2Fwp%2Fv2%2Fproduct_brand&post=9185"},{"taxonomy":"product_cat","embeddable":true,"href":"https:\/\/magiiik.netstory.com.pl\/index.php?rest_route=%2Fwp%2Fv2%2Fproduct_cat&post=9185"},{"taxonomy":"product_tag","embeddable":true,"href":"https:\/\/magiiik.netstory.com.pl\/index.php?rest_route=%2Fwp%2Fv2%2Fproduct_tag&post=9185"}],"curies":[{"name":"wp","href":"https:\/\/api.w.org\/{rel}","templated":true}]}}