{"id":9181,"date":"2025-09-19T13:23:00","date_gmt":"2025-09-19T11:23:00","guid":{"rendered":"https:\/\/magiiik.netstory.com.pl\/produkt\/magic-change-bag-zipper-velvet-torba-zamian-by-mr-magic\/"},"modified":"2025-09-19T13:23:07","modified_gmt":"2025-09-19T11:23:07","slug":"magic-change-bag-zipper-velvet-torba-zamian-by-mr-magic","status":"publish","type":"product","link":"https:\/\/magiiik.netstory.com.pl\/?product=magic-change-bag-zipper-velvet-torba-zamian-by-mr-magic","title":{"rendered":"Magic Change Bag (zipper velvet) (Torba Zamian) by Mr. Magic"},"content":{"rendered":"<p style=\"font-size: 12px; font-family: Tahoma, Arial, sans-serif; text-align: center;\"><span style=\"font-size: 14pt; font-family: arial, helvetica, sans-serif;\"><strong><span style=\"font-size: 18.6666660308838px;\">Change Bag (Torba Zamian)<\/span><\/strong>\u00a0to jedno z najwa\u017cniejszych urz\u0105dze\u0144, kt\u00f3re musi posiada\u0107 ka\u017cdy profesjonalny iluzjonista.\u00a0<\/span><\/p>\n<p style=\"font-size: 12px; font-family: Tahoma, Arial, sans-serif; text-align: center;\"><span style=\"font-size: 14pt; font-family: arial, helvetica, sans-serif;\">Ten magiiiczny worek pomo\u017ce Ci wykona\u0107 ca\u0142\u0105 mas\u0119 r\u00f3\u017cnych efekt\u00f3w, kt\u00f3re zadziwi\u0105 ka\u017cdego widza! Pojawiania si\u0119 przedmiot\u00f3w, znikanie, zamiana chustek w confetti, 4 chustek w jedn\u0105 wielk\u0105, to tylko klasyczne, podstawowe efekty, do kt\u00f3rych mo\u017cesz wykorzysta\u0107\u00a0<span style=\"font-size: 18.6666660308838px;\">Torb\u0119 Zamian<\/span>!\u00a0<\/span><\/p>\n<p style=\"font-size: 12px; font-family: Tahoma, Arial, sans-serif; text-align: center;\"><span style=\"font-size: 14pt; font-family: arial, helvetica, sans-serif;\">Dodatkow\u0105 zalet\u0105 tej torby jest ekspres na jej spodzie, dzi\u0119ki czemu mo\u017cesz otworzy\u0107 torb\u0119 i pokaza\u0107, \u017ce naprawd\u0119 w \u015brodku nic nie ma!<\/span><\/p>\n<p style=\"font-size: 12px; font-family: Tahoma, Arial, sans-serif; text-align: center;\"><strong><span style=\"font-size: 14pt; font-family: arial, helvetica, sans-serif;\">Polecamy,<\/span><\/strong><\/p>\n<p style=\"font-size: 12px; font-family: Tahoma, Arial, sans-serif; text-align: center;\"><strong><span style=\"font-size: 14pt; font-family: arial, helvetica, sans-serif;\">magiiik.pl<\/span><\/strong><\/p>\n","protected":false},"excerpt":{"rendered":"<p><strong>Magic Change Bag (zipper) by Mr. Magic<\/strong><\/p>\n","protected":false},"featured_media":9182,"comment_status":"closed","ping_status":"open","template":"","meta":[],"product_brand":[],"product_cat":[64],"product_tag":[],"class_list":{"0":"post-9181","1":"product","2":"type-product","3":"status-publish","4":"has-post-thumbnail","6":"product_cat-akcesoria-torby-zmian","8":"first","9":"instock","10":"purchasable","11":"product-type-simple"},"_links":{"self":[{"href":"https:\/\/magiiik.netstory.com.pl\/index.php?rest_route=\/wp\/v2\/product\/9181","targetHints":{"allow":["GET"]}}],"collection":[{"href":"https:\/\/magiiik.netstory.com.pl\/index.php?rest_route=\/wp\/v2\/product"}],"about":[{"href":"https:\/\/magiiik.netstory.com.pl\/index.php?rest_route=\/wp\/v2\/types\/product"}],"replies":[{"embeddable":true,"href":"https:\/\/magiiik.netstory.com.pl\/index.php?rest_route=%2Fwp%2Fv2%2Fcomments&post=9181"}],"wp:featuredmedia":[{"embeddable":true,"href":"https:\/\/magiiik.netstory.com.pl\/index.php?rest_route=\/wp\/v2\/media\/9182"}],"wp:attachment":[{"href":"https:\/\/magiiik.netstory.com.pl\/index.php?rest_route=%2Fwp%2Fv2%2Fmedia&parent=9181"}],"wp:term":[{"taxonomy":"product_brand","embeddable":true,"href":"https:\/\/magiiik.netstory.com.pl\/index.php?rest_route=%2Fwp%2Fv2%2Fproduct_brand&post=9181"},{"taxonomy":"product_cat","embeddable":true,"href":"https:\/\/magiiik.netstory.com.pl\/index.php?rest_route=%2Fwp%2Fv2%2Fproduct_cat&post=9181"},{"taxonomy":"product_tag","embeddable":true,"href":"https:\/\/magiiik.netstory.com.pl\/index.php?rest_route=%2Fwp%2Fv2%2Fproduct_tag&post=9181"}],"curies":[{"name":"wp","href":"https:\/\/api.w.org\/{rel}","templated":true}]}}