{"id":9175,"date":"2025-09-19T13:23:00","date_gmt":"2025-09-19T11:23:00","guid":{"rendered":"https:\/\/magiiik.netstory.com.pl\/produkt\/super-coke-coca-cola-polowa-by-twister-magic\/"},"modified":"2025-09-19T13:23:05","modified_gmt":"2025-09-19T11:23:05","slug":"super-coke-coca-cola-polowa-by-twister-magic","status":"publish","type":"product","link":"https:\/\/magiiik.netstory.com.pl\/?product=super-coke-coca-cola-polowa-by-twister-magic","title":{"rendered":"Super Coke (Coca Cola) (po\u0142owa) by Twister Magic"},"content":{"rendered":"<p style=\"font-size: 12px; font-family: Tahoma, Arial, sans-serif; text-align: center;\"><span style=\"font-size: 14pt; font-family: arial, helvetica, sans-serif;\">To kolejny \u015bwietny rekwizyt<span style=\"font-size: 18.6666660308838px;\">\u00a0<strong>George<\/strong><\/span>&#8217;a\u00a0<strong><span style=\"font-size: 18.6666660308838px;\">Iglesias<\/span><\/strong>&#8217;a, kt\u00f3ry prezentuje\u00a0<strong><span style=\"font-size: 18.6666660308838px;\">Twister Magic<\/span><\/strong>!<\/span><\/p>\n<p style=\"font-size: 12px; font-family: Tahoma, Arial, sans-serif; text-align: center;\"><span style=\"font-size: 14pt; font-family: arial, helvetica, sans-serif;\">Prze\u017aroczysta, pusta butelka\u00a0<span style=\"font-size: 18.6666660308838px;\">Coca Coli<\/span>, kt\u00f3ra wygl\u0105da w\u00a0<span style=\"font-size: 18.6666660308838px;\">100%<\/span>\u00a0realistycznie!<\/span><\/p>\n<p style=\"font-size: 12px; font-family: Tahoma, Arial, sans-serif; text-align: center;\"><span style=\"font-size: 14pt; font-family: arial, helvetica, sans-serif;\">Znajdziesz na niej prawdziw\u0105 etykiet\u0119<span style=\"font-size: 18.6666660308838px;\">\u00a0Coca Coli<\/span>!<\/span><\/p>\n<p style=\"font-size: 12px; font-family: Tahoma, Arial, sans-serif; text-align: center;\"><span style=\"font-size: 14pt; font-family: arial, helvetica, sans-serif;\">Mo\u017cesz j\u0105 pokaza\u0107 nawet kilka centymetr\u00f3w od oczu widz\u00f3w!\u00a0<\/span><\/p>\n<p style=\"font-size: 12px; font-family: Tahoma, Arial, sans-serif; text-align: center;\"><span style=\"font-size: 14pt; font-family: arial, helvetica, sans-serif;\">To niezwykle przydatny rekwizyt, kt\u00f3ry mo\u017cesz wykorzysta\u0107 na wiele sposob\u00f3w!<\/span><\/p>\n<p style=\"font-size: 12px; font-family: Tahoma, Arial, sans-serif; text-align: center;\"><span style=\"font-size: 14pt; font-family: arial, helvetica, sans-serif;\">Nowa linia produkt\u00f3w\u00a0<span style=\"font-size: 18.6666660308838px;\">&#8222;<strong>Super Latex<\/strong>&#8222;<\/span>\u00a0zosta\u0142a stworzona z niesamowitego materia\u0142u, kt\u00f3ry ju\u017c zrewolucjonizowa\u0142 \u015bwiat magii!<\/span><\/p>\n<p style=\"font-size: 12px; font-family: Tahoma, Arial, sans-serif; text-align: center;\"><span style=\"font-size: 14pt; font-family: arial, helvetica, sans-serif;\">Butelka, kt\u00f3ra wygl\u0105da naprawd\u0119 realistycznie i wsp\u00f3\u0142cze\u015bnie!<\/span><\/p>\n<p style=\"text-align: center;\"><iframe loading=\"lazy\" style=\"display: block; margin-left: auto; margin-right: auto;\" src=\"\/\/www.youtube.com\/embed\/w7tvGvMIFAs\" width=\"425\" height=\"350\"><\/iframe><\/p>\n<p style=\"font-size: 12px; font-family: Tahoma, Arial, sans-serif; text-align: center;\"><strong><span style=\"color: #ff0000;\"><span style=\"font-size: 14pt; font-family: arial, helvetica, sans-serif;\">UWAGA!<\/span><\/span><\/strong><\/p>\n<p style=\"font-size: 12px; font-family: Tahoma, Arial, sans-serif; text-align: center;\"><strong><span style=\"color: #ff0000;\"><span style=\"font-size: 14pt; font-family: arial, helvetica, sans-serif;\">Wysy\u0142ka tylko paczk\u0105, b\u0105d\u017a kurierem!<\/span><\/span><\/strong><\/p>\n<p style=\"font-size: 12px; font-family: Tahoma, Arial, sans-serif; text-align: center;\"><strong>\u00a0<\/strong><\/p>\n<p style=\"font-size: 12px; font-family: Tahoma, Arial, sans-serif; text-align: center;\"><strong><span style=\"font-size: 14pt; font-family: arial, helvetica, sans-serif;\">Polecamy,<\/span><\/strong><\/p>\n<p style=\"font-size: 12px; font-family: Tahoma, Arial, sans-serif; text-align: center;\"><strong><span style=\"font-size: 14pt; font-family: arial, helvetica, sans-serif;\">magiiik.pl<\/span><\/strong><\/p>\n","protected":false},"excerpt":{"rendered":"<p><strong>Super Coke (po\u0142owa) by Twister Magic\u00a0<\/strong><\/p>\n","protected":false},"featured_media":9176,"comment_status":"closed","ping_status":"open","template":"","meta":[],"product_brand":[],"product_cat":[17],"product_tag":[],"class_list":{"0":"post-9175","1":"product","2":"type-product","3":"status-publish","4":"has-post-thumbnail","6":"product_cat-iluzja-sceniczna","8":"first","9":"instock","10":"purchasable","11":"product-type-simple"},"_links":{"self":[{"href":"https:\/\/magiiik.netstory.com.pl\/index.php?rest_route=\/wp\/v2\/product\/9175","targetHints":{"allow":["GET"]}}],"collection":[{"href":"https:\/\/magiiik.netstory.com.pl\/index.php?rest_route=\/wp\/v2\/product"}],"about":[{"href":"https:\/\/magiiik.netstory.com.pl\/index.php?rest_route=\/wp\/v2\/types\/product"}],"replies":[{"embeddable":true,"href":"https:\/\/magiiik.netstory.com.pl\/index.php?rest_route=%2Fwp%2Fv2%2Fcomments&post=9175"}],"wp:featuredmedia":[{"embeddable":true,"href":"https:\/\/magiiik.netstory.com.pl\/index.php?rest_route=\/wp\/v2\/media\/9176"}],"wp:attachment":[{"href":"https:\/\/magiiik.netstory.com.pl\/index.php?rest_route=%2Fwp%2Fv2%2Fmedia&parent=9175"}],"wp:term":[{"taxonomy":"product_brand","embeddable":true,"href":"https:\/\/magiiik.netstory.com.pl\/index.php?rest_route=%2Fwp%2Fv2%2Fproduct_brand&post=9175"},{"taxonomy":"product_cat","embeddable":true,"href":"https:\/\/magiiik.netstory.com.pl\/index.php?rest_route=%2Fwp%2Fv2%2Fproduct_cat&post=9175"},{"taxonomy":"product_tag","embeddable":true,"href":"https:\/\/magiiik.netstory.com.pl\/index.php?rest_route=%2Fwp%2Fv2%2Fproduct_tag&post=9175"}],"curies":[{"name":"wp","href":"https:\/\/api.w.org\/{rel}","templated":true}]}}