{"id":9171,"date":"2025-09-19T13:23:00","date_gmt":"2025-09-19T11:23:00","guid":{"rendered":"https:\/\/magiiik.netstory.com.pl\/produkt\/diminishing-sponge-balls-by-ian-garrison\/"},"modified":"2025-09-19T13:23:05","modified_gmt":"2025-09-19T11:23:05","slug":"diminishing-sponge-balls-by-ian-garrison","status":"publish","type":"product","link":"https:\/\/magiiik.netstory.com.pl\/?product=diminishing-sponge-balls-by-ian-garrison","title":{"rendered":"Diminishing Sponge Balls by Ian Garrison"},"content":{"rendered":"<p style=\"text-align: center;\"><span style=\"font-size: 12pt; font-family: arial, helvetica, sans-serif;\"><strong>&#8222;Zmniejszanie g\u0105bczak\u00f3w&#8221;<\/strong> to trick z<strong> 1979<\/strong> roku, kt\u00f3ry otrzyma\u0142 a\u017c 4 gwiazdki w <strong>Genii magazine!<\/strong><\/span><\/p>\n<p style=\"text-align: center;\"><span style=\"font-size: 12pt; font-family: arial, helvetica, sans-serif;\"><strong>Frank Garcia<\/strong> przyzna\u0142, \u017ce by\u0142a to zupe\u0142nie nowa rutyna z g\u0105bczakami, jak\u0105 widzia\u0142 w w ca\u0142ym roku! <strong>Sam Goshman pokocha\u0142 ten trick!<\/strong><\/span><\/p>\n<p style=\"text-align: center;\"><span style=\"font-size: 12pt; font-family: arial, helvetica, sans-serif;\">W tym <strong>23 min. DVD<\/strong> poznasz kilka r\u00f3\u017cnych procedur wykonywania tego tricku.<\/span><\/p>\n<p style=\"text-align: center;\"><span style=\"font-size: 12pt; font-family: arial, helvetica, sans-serif;\">Magik pokazuje 3&#8243; g\u0105bczaka, kt\u00f3rego w wyra\u017any spos\u00f3b dzieli na dwa, dwucalowe g\u0105bczaki. Nast\u0119pnie pi\u0142eczka podzielona jest zn\u00f3w na dwie cz\u0119\u015bci, dwie 1&#8243; g\u0105bki. Malutki 1&#8243; g\u0105bczak podzielony jest na dwa p\u00f3\u0142calowe g\u0105bczaki, aby w ko\u0144cu zn\u00f3w zamieni\u0107 si\u0119 w 3&#8243; pi\u0142eczk\u0119 z g\u0105bki.<\/span><\/p>\n<p style=\"text-align: center;\"><span style=\"font-size: 12pt; font-family: arial, helvetica, sans-serif;\">Dodatkowo mo\u017cesz po\u0142\u0105czy\u0107 ten trick z innymi oraz do\u0142o\u017cy\u0107 g\u0105bczaka zaj\u0105czka, b\u0105d\u017a kwadrat (nie ma w zestawie).<\/span><\/p>\n<p style=\"text-align: center;\"><span style=\"font-size: 12pt; font-family: arial, helvetica, sans-serif;\">To by\u0142 bestseller lat 80&#8242;! Poka\u017c ten trick w nowej ods\u0142onie, nowym widzom!<\/span><\/p>\n<p style=\"text-align: center;\"><span style=\"font-size: 12pt; font-family: arial, helvetica, sans-serif;\"><iframe loading=\"lazy\" src=\"\/\/www.youtube.com\/embed\/ofexxBwlsho\" width=\"425\" height=\"350\"><\/iframe><\/span><\/p>\n<p style=\"text-align: center;\"><span style=\"font-size: 12pt; font-family: arial, helvetica, sans-serif;\">W zestawie:<\/span><\/p>\n<p style=\"text-align: center;\"><span style=\"font-size: 12pt; font-family: arial, helvetica, sans-serif;\">DVD + g\u0105bczaki: 3&#8243;, 2&#8243;, 1&#8243;, 0,5&#8243;.<\/span><\/p>\n<p style=\"text-align: center;\"><strong><span style=\"font-size: 12pt; font-family: arial, helvetica, sans-serif;\">Polecamy,<\/span><\/strong><\/p>\n<p style=\"text-align: center;\"><strong><span style=\"font-size: 12pt; font-family: arial, helvetica, sans-serif;\">magiiik.pl<\/span><\/strong><\/p>\n","protected":false},"excerpt":{"rendered":"<p><strong>Diminishing Sponge Balls by Ian Garrison\u00a0<\/strong><\/p>\n","protected":false},"featured_media":9172,"comment_status":"closed","ping_status":"open","template":"","meta":[],"product_brand":[],"product_cat":[33],"product_tag":[],"class_list":{"0":"post-9171","1":"product","2":"type-product","3":"status-publish","4":"has-post-thumbnail","6":"product_cat-akcesoria-sponge-gabczaki","8":"first","9":"instock","10":"purchasable","11":"product-type-simple"},"_links":{"self":[{"href":"https:\/\/magiiik.netstory.com.pl\/index.php?rest_route=\/wp\/v2\/product\/9171","targetHints":{"allow":["GET"]}}],"collection":[{"href":"https:\/\/magiiik.netstory.com.pl\/index.php?rest_route=\/wp\/v2\/product"}],"about":[{"href":"https:\/\/magiiik.netstory.com.pl\/index.php?rest_route=\/wp\/v2\/types\/product"}],"replies":[{"embeddable":true,"href":"https:\/\/magiiik.netstory.com.pl\/index.php?rest_route=%2Fwp%2Fv2%2Fcomments&post=9171"}],"wp:featuredmedia":[{"embeddable":true,"href":"https:\/\/magiiik.netstory.com.pl\/index.php?rest_route=\/wp\/v2\/media\/9172"}],"wp:attachment":[{"href":"https:\/\/magiiik.netstory.com.pl\/index.php?rest_route=%2Fwp%2Fv2%2Fmedia&parent=9171"}],"wp:term":[{"taxonomy":"product_brand","embeddable":true,"href":"https:\/\/magiiik.netstory.com.pl\/index.php?rest_route=%2Fwp%2Fv2%2Fproduct_brand&post=9171"},{"taxonomy":"product_cat","embeddable":true,"href":"https:\/\/magiiik.netstory.com.pl\/index.php?rest_route=%2Fwp%2Fv2%2Fproduct_cat&post=9171"},{"taxonomy":"product_tag","embeddable":true,"href":"https:\/\/magiiik.netstory.com.pl\/index.php?rest_route=%2Fwp%2Fv2%2Fproduct_tag&post=9171"}],"curies":[{"name":"wp","href":"https:\/\/api.w.org\/{rel}","templated":true}]}}