{"id":9148,"date":"2025-09-19T13:22:39","date_gmt":"2025-09-19T11:22:39","guid":{"rendered":"https:\/\/magiiik.netstory.com.pl\/produkt\/bandwidth-by-greg-wilson\/"},"modified":"2025-09-19T13:22:50","modified_gmt":"2025-09-19T11:22:50","slug":"bandwidth-by-greg-wilson","status":"publish","type":"product","link":"https:\/\/magiiik.netstory.com.pl\/?product=bandwidth-by-greg-wilson","title":{"rendered":"Bandwidth by Greg Wilson"},"content":{"rendered":"<p style=\"font-size: 12px; font-family: Tahoma, Arial, sans-serif; text-align: center;\">\u00a0<\/p>\n<p style=\"font-size: 12px; font-family: Tahoma, Arial, sans-serif; text-align: center;\">\u00a0<iframe loading=\"lazy\" src=\"\/\/www.youtube.com\/embed\/8pS3-VycesU\" width=\"425\" height=\"350\"><\/iframe>\u00a0<\/p>\n<p style=\"text-align: center;\"><span style=\"font-size: 14pt; font-family: arial, helvetica, sans-serif;\">Znany ze swojej kreatywno\u015bci i stylu <strong>Greg Wilson<\/strong> prezentuje sw\u00f3j najnowszy trick\u00a0<strong>Bandwidth<\/strong>!<\/span><\/p>\n<p style=\"text-align: center;\"><span style=\"font-size: 14pt; font-family: arial, helvetica, sans-serif;\">Po\u017cyczasz od widza obr\u0105czk\u0119 i rozci\u0105gasz j\u0105, jak mi\u0119kkie toffi! Nast\u0119pnie w oka mgnieniu mo\u017cesz przywr\u00f3ci\u0107 jej pierwotny wygl\u0105d. \u017beby tego by\u0142o ma\u0142o, b\u0119dziesz potrafi\u0142 na oczach widza sp\u0142aszczy\u0107 obr\u0105czk\u0119 i zn\u00f3w przywr\u00f3ci\u0107 jej poprzedni stan!<\/span><\/p>\n<p style=\"text-align: center;\">\u00a0<\/p>\n<p style=\"text-align: center;\"><strong><span style=\"font-size: 14pt; font-family: arial, helvetica, sans-serif;\">W zestawie otrzymasz:<\/span><\/strong><\/p>\n<p style=\"text-align: center;\"><span style=\"font-size: 14pt; font-family: arial, helvetica, sans-serif;\">&#8211; video z dok\u0142adn\u0105 instrukcj\u0105 w j\u0119zyku angielskim;<\/span><\/p>\n<p style=\"text-align: center;\"><span style=\"font-size: 14pt; font-family: arial, helvetica, sans-serif;\">&#8211; precyzyjny, laserowo ci\u0119ty pier\u015bcie\u0144 &#8211; gimmick;<\/span><\/p>\n<p style=\"text-align: center;\"><span style=\"font-size: 14pt; font-family: arial, helvetica, sans-serif;\">&#8211; dodatkowy zgnieciony pier\u015bcie\u0144 &#8211; gimmick;<\/span><\/p>\n<p style=\"text-align: center;\"><span style=\"font-size: 14pt; font-family: arial, helvetica, sans-serif;\">&#8211; gimmick pozwala rozci\u0105gn\u0105\u0107 pier\u015bcie\u0144 z\u0142oty i srebrny;<\/span><\/p>\n<p style=\"text-align: center;\"><span style=\"font-size: 14pt; font-family: arial, helvetica, sans-serif;\">&#8211; \u0142atwe do zrobienia, r\u00f3wnie\u017c w kr\u00f3tkim r\u0119kawku.<\/span><\/p>\n<p style=\"text-align: center;\">\u00a0<\/p>\n<p style=\"text-align: center;\"><span style=\"font-size: 14pt; font-family: arial, helvetica, sans-serif;\">Trick ten mo\u017cna by\u0142o zobaczy\u0107 podczas show <strong>Greg<\/strong>&#8217;a <strong>Wilson<\/strong>&#8217;a w <strong>AT THE TABLE<\/strong>, tutaj mo\u017cesz kupi\u0107 to szkolenie do pobrania:\u00a0http:\/\/www.magiiik.pl\/pl\/p\/At-The-Table-Live-Lecture-Greg-Wilson\/363<\/span><\/p>\n<p style=\"text-align: center;\"><strong><span style=\"font-size: 14pt; font-family: arial, helvetica, sans-serif;\">Polecamy,<\/span><\/strong><\/p>\n<p style=\"text-align: center;\"><strong><span style=\"font-size: 14pt; font-family: arial, helvetica, sans-serif;\">magiiik.pl<\/span><\/strong><\/p>\n","protected":false},"excerpt":{"rendered":"<p><strong>Bandwidth by Greg Wilson<\/strong><\/p>\n","protected":false},"featured_media":9149,"comment_status":"closed","ping_status":"open","template":"","meta":[],"product_brand":[],"product_cat":[53],"product_tag":[],"class_list":{"0":"post-9148","1":"product","2":"type-product","3":"status-publish","4":"has-post-thumbnail","6":"product_cat-mikro-iluzja-close-up","8":"first","9":"instock","10":"purchasable","11":"product-type-simple"},"_links":{"self":[{"href":"https:\/\/magiiik.netstory.com.pl\/index.php?rest_route=\/wp\/v2\/product\/9148","targetHints":{"allow":["GET"]}}],"collection":[{"href":"https:\/\/magiiik.netstory.com.pl\/index.php?rest_route=\/wp\/v2\/product"}],"about":[{"href":"https:\/\/magiiik.netstory.com.pl\/index.php?rest_route=\/wp\/v2\/types\/product"}],"replies":[{"embeddable":true,"href":"https:\/\/magiiik.netstory.com.pl\/index.php?rest_route=%2Fwp%2Fv2%2Fcomments&post=9148"}],"wp:featuredmedia":[{"embeddable":true,"href":"https:\/\/magiiik.netstory.com.pl\/index.php?rest_route=\/wp\/v2\/media\/9149"}],"wp:attachment":[{"href":"https:\/\/magiiik.netstory.com.pl\/index.php?rest_route=%2Fwp%2Fv2%2Fmedia&parent=9148"}],"wp:term":[{"taxonomy":"product_brand","embeddable":true,"href":"https:\/\/magiiik.netstory.com.pl\/index.php?rest_route=%2Fwp%2Fv2%2Fproduct_brand&post=9148"},{"taxonomy":"product_cat","embeddable":true,"href":"https:\/\/magiiik.netstory.com.pl\/index.php?rest_route=%2Fwp%2Fv2%2Fproduct_cat&post=9148"},{"taxonomy":"product_tag","embeddable":true,"href":"https:\/\/magiiik.netstory.com.pl\/index.php?rest_route=%2Fwp%2Fv2%2Fproduct_tag&post=9148"}],"curies":[{"name":"wp","href":"https:\/\/api.w.org\/{rel}","templated":true}]}}