{"id":9130,"date":"2025-09-19T13:22:39","date_gmt":"2025-09-19T11:22:39","guid":{"rendered":"https:\/\/magiiik.netstory.com.pl\/produkt\/at-the-table-live-lecture-peter-turner-video-download\/"},"modified":"2025-09-19T13:22:45","modified_gmt":"2025-09-19T11:22:45","slug":"at-the-table-live-lecture-peter-turner-video-download","status":"publish","type":"product","link":"https:\/\/magiiik.netstory.com.pl\/?product=at-the-table-live-lecture-peter-turner-video-download","title":{"rendered":"At the Table Live Lecture &#8211; Peter Turner (video DOWNLOAD)"},"content":{"rendered":"<p style=\"text-align: center;\"><strong><span style=\"font-size: 14pt; font-family: arial, helvetica, sans-serif;\">Szkolenie na \u017cywo ju\u017c 20. maja 2015!<\/span><\/strong><\/p>\n<p style=\"text-align: center;\"><span style=\"font-size: 14pt; font-family: arial, helvetica, sans-serif;\"><strong>Peter Turner<\/strong> &#8211; mit, legenda w \u015bwiecie magii do\u0142\u0105cza do <strong>AT THE TABLE<\/strong> ju\u017c w maju! <strong>Peter<\/strong> prowadzi obecnie konsultacje dla niezliczonej ilo\u015bci program\u00f3w telewizyjnych na ca\u0142ym \u015bwiecie. Jego efekty mentalizmu s\u0105 prezentowane na najwi\u0119kszych scenach \u015bwiata! To jedno z najlepiej zapowiadaj\u0105cych si\u0119 szkole\u0144 roku!<\/span><\/p>\n<p style=\"text-align: center;\"><strong><span style=\"font-size: 14pt; font-family: arial, helvetica, sans-serif;\">Zapraszamy,<\/span><\/strong><\/p>\n<p style=\"text-align: center;\"><strong><span style=\"font-size: 14pt; font-family: arial, helvetica, sans-serif;\">magiiik.pl<\/span><\/strong><\/p>\n<p>\u00a0<\/p>\n<p>\u00a0<\/p>\n","protected":false},"excerpt":{"rendered":"<p><strong>At the Table Live Lecture &#8211; Peter Turner (video DOWNLOAD)<\/strong><\/p>\n","protected":false},"featured_media":9131,"comment_status":"closed","ping_status":"open","template":"","meta":[],"product_brand":[],"product_cat":[50],"product_tag":[],"class_list":{"0":"post-9130","1":"product","2":"type-product","3":"status-publish","4":"has-post-thumbnail","6":"product_cat-ksiazki-dvd-download-downloads-at-the-table","8":"first","9":"instock","10":"purchasable","11":"product-type-simple"},"_links":{"self":[{"href":"https:\/\/magiiik.netstory.com.pl\/index.php?rest_route=\/wp\/v2\/product\/9130","targetHints":{"allow":["GET"]}}],"collection":[{"href":"https:\/\/magiiik.netstory.com.pl\/index.php?rest_route=\/wp\/v2\/product"}],"about":[{"href":"https:\/\/magiiik.netstory.com.pl\/index.php?rest_route=\/wp\/v2\/types\/product"}],"replies":[{"embeddable":true,"href":"https:\/\/magiiik.netstory.com.pl\/index.php?rest_route=%2Fwp%2Fv2%2Fcomments&post=9130"}],"wp:featuredmedia":[{"embeddable":true,"href":"https:\/\/magiiik.netstory.com.pl\/index.php?rest_route=\/wp\/v2\/media\/9131"}],"wp:attachment":[{"href":"https:\/\/magiiik.netstory.com.pl\/index.php?rest_route=%2Fwp%2Fv2%2Fmedia&parent=9130"}],"wp:term":[{"taxonomy":"product_brand","embeddable":true,"href":"https:\/\/magiiik.netstory.com.pl\/index.php?rest_route=%2Fwp%2Fv2%2Fproduct_brand&post=9130"},{"taxonomy":"product_cat","embeddable":true,"href":"https:\/\/magiiik.netstory.com.pl\/index.php?rest_route=%2Fwp%2Fv2%2Fproduct_cat&post=9130"},{"taxonomy":"product_tag","embeddable":true,"href":"https:\/\/magiiik.netstory.com.pl\/index.php?rest_route=%2Fwp%2Fv2%2Fproduct_tag&post=9130"}],"curies":[{"name":"wp","href":"https:\/\/api.w.org\/{rel}","templated":true}]}}