{"id":9120,"date":"2025-09-19T13:22:39","date_gmt":"2025-09-19T11:22:39","guid":{"rendered":"https:\/\/magiiik.netstory.com.pl\/produkt\/flash-deck-switch-2-0-improved-red-by-shin-lim\/"},"modified":"2025-09-19T13:22:42","modified_gmt":"2025-09-19T11:22:42","slug":"flash-deck-switch-2-0-improved-red-by-shin-lim","status":"publish","type":"product","link":"https:\/\/magiiik.netstory.com.pl\/?product=flash-deck-switch-2-0-improved-red-by-shin-lim","title":{"rendered":"Flash Deck Switch 2.0 (Improved\/Red) by Shin Lim"},"content":{"rendered":"<p style=\"text-align: center;\"><strong><span style=\"font-size: 14pt; font-family: arial, helvetica, sans-serif;\">*UWAGA! Jest to druga i ulepszona wersja tricku Flash Deck Switch.<\/span><\/strong><\/p>\n<p style=\"text-align: center;\"><span style=\"font-size: 14pt; font-family: arial, helvetica, sans-serif;\">Opanowa\u0142e\u015b ju\u017c tricki z jedn\u0105 tali\u0105 kart? Jeste\u015b zaskoczony, jak wiele wersji trick\u00f3w mo\u017cna wykonywa\u0107 jedn\u0105 tali\u0105? Niewa\u017cne, czy jeste\u015b pocz\u0105tkuj\u0105cym, czy profesjonalnym magikiem, wyobra\u017a sobie tylko, w jak fascynuj\u0105cy spos\u00f3b mo\u017cna manipulowa\u0107 i czarowa\u0107 dwiema taliami kart na raz, w tym samym czasie tu\u017c przed nosem widza?! To niesko\u0144czona ilo\u015b\u0107 efekt\u00f3w, jakimi mo\u017cna &#8222;oszukiwa\u0107&#8221; publiczno\u015b\u0107, kt\u00f3ra nie zauwa\u017cy, \u017ce pos\u0142ugujesz si\u0119 dwiema innymi taliami kart!<\/span><\/p>\n<p style=\"text-align: center;\"><span style=\"font-size: 14pt; font-family: arial, helvetica, sans-serif;\"><strong>Flash Deck Switch 2.0<\/strong> pozwala na p\u0142ynn\u0105 i bezproblemow\u0105 manipulacj\u0119 mi\u0119dzy dwiema taliami kart. Wyobra\u017a sobie cuda, kt\u00f3re mo\u017cesz wykonywa\u0107 z tali\u0105 gaff, a na koniec rutyny wymieni\u0107 w spos\u00f3b absolutnie niezauwa\u017calny tali\u0119 na zwyk\u0142\u0105 i pokaza\u0107 widzom!\u00a0<\/span><\/p>\n<p style=\"text-align: center;\"><span style=\"font-size: 14pt; font-family: arial, helvetica, sans-serif;\">Otrzymasz r\u00f3wnie\u017c ekskluzywny poradnik 60 minutowy od <strong>Shin Lim<\/strong>&#8217;a, w kt\u00f3rym om\u00f3wi r\u00f3\u017cne procedury wykonywania trick\u00f3w. Nauczy Ci\u0119 r\u00f3wnie\u017c zmodyfikowanej wersji ju\u017c istniej\u0105cego tricku, ale w\u0142\u0105czaj\u0105c zwyk\u0142\u0105 tali\u0119 kart.<\/span><\/p>\n<p style=\"text-align: center;\"><em><span style=\"font-size: 14pt; font-family: arial, helvetica, sans-serif;\">&#8222;Kocham Switch deck! Chc\u0119 wersj\u0119 2.0!&#8221;<\/span><\/em><\/p>\n<p style=\"text-align: center;\"><strong><span style=\"font-size: 14pt; font-family: arial, helvetica, sans-serif;\">&#8211;\u00a0Christian Engbloom<\/span><\/strong><\/p>\n<p style=\"text-align: center;\"><em><span style=\"font-size: 14pt; font-family: arial, helvetica, sans-serif;\">&#8222;To jest bardziej COOL ni\u017c COOL! kocham to!&#8221;<\/span><\/em><\/p>\n<p style=\"text-align: center;\"><strong><span style=\"font-size: 14pt; font-family: arial, helvetica, sans-serif;\">&#8211; Dan Hauss<\/span><\/strong><\/p>\n<p style=\"text-align: center;\"><em><span style=\"font-size: 14pt; font-family: arial, helvetica, sans-serif;\">&#8221; ****! Chc\u0119 to ju\u017c teraz!&#8221;<\/span><\/em><\/p>\n<p style=\"text-align: center;\"><strong><span style=\"font-size: 14pt; font-family: arial, helvetica, sans-serif;\">&#8211; Eric Jones<\/span><\/strong><\/p>\n<p style=\"text-align: center;\">\u00a0<\/p>\n<p style=\"text-align: center;\"><strong><span style=\"font-size: 14pt; font-family: arial, helvetica, sans-serif;\"><iframe loading=\"lazy\" src=\"\/\/www.youtube.com\/embed\/NA3TjgaqFvQ\" width=\"425\" height=\"350\"><\/iframe><\/span><\/strong><\/p>\n<p style=\"text-align: center;\">\u00a0<\/p>\n<p style=\"text-align: center;\"><strong><span style=\"font-size: 14pt; font-family: arial, helvetica, sans-serif;\">Polecamy,<\/span><\/strong><\/p>\n<p style=\"text-align: center;\"><strong><span style=\"font-size: 14pt; font-family: arial, helvetica, sans-serif;\">magiiik.pl<\/span><\/strong><\/p>\n<p style=\"text-align: center;\">\u00a0<\/p>\n<p style=\"text-align: center;\"><span style=\"font-size: 10pt;\"><strong><span style=\"font-family: arial, helvetica, sans-serif;\">UWAGA!<\/span><\/strong><\/span><\/p>\n<p style=\"text-align: center;\"><span style=\"font-size: 10pt;\"><font face=\"arial, helvetica, sans-serif\"><strong>Ze wzgl\u0119du na wielko\u015b\u0107 opakowania wysy\u0142ka tylko paczk\u0105, b\u0105d\u017a kurierem!<\/strong><\/font><\/span><\/p>\n","protected":false},"excerpt":{"rendered":"<p><strong>Flash Deck Switch 2.0 (Improved\/Red) by Shin Lim<\/strong><\/p>\n","protected":false},"featured_media":9121,"comment_status":"closed","ping_status":"open","template":"","meta":[],"product_brand":[],"product_cat":[35],"product_tag":[],"class_list":{"0":"post-9120","1":"product","2":"type-product","3":"status-publish","4":"has-post-thumbnail","6":"product_cat-karty-akcesoria","8":"first","9":"instock","10":"purchasable","11":"product-type-simple"},"_links":{"self":[{"href":"https:\/\/magiiik.netstory.com.pl\/index.php?rest_route=\/wp\/v2\/product\/9120","targetHints":{"allow":["GET"]}}],"collection":[{"href":"https:\/\/magiiik.netstory.com.pl\/index.php?rest_route=\/wp\/v2\/product"}],"about":[{"href":"https:\/\/magiiik.netstory.com.pl\/index.php?rest_route=\/wp\/v2\/types\/product"}],"replies":[{"embeddable":true,"href":"https:\/\/magiiik.netstory.com.pl\/index.php?rest_route=%2Fwp%2Fv2%2Fcomments&post=9120"}],"wp:featuredmedia":[{"embeddable":true,"href":"https:\/\/magiiik.netstory.com.pl\/index.php?rest_route=\/wp\/v2\/media\/9121"}],"wp:attachment":[{"href":"https:\/\/magiiik.netstory.com.pl\/index.php?rest_route=%2Fwp%2Fv2%2Fmedia&parent=9120"}],"wp:term":[{"taxonomy":"product_brand","embeddable":true,"href":"https:\/\/magiiik.netstory.com.pl\/index.php?rest_route=%2Fwp%2Fv2%2Fproduct_brand&post=9120"},{"taxonomy":"product_cat","embeddable":true,"href":"https:\/\/magiiik.netstory.com.pl\/index.php?rest_route=%2Fwp%2Fv2%2Fproduct_cat&post=9120"},{"taxonomy":"product_tag","embeddable":true,"href":"https:\/\/magiiik.netstory.com.pl\/index.php?rest_route=%2Fwp%2Fv2%2Fproduct_tag&post=9120"}],"curies":[{"name":"wp","href":"https:\/\/api.w.org\/{rel}","templated":true}]}}