{"id":9118,"date":"2025-09-19T13:22:39","date_gmt":"2025-09-19T11:22:39","guid":{"rendered":"https:\/\/magiiik.netstory.com.pl\/produkt\/pink-by-ran-pink\/"},"modified":"2025-09-19T13:22:42","modified_gmt":"2025-09-19T11:22:42","slug":"pink-by-ran-pink","status":"publish","type":"product","link":"https:\/\/magiiik.netstory.com.pl\/?product=pink-by-ran-pink","title":{"rendered":"P&#8217;ink by Ran Pink"},"content":{"rendered":"<p style=\"text-align: center;\"><em><span style=\"font-size: 14pt; font-family: arial, helvetica, sans-serif;\">&#8222;To jest kur&#8230; zajebiste! Mam ju\u017c mn\u00f3stwo swoich pomys\u0142\u00f3w w g\u0142owie!&#8221;<\/span><\/em><\/p>\n<p style=\"text-align: center;\"><strong><span style=\"font-size: 14pt; font-family: arial, helvetica, sans-serif;\">&#8211; Calen Morelli<\/span><\/strong><\/p>\n<p style=\"text-align: center;\"><em><span style=\"font-size: 14pt; font-family: arial, helvetica, sans-serif;\">&#8222;Ran Pink jest geniuszem! (&#8230;)&#8221;<\/span><\/em><\/p>\n<p style=\"text-align: center;\"><strong><span style=\"font-size: 14pt; font-family: arial, helvetica, sans-serif;\">&#8211; Justin Flom<\/span><\/strong><\/p>\n<p style=\"text-align: center;\"><span style=\"font-size: 14pt; font-family: arial, helvetica, sans-serif;\"><strong>Ran Pink<\/strong> rozumie umys\u0142 tw\u00f3rczy magik\u00f3w. Po latach bada\u0144 i rozwoju stworzy\u0142 co\u015b, co generuje niezliczone mo\u017cliwo\u015bci! Do tej pory tylko garstka magik\u00f3w i mentalist\u00f3w mia\u0142a dost\u0119p do <strong>P&#8217;ink<\/strong>. Trick ten prezentowany by\u0142 w telewizji, youtube i wielu innych, teraz nadszed\u0142 czas, aby\u015b i Ty mia\u0142 do niego dost\u0119p!<\/span><\/p>\n<p style=\"text-align: center;\"><span style=\"font-size: 14pt; font-family: arial, helvetica, sans-serif;\">Idealny do tworzenia pot\u0119\u017cnej magii dla Twojej publiczno\u015bci! Od efekt\u00f3w, kt\u00f3re od r\u0119ki mo\u017cesz wykona\u0107 wyci\u0105gaj\u0105c z portfela, do formalnych przedstawie\u0144!<\/span><\/p>\n<p style=\"text-align: center;\"><strong><span style=\"font-size: 14pt; font-family: arial, helvetica, sans-serif;\">Otrzymasz:<\/span><\/strong><\/p>\n<p style=\"text-align: center;\"><span style=\"font-size: 14pt; font-family: arial, helvetica, sans-serif;\">Jeden specjalny marker, kt\u00f3ry pozwala na przej\u0119cie kontroli nad rysunkami! Napisy i rysunki pojawiaj\u0105 si\u0119 i znikaj\u0105, jak w kinowym efekcie specjalnym! Mo\u017cna to wykonywa\u0107 w tajemnicy, do efekt\u00f3w mentalnych, jak i tu\u017c przed oczyma Twojego widza!<\/span><\/p>\n<p style=\"text-align: center;\"><span style=\"font-size: 14pt; font-family: arial, helvetica, sans-serif;\">Otrzymasz dodatkowo 87 minutowe video do pobrania, z kt\u00f3rego nauczysz si\u0119 wszystkiego, co potrzebujesz.<\/span><\/p>\n<p style=\"text-align: center;\">\u00a0<\/p>\n<p style=\"text-align: center;\"><span style=\"font-size: 14pt; font-family: arial, helvetica, sans-serif;\"><iframe loading=\"lazy\" src=\"\/\/www.youtube.com\/embed\/KSx1fAX6wOI\" width=\"425\" height=\"350\"><\/iframe><\/span><\/p>\n<p style=\"text-align: center;\">\u00a0<\/p>\n<p style=\"text-align: center;\"><iframe loading=\"lazy\" src=\"\/\/www.youtube.com\/embed\/9Q2qcVy-isA\" width=\"425\" height=\"350\"><\/iframe><\/p>\n<p style=\"text-align: center;\"><iframe loading=\"lazy\" src=\"\/\/www.youtube.com\/embed\/FMC9CXbOhJU\" width=\"425\" height=\"350\"><\/iframe><\/p>\n<p style=\"text-align: center;\"><strong><span style=\"font-size: 14pt; font-family: arial, helvetica, sans-serif;\">Polecamy,<\/span><\/strong><\/p>\n<p style=\"text-align: center;\"><strong><span style=\"font-size: 14pt; font-family: arial, helvetica, sans-serif;\">magiiik.pl<\/span><\/strong><\/p>\n","protected":false},"excerpt":{"rendered":"<p><strong>P&#8217;ink by Ran Pink\u00a0<\/strong><\/p>\n","protected":false},"featured_media":9119,"comment_status":"closed","ping_status":"open","template":"","meta":[],"product_brand":[],"product_cat":[34],"product_tag":[],"class_list":{"0":"post-9118","1":"product","2":"type-product","3":"status-publish","4":"has-post-thumbnail","6":"product_cat-mikro-iluzja-close-up-inne","8":"first","9":"instock","10":"purchasable","11":"product-type-simple"},"_links":{"self":[{"href":"https:\/\/magiiik.netstory.com.pl\/index.php?rest_route=\/wp\/v2\/product\/9118","targetHints":{"allow":["GET"]}}],"collection":[{"href":"https:\/\/magiiik.netstory.com.pl\/index.php?rest_route=\/wp\/v2\/product"}],"about":[{"href":"https:\/\/magiiik.netstory.com.pl\/index.php?rest_route=\/wp\/v2\/types\/product"}],"replies":[{"embeddable":true,"href":"https:\/\/magiiik.netstory.com.pl\/index.php?rest_route=%2Fwp%2Fv2%2Fcomments&post=9118"}],"wp:featuredmedia":[{"embeddable":true,"href":"https:\/\/magiiik.netstory.com.pl\/index.php?rest_route=\/wp\/v2\/media\/9119"}],"wp:attachment":[{"href":"https:\/\/magiiik.netstory.com.pl\/index.php?rest_route=%2Fwp%2Fv2%2Fmedia&parent=9118"}],"wp:term":[{"taxonomy":"product_brand","embeddable":true,"href":"https:\/\/magiiik.netstory.com.pl\/index.php?rest_route=%2Fwp%2Fv2%2Fproduct_brand&post=9118"},{"taxonomy":"product_cat","embeddable":true,"href":"https:\/\/magiiik.netstory.com.pl\/index.php?rest_route=%2Fwp%2Fv2%2Fproduct_cat&post=9118"},{"taxonomy":"product_tag","embeddable":true,"href":"https:\/\/magiiik.netstory.com.pl\/index.php?rest_route=%2Fwp%2Fv2%2Fproduct_tag&post=9118"}],"curies":[{"name":"wp","href":"https:\/\/api.w.org\/{rel}","templated":true}]}}