{"id":9116,"date":"2025-09-19T13:22:39","date_gmt":"2025-09-19T11:22:39","guid":{"rendered":"https:\/\/magiiik.netstory.com.pl\/produkt\/inked-by-fred-darevil-i-alakazam-magic\/"},"modified":"2025-09-19T13:22:41","modified_gmt":"2025-09-19T11:22:41","slug":"inked-by-fred-darevil-i-alakazam-magic","status":"publish","type":"product","link":"https:\/\/magiiik.netstory.com.pl\/?product=inked-by-fred-darevil-i-alakazam-magic","title":{"rendered":"Inked by Fred Darevil i Alakazam Magic"},"content":{"rendered":"<p style=\"text-align: center;\"><span style=\"font-size: 14pt; font-family: arial, helvetica, sans-serif;\"><strong>INKED<\/strong> to pot\u0119\u017cny efekt magii mentalnej!<\/span><\/p>\n<p style=\"text-align: center;\"><span style=\"font-size: 14pt; font-family: arial, helvetica, sans-serif;\">Tatua\u017ce staj\u0105 si\u0119 coraz wa\u017cniejsz\u0105 cz\u0119\u015bci\u0105 kultury na ca\u0142ym \u015bwiecie, to spos\u00f3b wielu ludzi na wyra\u017cenie siebie. <strong>Fred Darevil<\/strong> stworzy\u0142 niesamowity efekt mentalny, kt\u00f3ry pokochasz od zaraz!<\/span><\/p>\n<p style=\"text-align: center;\"><span style=\"font-size: 14pt; font-family: arial, helvetica, sans-serif;\">Wyobra\u017a sobie, \u017ce Tw\u00f3j widz wybiera sobie jaki\u015b wz\u00f3r tatua\u017cu oraz cz\u0119\u015b\u0107 cia\u0142a, gdzie chcia\u0142by zrobi\u0107 ten tatua\u017c&#8230; Prosisz by sobie wyobrazi\u0142, jak ig\u0142a maszynki dotyka tej cz\u0119\u015bci cia\u0142a i tworzy wz\u00f3r&#8230; Bezb\u0142\u0119dnie przewidujesz jaki wz\u00f3r wybra\u0142 widz i gdzie chce ten tatua\u017c zrobi\u0107 na ciele!<\/span><\/p>\n<p style=\"text-align: center;\"><span style=\"font-size: 14pt; font-family: arial, helvetica, sans-serif;\">W zestawie otrzymasz 10 pi\u0119knie zaprojektowanych plastikowanych kart i dost\u0119p do video, z kt\u00f3rego nauczysz si\u0119 wykonywa\u0107 ten trick.<\/span><\/p>\n<p style=\"text-align: center;\">\u00a0<\/p>\n<p style=\"text-align: center;\"><span style=\"font-size: 14pt; font-family: arial, helvetica, sans-serif;\"><iframe loading=\"lazy\" src=\"\/\/www.youtube.com\/embed\/udLpNEG2ulc\" width=\"425\" height=\"350\"><\/iframe><\/span><\/p>\n<p style=\"text-align: center;\"><strong><span style=\"font-size: 14pt; font-family: arial, helvetica, sans-serif;\">Polecamy,<\/span><\/strong><\/p>\n<p style=\"text-align: center;\"><strong><span style=\"font-size: 14pt; font-family: arial, helvetica, sans-serif;\">magiiik.pl<\/span><\/strong><\/p>\n","protected":false},"excerpt":{"rendered":"<p><strong>Inked by Fred Darevil i Alakazam Magic<\/strong><\/p>\n","protected":false},"featured_media":9117,"comment_status":"closed","ping_status":"open","template":"","meta":[],"product_brand":[],"product_cat":[41],"product_tag":[],"class_list":{"0":"post-9116","1":"product","2":"type-product","3":"status-publish","4":"has-post-thumbnail","6":"product_cat-mikro-iluzja-close-up-efekty-z-kartami","8":"first","9":"instock","10":"purchasable","11":"product-type-simple"},"_links":{"self":[{"href":"https:\/\/magiiik.netstory.com.pl\/index.php?rest_route=\/wp\/v2\/product\/9116","targetHints":{"allow":["GET"]}}],"collection":[{"href":"https:\/\/magiiik.netstory.com.pl\/index.php?rest_route=\/wp\/v2\/product"}],"about":[{"href":"https:\/\/magiiik.netstory.com.pl\/index.php?rest_route=\/wp\/v2\/types\/product"}],"replies":[{"embeddable":true,"href":"https:\/\/magiiik.netstory.com.pl\/index.php?rest_route=%2Fwp%2Fv2%2Fcomments&post=9116"}],"wp:featuredmedia":[{"embeddable":true,"href":"https:\/\/magiiik.netstory.com.pl\/index.php?rest_route=\/wp\/v2\/media\/9117"}],"wp:attachment":[{"href":"https:\/\/magiiik.netstory.com.pl\/index.php?rest_route=%2Fwp%2Fv2%2Fmedia&parent=9116"}],"wp:term":[{"taxonomy":"product_brand","embeddable":true,"href":"https:\/\/magiiik.netstory.com.pl\/index.php?rest_route=%2Fwp%2Fv2%2Fproduct_brand&post=9116"},{"taxonomy":"product_cat","embeddable":true,"href":"https:\/\/magiiik.netstory.com.pl\/index.php?rest_route=%2Fwp%2Fv2%2Fproduct_cat&post=9116"},{"taxonomy":"product_tag","embeddable":true,"href":"https:\/\/magiiik.netstory.com.pl\/index.php?rest_route=%2Fwp%2Fv2%2Fproduct_tag&post=9116"}],"curies":[{"name":"wp","href":"https:\/\/api.w.org\/{rel}","templated":true}]}}