{"id":9108,"date":"2025-09-19T13:22:39","date_gmt":"2025-09-19T11:22:39","guid":{"rendered":"https:\/\/magiiik.netstory.com.pl\/produkt\/the-crown-deck-niebieskie\/"},"modified":"2025-09-19T13:22:39","modified_gmt":"2025-09-19T11:22:39","slug":"the-crown-deck-niebieskie","status":"publish","type":"product","link":"https:\/\/magiiik.netstory.com.pl\/?product=the-crown-deck-niebieskie","title":{"rendered":"The Crown Deck (niebieskie)"},"content":{"rendered":"<p style=\"text-align: center;\"><span style=\"font-size: large; font-family: Tahoma, Arial, sans-serif;\"><span style=\"font-size: 14pt; font-family: arial, helvetica, sans-serif;\"><strong>Niebieska Kr\u00f3lewska Talia<\/strong> to niestandardowe karty do gry, to jako\u015b\u0107, styl i elegancja! Inspirowane tali\u0105 <strong>Tally-Ho<\/strong>, poleca\u00a0<strong>Alex Pandrea<\/strong>, kt\u00f3ry pos\u0142uguje si\u0119 tymi kartami w swoich magicznych trick<\/span>ach.<\/span><\/p>\n<p style=\"text-align: center;\">\u00a0<iframe loading=\"lazy\" src=\"\/\/www.youtube.com\/embed\/yj_zESrfr1w\" width=\"425\" height=\"350\"><\/iframe><\/p>\n<p style=\"text-align: center;\"><strong><span style=\"font-size: large; font-family: Tahoma, Arial, sans-serif;\">Polecamy,<\/span><\/strong><\/p>\n<p style=\"text-align: center;\"><strong><span style=\"font-size: large; font-family: Tahoma, Arial, sans-serif;\">magiiik.pl<\/span><\/strong><\/p>\n","protected":false},"excerpt":{"rendered":"<p><strong>The Crown Deck (niebieskie)<\/strong><\/p>\n","protected":false},"featured_media":9109,"comment_status":"closed","ping_status":"open","template":"","meta":[],"product_brand":[],"product_cat":[46],"product_tag":[],"class_list":{"0":"post-9108","1":"product","2":"type-product","3":"status-publish","4":"has-post-thumbnail","6":"product_cat-mikro-iluzja-close-up-karty-kolekcjonerskie","8":"first","9":"instock","10":"purchasable","11":"product-type-simple"},"_links":{"self":[{"href":"https:\/\/magiiik.netstory.com.pl\/index.php?rest_route=\/wp\/v2\/product\/9108","targetHints":{"allow":["GET"]}}],"collection":[{"href":"https:\/\/magiiik.netstory.com.pl\/index.php?rest_route=\/wp\/v2\/product"}],"about":[{"href":"https:\/\/magiiik.netstory.com.pl\/index.php?rest_route=\/wp\/v2\/types\/product"}],"replies":[{"embeddable":true,"href":"https:\/\/magiiik.netstory.com.pl\/index.php?rest_route=%2Fwp%2Fv2%2Fcomments&post=9108"}],"wp:featuredmedia":[{"embeddable":true,"href":"https:\/\/magiiik.netstory.com.pl\/index.php?rest_route=\/wp\/v2\/media\/9109"}],"wp:attachment":[{"href":"https:\/\/magiiik.netstory.com.pl\/index.php?rest_route=%2Fwp%2Fv2%2Fmedia&parent=9108"}],"wp:term":[{"taxonomy":"product_brand","embeddable":true,"href":"https:\/\/magiiik.netstory.com.pl\/index.php?rest_route=%2Fwp%2Fv2%2Fproduct_brand&post=9108"},{"taxonomy":"product_cat","embeddable":true,"href":"https:\/\/magiiik.netstory.com.pl\/index.php?rest_route=%2Fwp%2Fv2%2Fproduct_cat&post=9108"},{"taxonomy":"product_tag","embeddable":true,"href":"https:\/\/magiiik.netstory.com.pl\/index.php?rest_route=%2Fwp%2Fv2%2Fproduct_tag&post=9108"}],"curies":[{"name":"wp","href":"https:\/\/api.w.org\/{rel}","templated":true}]}}