{"id":9104,"date":"2025-09-19T13:22:18","date_gmt":"2025-09-19T11:22:18","guid":{"rendered":"https:\/\/magiiik.netstory.com.pl\/produkt\/encyclopedia-pickpocketing-4-download\/"},"modified":"2025-09-19T13:22:31","modified_gmt":"2025-09-19T11:22:31","slug":"encyclopedia-pickpocketing-4-download","status":"publish","type":"product","link":"https:\/\/magiiik.netstory.com.pl\/?product=encyclopedia-pickpocketing-4-download","title":{"rendered":"Encyclopedia Pickpocketing #4 DOWNLOAD"},"content":{"rendered":"<p style=\"font-size: 12px; font-family: Tahoma, Arial, sans-serif;\"><strong><span style=\"font-size: 14pt; font-family: arial, helvetica, sans-serif;\">Volume #4<\/span><\/strong><\/p>\n<p style=\"font-size: 12px; font-family: Tahoma, Arial, sans-serif;\"><span style=\"font-size: 14pt; font-family: arial, helvetica, sans-serif;\">Z tego video nauczysz si\u0119, jak \u015bci\u0105ga\u0107 nast\u0119puj\u0105ce przedmioty:<\/span><\/p>\n<p style=\"font-size: 12px; font-family: Tahoma, Arial, sans-serif;\"><span style=\"font-size: 14pt; font-family: arial, helvetica, sans-serif;\">&#8211; Pickpocketing in a straight jacket with 3 different escapes\u00a0<\/span><br style=\"color: #444444; font-size: medium; font-family: 'Segoe UI', Arial, Helvetica, sans-serif;\" \/><span style=\"font-size: 14pt; font-family: arial, helvetica, sans-serif;\">-The Shirt Pull\u00a0<\/span><br style=\"color: #444444; font-size: medium; font-family: 'Segoe UI', Arial, Helvetica, sans-serif;\" \/><span style=\"font-size: 14pt; font-family: arial, helvetica, sans-serif;\">-Shadow Pickpocketing\u00a0<\/span><br style=\"color: #444444; font-size: medium; font-family: 'Segoe UI', Arial, Helvetica, sans-serif;\" \/><span style=\"font-size: 14pt; font-family: arial, helvetica, sans-serif;\">-Stage Whispering<\/span><\/p>\n<p style=\"font-size: 12px; font-family: Tahoma, Arial, sans-serif;\">\u00a0<\/p>\n<ul style=\"font-size: 12px; font-family: Tahoma, Arial, sans-serif;\">\n<li style=\"font-size: medium;\"><span style=\"font-size: 14pt; font-family: arial, helvetica, sans-serif;\">Dirty Underwear<\/span><\/li>\n<li style=\"font-size: medium;\"><span style=\"font-size: 14pt; font-family: arial, helvetica, sans-serif;\">Underwear Pull\u00a0<\/span><\/li>\n<li style=\"color: #444444; font-size: medium; font-family: 'Segoe UI', Arial, Helvetica, sans-serif;\"><span style=\"font-size: 14pt; font-family: arial, helvetica, sans-serif;\">the Hand<\/span><\/li>\n<li style=\"color: #444444; font-size: medium; font-family: 'Segoe UI', Arial, Helvetica, sans-serif;\"><span style=\"font-size: 14pt; font-family: arial, helvetica, sans-serif;\">the Jacket<\/span><\/li>\n<\/ul>\n<p style=\"font-size: 12px; font-family: Tahoma, Arial, sans-serif;\">\u00a0<\/p>\n<p style=\"font-size: 12px; font-family: Tahoma, Arial, sans-serif;\"><strong><span style=\"font-size: 14pt; font-family: arial, helvetica, sans-serif;\">Polecamy,<\/span><\/strong><\/p>\n<p style=\"font-size: 12px; font-family: Tahoma, Arial, sans-serif;\"><strong><span style=\"font-size: 14pt; font-family: arial, helvetica, sans-serif;\">magiiik.pl<\/span><\/strong><\/p>\n","protected":false},"excerpt":{"rendered":"<p><strong>Encyclopedia Pickpocketing #4 video<\/strong><\/p>\n","protected":false},"featured_media":9105,"comment_status":"closed","ping_status":"open","template":"","meta":[],"product_brand":[],"product_cat":[55],"product_tag":[],"class_list":{"0":"post-9104","1":"product","2":"type-product","3":"status-publish","4":"has-post-thumbnail","6":"product_cat-ksiazki-dvd-download-downloads","8":"first","9":"instock","10":"purchasable","11":"product-type-simple"},"_links":{"self":[{"href":"https:\/\/magiiik.netstory.com.pl\/index.php?rest_route=\/wp\/v2\/product\/9104","targetHints":{"allow":["GET"]}}],"collection":[{"href":"https:\/\/magiiik.netstory.com.pl\/index.php?rest_route=\/wp\/v2\/product"}],"about":[{"href":"https:\/\/magiiik.netstory.com.pl\/index.php?rest_route=\/wp\/v2\/types\/product"}],"replies":[{"embeddable":true,"href":"https:\/\/magiiik.netstory.com.pl\/index.php?rest_route=%2Fwp%2Fv2%2Fcomments&post=9104"}],"wp:featuredmedia":[{"embeddable":true,"href":"https:\/\/magiiik.netstory.com.pl\/index.php?rest_route=\/wp\/v2\/media\/9105"}],"wp:attachment":[{"href":"https:\/\/magiiik.netstory.com.pl\/index.php?rest_route=%2Fwp%2Fv2%2Fmedia&parent=9104"}],"wp:term":[{"taxonomy":"product_brand","embeddable":true,"href":"https:\/\/magiiik.netstory.com.pl\/index.php?rest_route=%2Fwp%2Fv2%2Fproduct_brand&post=9104"},{"taxonomy":"product_cat","embeddable":true,"href":"https:\/\/magiiik.netstory.com.pl\/index.php?rest_route=%2Fwp%2Fv2%2Fproduct_cat&post=9104"},{"taxonomy":"product_tag","embeddable":true,"href":"https:\/\/magiiik.netstory.com.pl\/index.php?rest_route=%2Fwp%2Fv2%2Fproduct_tag&post=9104"}],"curies":[{"name":"wp","href":"https:\/\/api.w.org\/{rel}","templated":true}]}}