{"id":9098,"date":"2025-09-19T13:22:18","date_gmt":"2025-09-19T11:22:18","guid":{"rendered":"https:\/\/magiiik.netstory.com.pl\/produkt\/encyclopedia-pickpocketing-1-download\/"},"modified":"2025-09-19T13:22:29","modified_gmt":"2025-09-19T11:22:29","slug":"encyclopedia-pickpocketing-1-download","status":"publish","type":"product","link":"https:\/\/magiiik.netstory.com.pl\/?product=encyclopedia-pickpocketing-1-download","title":{"rendered":"Encyclopedia PickPocketing #1 DOWNLOAD"},"content":{"rendered":"<p style=\"font-size: 12px; font-family: Tahoma, Arial, sans-serif;\"><span style=\"font-size: 14pt; font-family: arial, helvetica, sans-serif;\"><strong><span style=\"font-size: 18.6666660308838px;\">Volume # 1<\/span><\/strong>\u00a0&#8211; usuwanie zegarka i bi\u017cuterii<\/span><\/p>\n<p style=\"font-size: 12px; font-family: Tahoma, Arial, sans-serif;\"><span style=\"font-size: 14pt; font-family: arial, helvetica, sans-serif;\">Z tego video nauczysz si\u0119, jak \u015bci\u0105ga\u0107 nast\u0119puj\u0105ce przedmioty:<\/span><\/p>\n<p style=\"font-size: 12px; font-family: Tahoma, Arial, sans-serif;\"><span style=\"font-size: 14pt; font-family: arial, helvetica, sans-serif;\">-Alligator Clasps<\/span><br style=\"color: #444444; font-size: medium; font-family: 'Segoe UI', Arial, Helvetica, sans-serif;\" \/><span style=\"font-size: 14pt; font-family: arial, helvetica, sans-serif;\">-Rolex Expanding Metal Clasps<\/span><br style=\"color: #444444; font-size: medium; font-family: 'Segoe UI', Arial, Helvetica, sans-serif;\" \/><span style=\"font-size: 14pt; font-family: arial, helvetica, sans-serif;\">-Leather Banded Expanding Clasps<\/span><br style=\"color: #444444; font-size: medium; font-family: 'Segoe UI', Arial, Helvetica, sans-serif;\" \/><span style=\"font-size: 14pt; font-family: arial, helvetica, sans-serif;\">-Leather Band Buckles<\/span><br style=\"color: #444444; font-size: medium; font-family: 'Segoe UI', Arial, Helvetica, sans-serif;\" \/><span style=\"font-size: 14pt; font-family: arial, helvetica, sans-serif;\">-C-Clasped Bands<\/span><br style=\"color: #444444; font-size: medium; font-family: 'Segoe UI', Arial, Helvetica, sans-serif;\" \/><span style=\"font-size: 14pt; font-family: arial, helvetica, sans-serif;\">-Velcro Clasped Bands<\/span><br style=\"color: #444444; font-size: medium; font-family: 'Segoe UI', Arial, Helvetica, sans-serif;\" \/><span style=\"font-size: 14pt; font-family: arial, helvetica, sans-serif;\">-Expanding Metal Stretch Bands<\/span><br style=\"color: #444444; font-size: medium; font-family: 'Segoe UI', Arial, Helvetica, sans-serif;\" \/><span style=\"font-size: 14pt; font-family: arial, helvetica, sans-serif;\">-Rubber and Plastic Buckle Bands<\/span><br style=\"color: #444444; font-size: medium; font-family: 'Segoe UI', Arial, Helvetica, sans-serif;\" \/><span style=\"font-size: 14pt; font-family: arial, helvetica, sans-serif;\">-Rings<\/span><br style=\"color: #444444; font-size: medium; font-family: 'Segoe UI', Arial, Helvetica, sans-serif;\" \/><span style=\"font-size: 14pt; font-family: arial, helvetica, sans-serif;\">-Bracelets<\/span><br style=\"color: #444444; font-size: medium; font-family: 'Segoe UI', Arial, Helvetica, sans-serif;\" \/><span style=\"font-size: 14pt; font-family: arial, helvetica, sans-serif;\">-Necklaces<\/span><br style=\"color: #444444; font-size: medium; font-family: 'Segoe UI', Arial, Helvetica, sans-serif;\" \/><span style=\"font-size: 14pt; font-family: arial, helvetica, sans-serif;\">-Cufflinks<\/span><\/p>\n<p style=\"font-size: 12px; font-family: Tahoma, Arial, sans-serif;\">\u00a0<\/p>\n<p style=\"font-size: 12px; font-family: Tahoma, Arial, sans-serif;\"><strong><span style=\"font-size: 14pt; font-family: arial, helvetica, sans-serif;\">Polecamy,<\/span><\/strong><\/p>\n<p style=\"font-size: 12px; font-family: Tahoma, Arial, sans-serif;\"><strong><span style=\"font-size: 14pt; font-family: arial, helvetica, sans-serif;\">magiiik.pl<\/span><\/strong><\/p>\n","protected":false},"excerpt":{"rendered":"<p><strong>Encyclopedia PickPocketing #1 video<\/strong><\/p>\n","protected":false},"featured_media":9099,"comment_status":"closed","ping_status":"open","template":"","meta":[],"product_brand":[],"product_cat":[55],"product_tag":[],"class_list":{"0":"post-9098","1":"product","2":"type-product","3":"status-publish","4":"has-post-thumbnail","6":"product_cat-ksiazki-dvd-download-downloads","8":"first","9":"instock","10":"purchasable","11":"product-type-simple"},"_links":{"self":[{"href":"https:\/\/magiiik.netstory.com.pl\/index.php?rest_route=\/wp\/v2\/product\/9098","targetHints":{"allow":["GET"]}}],"collection":[{"href":"https:\/\/magiiik.netstory.com.pl\/index.php?rest_route=\/wp\/v2\/product"}],"about":[{"href":"https:\/\/magiiik.netstory.com.pl\/index.php?rest_route=\/wp\/v2\/types\/product"}],"replies":[{"embeddable":true,"href":"https:\/\/magiiik.netstory.com.pl\/index.php?rest_route=%2Fwp%2Fv2%2Fcomments&post=9098"}],"wp:featuredmedia":[{"embeddable":true,"href":"https:\/\/magiiik.netstory.com.pl\/index.php?rest_route=\/wp\/v2\/media\/9099"}],"wp:attachment":[{"href":"https:\/\/magiiik.netstory.com.pl\/index.php?rest_route=%2Fwp%2Fv2%2Fmedia&parent=9098"}],"wp:term":[{"taxonomy":"product_brand","embeddable":true,"href":"https:\/\/magiiik.netstory.com.pl\/index.php?rest_route=%2Fwp%2Fv2%2Fproduct_brand&post=9098"},{"taxonomy":"product_cat","embeddable":true,"href":"https:\/\/magiiik.netstory.com.pl\/index.php?rest_route=%2Fwp%2Fv2%2Fproduct_cat&post=9098"},{"taxonomy":"product_tag","embeddable":true,"href":"https:\/\/magiiik.netstory.com.pl\/index.php?rest_route=%2Fwp%2Fv2%2Fproduct_tag&post=9098"}],"curies":[{"name":"wp","href":"https:\/\/api.w.org\/{rel}","templated":true}]}}