{"id":9096,"date":"2025-09-19T13:22:18","date_gmt":"2025-09-19T11:22:18","guid":{"rendered":"https:\/\/magiiik.netstory.com.pl\/produkt\/encyclopedia-pickpocketing-set-vol-1-4-download\/"},"modified":"2025-09-19T13:22:29","modified_gmt":"2025-09-19T11:22:29","slug":"encyclopedia-pickpocketing-set-vol-1-4-download","status":"publish","type":"product","link":"https:\/\/magiiik.netstory.com.pl\/?product=encyclopedia-pickpocketing-set-vol-1-4-download","title":{"rendered":"Encyclopedia Pickpocketing Set (Vol 1 &#8211; 4) DOWNLOAD"},"content":{"rendered":"<p style=\"text-align: center;\"><span style=\"font-size: 14pt; font-family: arial, helvetica, sans-serif; color: #000000;\"><strong>Encyclopedia Pickpocketing Set<\/strong> to a\u017c 4 cz\u0119\u015bci do pobrania na sw\u00f3j komputer, z kt\u00f3rych nauczysz si\u0119 podstawowych i bardzo zaawansowanych technik <strong>pickpocketing<\/strong>&#8217;u!<\/span><\/p>\n<p>\u00a0<\/p>\n<p><span style=\"font-size: 14pt; font-family: arial, helvetica, sans-serif; color: #000000;\"><strong>Volume # 1<\/strong> &#8211; usuwanie zegarka i bi\u017cuterii<\/span><\/p>\n<p><span style=\"font-size: 14pt; font-family: arial, helvetica, sans-serif; color: #000000;\">Z tego video nauczysz si\u0119, jak \u015bci\u0105ga\u0107 nast\u0119puj\u0105ce przedmioty:<\/span><\/p>\n<p><span style=\"color: #000000; font-size: 14pt; font-family: arial, helvetica, sans-serif;\">-Alligator Clasps<\/span><br style=\"color: #444444; font-size: medium; font-family: 'Segoe UI', Arial, Helvetica, sans-serif;\" \/><span style=\"color: #000000; font-size: 14pt; font-family: arial, helvetica, sans-serif;\">-Rolex Expanding Metal Clasps<\/span><br style=\"color: #444444; font-size: medium; font-family: 'Segoe UI', Arial, Helvetica, sans-serif;\" \/><span style=\"color: #000000; font-size: 14pt; font-family: arial, helvetica, sans-serif;\">-Leather Banded Expanding Clasps<\/span><br style=\"color: #444444; font-size: medium; font-family: 'Segoe UI', Arial, Helvetica, sans-serif;\" \/><span style=\"color: #000000; font-size: 14pt; font-family: arial, helvetica, sans-serif;\">-Leather Band Buckles<\/span><br style=\"color: #444444; font-size: medium; font-family: 'Segoe UI', Arial, Helvetica, sans-serif;\" \/><span style=\"color: #000000; font-size: 14pt; font-family: arial, helvetica, sans-serif;\">-C-Clasped Bands<\/span><br style=\"color: #444444; font-size: medium; font-family: 'Segoe UI', Arial, Helvetica, sans-serif;\" \/><span style=\"color: #000000; font-size: 14pt; font-family: arial, helvetica, sans-serif;\">-Velcro Clasped Bands<\/span><br style=\"color: #444444; font-size: medium; font-family: 'Segoe UI', Arial, Helvetica, sans-serif;\" \/><span style=\"color: #000000; font-size: 14pt; font-family: arial, helvetica, sans-serif;\">-Expanding Metal Stretch Bands<\/span><br style=\"color: #444444; font-size: medium; font-family: 'Segoe UI', Arial, Helvetica, sans-serif;\" \/><span style=\"color: #000000; font-size: 14pt; font-family: arial, helvetica, sans-serif;\">-Rubber and Plastic Buckle Bands<\/span><br style=\"color: #444444; font-size: medium; font-family: 'Segoe UI', Arial, Helvetica, sans-serif;\" \/><span style=\"color: #000000; font-size: 14pt; font-family: arial, helvetica, sans-serif;\">-Rings<\/span><br style=\"color: #444444; font-size: medium; font-family: 'Segoe UI', Arial, Helvetica, sans-serif;\" \/><span style=\"color: #000000; font-size: 14pt; font-family: arial, helvetica, sans-serif;\">-Bracelets<\/span><br style=\"color: #444444; font-size: medium; font-family: 'Segoe UI', Arial, Helvetica, sans-serif;\" \/><span style=\"color: #000000; font-size: 14pt; font-family: arial, helvetica, sans-serif;\">-Necklaces<\/span><br style=\"color: #444444; font-size: medium; font-family: 'Segoe UI', Arial, Helvetica, sans-serif;\" \/><span style=\"color: #000000; font-size: 14pt; font-family: arial, helvetica, sans-serif;\">-Cufflinks<\/span><\/p>\n<p><strong><span style=\"font-size: 14pt; font-family: arial, helvetica, sans-serif; color: #000000;\">Volume # 2<\/span><\/strong><\/p>\n<p><span style=\"color: #000000; font-size: 14pt; font-family: arial, helvetica, sans-serif;\"><strong>Nicholas Byrd<\/strong> i <strong>James Coats<\/strong> w spos\u00f3b szczeg\u00f3\u0142owy omawiaj\u0105 pozycjonowanie cia\u0142a i ca\u0142\u0105 teori\u0119 pickpocketing&#8217;u, dzi\u0119ki kt\u00f3rej b\u0119dziesz m\u00f3g\u0142 w\u0142\u0105czy\u0107 &#8222;kieszonkowca&#8221; do swojego show.<\/span><\/p>\n<p>\u00a0<\/p>\n<p><span style=\"font-size: 14pt; font-family: arial, helvetica, sans-serif; color: #000000;\">Z tego video nauczysz si\u0119, jak \u015bci\u0105ga\u0107 nast\u0119puj\u0105ce przedmioty:<\/span><\/p>\n<p><span style=\"color: #000000; font-size: 14pt; font-family: arial, helvetica, sans-serif;\">-Hanging Items (Keys, Cellular Phones, Badges, etc.)<\/span><br style=\"color: #444444; font-size: medium; font-family: 'Segoe UI', Arial, Helvetica, sans-serif;\" \/><span style=\"color: #000000; font-size: 14pt; font-family: arial, helvetica, sans-serif;\">-Items from Shirt Pockets (Cigarettes, Lighters, Pens, Glasses, etc.)<\/span><br style=\"color: #444444; font-size: medium; font-family: 'Segoe UI', Arial, Helvetica, sans-serif;\" \/><span style=\"color: #000000; font-size: 14pt; font-family: arial, helvetica, sans-serif;\">-Items from the inside or outside of a Jacket., Coat, or Blazer<\/span><\/p>\n<p><span style=\"color: #000000; font-size: 14pt; font-family: arial, helvetica, sans-serif;\">&#8211; i wiele innych.<\/span><\/p>\n<p><strong><span style=\"color: #000000; font-size: 14pt; font-family: arial, helvetica, sans-serif;\">Volume #3<\/span><\/strong><\/p>\n<p><span style=\"color: #000000; font-size: 14pt; font-family: arial, helvetica, sans-serif;\">Z tego video nauczysz si\u0119, jak \u015bci\u0105ga\u0107 nast\u0119puj\u0105ce przedmioty:<\/span><\/p>\n<p><span style=\"color: #000000; font-size: 14pt; font-family: arial, helvetica, sans-serif;\">-Putpocket items that has been Pickpocketed for the ultimate reveal<br style=\"font-size: medium;\" \/>-Putpocket items into backpacks and purses<br style=\"font-size: medium;\" \/>-Putpocket Coins and Cards into the pockets of jackets, Pants, and Shirts\u00a0<\/span><\/p>\n<p>\u00a0<\/p>\n<ul>\n<li style=\"color: #444444; font-size: medium; font-family: 'Segoe UI', Arial, Helvetica, sans-serif;\"><span style=\"font-size: 14pt; font-family: arial, helvetica, sans-serif; color: #000000;\">Removing a Tie<\/span><\/li>\n<li style=\"color: #444444; font-size: medium; font-family: 'Segoe UI', Arial, Helvetica, sans-serif;\"><span style=\"font-size: 14pt; font-family: arial, helvetica, sans-serif; color: #000000;\">Removing Glasses from the face and body<\/span><\/li>\n<li style=\"color: #444444; font-size: medium; font-family: 'Segoe UI', Arial, Helvetica, sans-serif;\"><span style=\"font-size: 14pt; font-family: arial, helvetica, sans-serif; color: #000000;\">Removing Suspenders<\/span><\/li>\n<li style=\"color: #444444; font-size: medium; font-family: 'Segoe UI', Arial, Helvetica, sans-serif;\"><span style=\"font-size: 14pt; font-family: arial, helvetica, sans-serif; color: #000000;\">Removing a belt<\/span><\/li>\n<li style=\"color: #444444; font-size: medium; font-family: 'Segoe UI', Arial, Helvetica, sans-serif;\"><span style=\"font-size: 14pt; font-family: arial, helvetica, sans-serif; color: #000000;\">Removing a bra\u00a0<\/span><\/li>\n<\/ul>\n<p><strong><span style=\"font-size: 14pt; font-family: arial, helvetica, sans-serif; color: #000000;\">Volume #4<\/span><\/strong><\/p>\n<p><span style=\"font-size: 14pt; font-family: arial, helvetica, sans-serif; color: #000000;\">Z tego video nauczysz si\u0119, jak \u015bci\u0105ga\u0107 nast\u0119puj\u0105ce przedmioty:<\/span><\/p>\n<p><span style=\"color: #000000; font-size: 14pt; font-family: arial, helvetica, sans-serif;\">&#8211; Pickpocketing in a straight jacket with 3 different escapes\u00a0<\/span><br style=\"color: #444444; font-size: medium; font-family: 'Segoe UI', Arial, Helvetica, sans-serif;\" \/><span style=\"color: #000000; font-size: 14pt; font-family: arial, helvetica, sans-serif;\">-The Shirt Pull\u00a0<\/span><br style=\"color: #444444; font-size: medium; font-family: 'Segoe UI', Arial, Helvetica, sans-serif;\" \/><span style=\"color: #000000; font-size: 14pt; font-family: arial, helvetica, sans-serif;\">-Shadow Pickpocketing\u00a0<\/span><br style=\"color: #444444; font-size: medium; font-family: 'Segoe UI', Arial, Helvetica, sans-serif;\" \/><span style=\"color: #000000; font-size: 14pt; font-family: arial, helvetica, sans-serif;\">-Stage Whispering<\/span><\/p>\n<p>\u00a0<\/p>\n<ul>\n<li style=\"font-size: medium;\"><span style=\"font-size: 14pt; font-family: arial, helvetica, sans-serif; color: #000000;\">Dirty Underwear<\/span><\/li>\n<li style=\"font-size: medium;\"><span style=\"font-size: 14pt; font-family: arial, helvetica, sans-serif; color: #000000;\">Underwear Pull\u00a0<\/span><\/li>\n<li style=\"color: #444444; font-size: medium; font-family: 'Segoe UI', Arial, Helvetica, sans-serif;\"><span style=\"font-size: 14pt; font-family: arial, helvetica, sans-serif; color: #000000;\">the Hand<\/span><\/li>\n<li style=\"color: #444444; font-size: medium; font-family: 'Segoe UI', Arial, Helvetica, sans-serif;\"><span style=\"font-size: 14pt; font-family: arial, helvetica, sans-serif; color: #000000;\">the Jacket<\/span><\/li>\n<\/ul>\n<p><strong><span style=\"font-size: 14pt; font-family: arial, helvetica, sans-serif; color: #000000;\">Polecamy,<\/span><\/strong><\/p>\n<p><strong><span style=\"font-size: 14pt; font-family: arial, helvetica, sans-serif; color: #000000;\">magiiik.pl<\/span><\/strong><\/p>\n<p>\u00a0<\/p>\n<p>\u00a0<\/p>\n<p>\u00a0<\/p>\n<p>\u00a0<\/p>\n<p>\u00a0<\/p>\n","protected":false},"excerpt":{"rendered":"<p><strong>Encyclopedia Pickpocketing Set (Vol 1 &#8211; 4) video\u00a0<\/strong><\/p>\n","protected":false},"featured_media":9097,"comment_status":"closed","ping_status":"open","template":"","meta":[],"product_brand":[],"product_cat":[55],"product_tag":[],"class_list":{"0":"post-9096","1":"product","2":"type-product","3":"status-publish","4":"has-post-thumbnail","6":"product_cat-ksiazki-dvd-download-downloads","8":"first","9":"instock","10":"purchasable","11":"product-type-simple"},"_links":{"self":[{"href":"https:\/\/magiiik.netstory.com.pl\/index.php?rest_route=\/wp\/v2\/product\/9096","targetHints":{"allow":["GET"]}}],"collection":[{"href":"https:\/\/magiiik.netstory.com.pl\/index.php?rest_route=\/wp\/v2\/product"}],"about":[{"href":"https:\/\/magiiik.netstory.com.pl\/index.php?rest_route=\/wp\/v2\/types\/product"}],"replies":[{"embeddable":true,"href":"https:\/\/magiiik.netstory.com.pl\/index.php?rest_route=%2Fwp%2Fv2%2Fcomments&post=9096"}],"wp:featuredmedia":[{"embeddable":true,"href":"https:\/\/magiiik.netstory.com.pl\/index.php?rest_route=\/wp\/v2\/media\/9097"}],"wp:attachment":[{"href":"https:\/\/magiiik.netstory.com.pl\/index.php?rest_route=%2Fwp%2Fv2%2Fmedia&parent=9096"}],"wp:term":[{"taxonomy":"product_brand","embeddable":true,"href":"https:\/\/magiiik.netstory.com.pl\/index.php?rest_route=%2Fwp%2Fv2%2Fproduct_brand&post=9096"},{"taxonomy":"product_cat","embeddable":true,"href":"https:\/\/magiiik.netstory.com.pl\/index.php?rest_route=%2Fwp%2Fv2%2Fproduct_cat&post=9096"},{"taxonomy":"product_tag","embeddable":true,"href":"https:\/\/magiiik.netstory.com.pl\/index.php?rest_route=%2Fwp%2Fv2%2Fproduct_tag&post=9096"}],"curies":[{"name":"wp","href":"https:\/\/api.w.org\/{rel}","templated":true}]}}