{"id":9082,"date":"2025-09-19T13:22:18","date_gmt":"2025-09-19T11:22:18","guid":{"rendered":"https:\/\/magiiik.netstory.com.pl\/produkt\/at-the-table-live-lecture-justin-miller\/"},"modified":"2025-09-19T13:22:24","modified_gmt":"2025-09-19T11:22:24","slug":"at-the-table-live-lecture-justin-miller","status":"publish","type":"product","link":"https:\/\/magiiik.netstory.com.pl\/?product=at-the-table-live-lecture-justin-miller","title":{"rendered":"At the Table Live Lecture &#8211; Justin Miller"},"content":{"rendered":"<p style=\"text-align: center;\"><span style=\"font-size: 14pt; font-family: arial, helvetica, sans-serif;\"><strong>Justin Miller<\/strong> jest nadzwyczajnym tw\u00f3rc\u0105 magii oraz \u015bwiatowej s\u0142awy artyst\u0105! Jest hitem TV show\u00a0<span style=\"color: #444444;\"><strong>Wizard Wars<\/strong>. Potrafi stworzy\u0107 niezwyk\u0142\u0105 magiczn\u0105 atmosfer\u0119 podczas swoich pokaz\u00f3w, ci\u0105gle pracuje nad ulepszeniem efekt\u00f3w magicznych &#8211; bezcenne porady dla ka\u017cdego magika. Przedstawi swoje najbardziej popularne efekty, jak i zupe\u0142nie nowe, niepublikowane jeszcze!\u00a0<\/span><\/span><\/p>\n<p style=\"text-align: center;\"><span style=\"color: #444444; font-size: 14pt; font-family: arial, helvetica, sans-serif;\">To szczeg\u00f3lne wydarzenie, musisz to zobaczy\u0107!<\/span><\/p>\n<p style=\"text-align: center;\"><strong><span style=\"color: #444444; font-size: 14pt; font-family: arial, helvetica, sans-serif;\">Zapraszamy,<\/span><\/strong><\/p>\n<p style=\"text-align: center;\"><strong><span style=\"color: #444444; font-size: 14pt; font-family: arial, helvetica, sans-serif;\">magiiik.pl<\/span><\/strong><\/p>\n<p>\u00a0<\/p>\n","protected":false},"excerpt":{"rendered":"<p><strong>At the Table Live Lecture &#8211; Justin Miller<\/strong><\/p>\n","protected":false},"featured_media":9083,"comment_status":"closed","ping_status":"open","template":"","meta":[],"product_brand":[],"product_cat":[50],"product_tag":[],"class_list":{"0":"post-9082","1":"product","2":"type-product","3":"status-publish","4":"has-post-thumbnail","6":"product_cat-ksiazki-dvd-download-downloads-at-the-table","8":"first","9":"instock","10":"purchasable","11":"product-type-simple"},"_links":{"self":[{"href":"https:\/\/magiiik.netstory.com.pl\/index.php?rest_route=\/wp\/v2\/product\/9082","targetHints":{"allow":["GET"]}}],"collection":[{"href":"https:\/\/magiiik.netstory.com.pl\/index.php?rest_route=\/wp\/v2\/product"}],"about":[{"href":"https:\/\/magiiik.netstory.com.pl\/index.php?rest_route=\/wp\/v2\/types\/product"}],"replies":[{"embeddable":true,"href":"https:\/\/magiiik.netstory.com.pl\/index.php?rest_route=%2Fwp%2Fv2%2Fcomments&post=9082"}],"wp:featuredmedia":[{"embeddable":true,"href":"https:\/\/magiiik.netstory.com.pl\/index.php?rest_route=\/wp\/v2\/media\/9083"}],"wp:attachment":[{"href":"https:\/\/magiiik.netstory.com.pl\/index.php?rest_route=%2Fwp%2Fv2%2Fmedia&parent=9082"}],"wp:term":[{"taxonomy":"product_brand","embeddable":true,"href":"https:\/\/magiiik.netstory.com.pl\/index.php?rest_route=%2Fwp%2Fv2%2Fproduct_brand&post=9082"},{"taxonomy":"product_cat","embeddable":true,"href":"https:\/\/magiiik.netstory.com.pl\/index.php?rest_route=%2Fwp%2Fv2%2Fproduct_cat&post=9082"},{"taxonomy":"product_tag","embeddable":true,"href":"https:\/\/magiiik.netstory.com.pl\/index.php?rest_route=%2Fwp%2Fv2%2Fproduct_tag&post=9082"}],"curies":[{"name":"wp","href":"https:\/\/api.w.org\/{rel}","templated":true}]}}