{"id":9080,"date":"2025-09-19T13:22:18","date_gmt":"2025-09-19T11:22:18","guid":{"rendered":"https:\/\/magiiik.netstory.com.pl\/produkt\/at-the-table-live-lecture-paul-draper\/"},"modified":"2025-09-19T13:22:24","modified_gmt":"2025-09-19T11:22:24","slug":"at-the-table-live-lecture-paul-draper","status":"publish","type":"product","link":"https:\/\/magiiik.netstory.com.pl\/?product=at-the-table-live-lecture-paul-draper","title":{"rendered":"At the Table Live Lecture &#8211; Paul Draper"},"content":{"rendered":"<p style=\"text-align: center;\"><span style=\"font-size: 14pt; font-family: arial, helvetica, sans-serif;\"><strong>Paul Draper<\/strong> jest jednym \u00a0z najci\u0119\u017cej pracuj\u0105cych mag\u00f3w i mentalist\u00f3w, jakiego pozna\u0142 \u015bwiat! <strong>Paul<\/strong> podr\u00f3\u017cowa\u0142 po \u015bwiecie wykonuj\u0105c swoje show i robi\u0105c wyk\u0142ady dla iluzjonist\u00f3w, odwiedzi\u0142 r\u00f3wnie\u017c s\u0142ynny\u00a0<span style=\"color: #444444;\"><strong>Magic Castle,<\/strong> pojawi\u0142 si\u0119 wiele razy w telewizji i zdoby\u0142 nagrod\u0119\u00a0<strong>Merlin Award<\/strong> w 2014 roku. W <strong>AT THE TABLE<\/strong> b\u0119dzie wykonywa\u0142 i t\u0142umaczy\u0142 tricki z mentalizmu i wiele innych.\u00a0<\/span><\/span><\/p>\n<p style=\"text-align: center;\">\u00a0<\/p>\n<p style=\"text-align: center;\"><iframe loading=\"lazy\" src=\"\/\/www.youtube.com\/embed\/ybw8U6G1Ys8\" width=\"425\" height=\"350\"><\/iframe><\/p>\n<p style=\"text-align: center;\">\u00a0<\/p>\n<p style=\"text-align: center;\"><strong><span style=\"font-size: 14pt; font-family: arial, helvetica, sans-serif;\">Zapraszamy,<\/span><\/strong><\/p>\n<p style=\"text-align: center;\"><strong><span style=\"font-size: 14pt; font-family: arial, helvetica, sans-serif;\">magiiik.pl<\/span><\/strong><\/p>\n","protected":false},"excerpt":{"rendered":"<p><strong>At the Table Live Lecture &#8211; Paul Draper<\/strong><\/p>\n","protected":false},"featured_media":9081,"comment_status":"closed","ping_status":"open","template":"","meta":[],"product_brand":[],"product_cat":[50],"product_tag":[],"class_list":{"0":"post-9080","1":"product","2":"type-product","3":"status-publish","4":"has-post-thumbnail","6":"product_cat-ksiazki-dvd-download-downloads-at-the-table","8":"first","9":"instock","10":"purchasable","11":"product-type-simple"},"_links":{"self":[{"href":"https:\/\/magiiik.netstory.com.pl\/index.php?rest_route=\/wp\/v2\/product\/9080","targetHints":{"allow":["GET"]}}],"collection":[{"href":"https:\/\/magiiik.netstory.com.pl\/index.php?rest_route=\/wp\/v2\/product"}],"about":[{"href":"https:\/\/magiiik.netstory.com.pl\/index.php?rest_route=\/wp\/v2\/types\/product"}],"replies":[{"embeddable":true,"href":"https:\/\/magiiik.netstory.com.pl\/index.php?rest_route=%2Fwp%2Fv2%2Fcomments&post=9080"}],"wp:featuredmedia":[{"embeddable":true,"href":"https:\/\/magiiik.netstory.com.pl\/index.php?rest_route=\/wp\/v2\/media\/9081"}],"wp:attachment":[{"href":"https:\/\/magiiik.netstory.com.pl\/index.php?rest_route=%2Fwp%2Fv2%2Fmedia&parent=9080"}],"wp:term":[{"taxonomy":"product_brand","embeddable":true,"href":"https:\/\/magiiik.netstory.com.pl\/index.php?rest_route=%2Fwp%2Fv2%2Fproduct_brand&post=9080"},{"taxonomy":"product_cat","embeddable":true,"href":"https:\/\/magiiik.netstory.com.pl\/index.php?rest_route=%2Fwp%2Fv2%2Fproduct_cat&post=9080"},{"taxonomy":"product_tag","embeddable":true,"href":"https:\/\/magiiik.netstory.com.pl\/index.php?rest_route=%2Fwp%2Fv2%2Fproduct_tag&post=9080"}],"curies":[{"name":"wp","href":"https:\/\/api.w.org\/{rel}","templated":true}]}}