{"id":9076,"date":"2025-09-19T13:22:18","date_gmt":"2025-09-19T11:22:18","guid":{"rendered":"https:\/\/magiiik.netstory.com.pl\/produkt\/genii-magazine-01-2015\/"},"modified":"2025-09-19T13:22:23","modified_gmt":"2025-09-19T11:22:23","slug":"genii-magazine-01-2015","status":"publish","type":"product","link":"https:\/\/magiiik.netstory.com.pl\/?product=genii-magazine-01-2015","title":{"rendered":"Genii Magazine 01\/2015"},"content":{"rendered":"<p style=\"font-size: 12px; font-family: Tahoma, Arial, sans-serif; text-align: center;\"><span style=\"font-size: 14pt; font-family: arial, helvetica, sans-serif;\"><strong><span style=\"font-size: 18.6666660308838px;\">Genii<\/span>\u00a0<\/strong>to najlepiej sprzedaj\u0105cy si\u0119 magazyn magiczny na \u015bwiecie!\u00a0<\/span><\/p>\n<p style=\"font-size: 12px; font-family: Tahoma, Arial, sans-serif; text-align: center;\"><span style=\"font-size: 14pt; font-family: arial, helvetica, sans-serif;\">Zawiera wi\u0119cej stron ni\u017c jakikolwiek inny magazyn, z du\u017c\u0105 ilo\u015bci\u0105 felieton\u00f3w najlepszych pisarzy ze \u015bwiata magii i iluzji!<\/span><\/p>\n<p style=\"font-size: 12px; font-family: Tahoma, Arial, sans-serif; text-align: center;\"><span style=\"font-size: 14pt; font-family: arial, helvetica, sans-serif;\"><strong><span style=\"font-size: 18.6666660308838px;\">Genii<\/span><\/strong>\u00a0to magazyn, kt\u00f3ry kilka razy w roku zawiera <strong>DVD<\/strong> instrukta\u017cowe!<\/span><\/p>\n<p style=\"font-size: 12px; font-family: Tahoma, Arial, sans-serif; text-align: center;\"><span style=\"font-size: 14pt; font-family: arial, helvetica, sans-serif;\">Publicystami\u00a0<strong><span style=\"font-size: 18.6666660308838px;\">Genii<\/span><\/strong>\u00a0s\u0105 najwi\u0119ksze nazwiska magii na \u015bwiecie:\u00a0<strong><span style=\"font-size: 18.6666660308838px;\"><span style=\"color: #444444; font-size: 18.6666660308838px;\">Jim Steinmeyer, Tom Stone, Roberto Giobbi, David Kaye, Jonathan Pendragon, Jon Racherbaumer, David Britland, Eugene Burger, Dani DaOrtiz, Chris Kenner &amp; Homer Liwag, Max Maven, Al Cohen i Caleb Wiles.<\/span><\/span><\/strong><\/span><\/p>\n<p style=\"font-size: 12px; font-family: Tahoma, Arial, sans-serif; text-align: center;\"><span style=\"font-size: 14pt; font-family: arial, helvetica, sans-serif;\">MAGICZNY MAGAZYN DLA KA\u017bDEGO ILUZJONISTY<\/span><\/p>\n<p style=\"font-size: 12px; font-family: Tahoma, Arial, sans-serif; text-align: center;\"><strong><span style=\"font-size: 14pt; font-family: arial, helvetica, sans-serif;\">Polecamy,<\/span><\/strong><\/p>\n<p style=\"font-size: 12px; font-family: Tahoma, Arial, sans-serif; text-align: center;\"><strong><span style=\"font-size: 14pt; font-family: arial, helvetica, sans-serif;\">magiiik.pl<\/span><\/strong><\/p>\n","protected":false},"excerpt":{"rendered":"<p><strong>Genii Magazine 01\/2015<\/strong><\/p>\n","protected":false},"featured_media":9077,"comment_status":"closed","ping_status":"open","template":"","meta":[],"product_brand":[],"product_cat":[67],"product_tag":[],"class_list":{"0":"post-9076","1":"product","2":"type-product","3":"status-publish","4":"has-post-thumbnail","6":"product_cat-czasopisma-genii","8":"first","9":"instock","10":"purchasable","11":"product-type-simple"},"_links":{"self":[{"href":"https:\/\/magiiik.netstory.com.pl\/index.php?rest_route=\/wp\/v2\/product\/9076","targetHints":{"allow":["GET"]}}],"collection":[{"href":"https:\/\/magiiik.netstory.com.pl\/index.php?rest_route=\/wp\/v2\/product"}],"about":[{"href":"https:\/\/magiiik.netstory.com.pl\/index.php?rest_route=\/wp\/v2\/types\/product"}],"replies":[{"embeddable":true,"href":"https:\/\/magiiik.netstory.com.pl\/index.php?rest_route=%2Fwp%2Fv2%2Fcomments&post=9076"}],"wp:featuredmedia":[{"embeddable":true,"href":"https:\/\/magiiik.netstory.com.pl\/index.php?rest_route=\/wp\/v2\/media\/9077"}],"wp:attachment":[{"href":"https:\/\/magiiik.netstory.com.pl\/index.php?rest_route=%2Fwp%2Fv2%2Fmedia&parent=9076"}],"wp:term":[{"taxonomy":"product_brand","embeddable":true,"href":"https:\/\/magiiik.netstory.com.pl\/index.php?rest_route=%2Fwp%2Fv2%2Fproduct_brand&post=9076"},{"taxonomy":"product_cat","embeddable":true,"href":"https:\/\/magiiik.netstory.com.pl\/index.php?rest_route=%2Fwp%2Fv2%2Fproduct_cat&post=9076"},{"taxonomy":"product_tag","embeddable":true,"href":"https:\/\/magiiik.netstory.com.pl\/index.php?rest_route=%2Fwp%2Fv2%2Fproduct_tag&post=9076"}],"curies":[{"name":"wp","href":"https:\/\/api.w.org\/{rel}","templated":true}]}}