{"id":9063,"date":"2025-09-19T13:22:18","date_gmt":"2025-09-19T11:22:18","guid":{"rendered":"https:\/\/magiiik.netstory.com.pl\/produkt\/bicycle-metal-by-collectable-playing-cards\/"},"modified":"2025-09-19T13:22:18","modified_gmt":"2025-09-19T11:22:18","slug":"bicycle-metal-by-collectable-playing-cards","status":"publish","type":"product","link":"https:\/\/magiiik.netstory.com.pl\/?product=bicycle-metal-by-collectable-playing-cards","title":{"rendered":"Bicycle Metal by Collectable Playing Cards"},"content":{"rendered":"<p style=\"text-align: center;\"><span style=\"font-size: 14pt; font-family: arial, helvetica, sans-serif;\">Talia <strong>METAL Bicycle<\/strong> to bardzo oryginalna talia kart. Limitowana, numerowana edycja, idealna dla kolekcjoner\u00f3w!<\/span><\/p>\n<p style=\"text-align: center;\"><span style=\"font-size: 14pt; font-family: arial, helvetica, sans-serif;\">Mimo, \u017ce talia powsta\u0142a z my\u015bl\u0105 o kolekcjonerach, zawiera r\u00f3wnie\u017c kilka magicznych w\u0142a\u015bciwo\u015bci.<\/span><\/p>\n<p style=\"text-align: left;\"><span style=\"font-size: 14pt; font-family: arial, helvetica, sans-serif;\">&#8211; wydrukowane przez <strong>Bicycle<\/strong>;<\/span><\/p>\n<p style=\"text-align: left;\"><span style=\"font-size: 14pt; font-family: arial, helvetica, sans-serif;\">&#8211; pude\u0142ko grawerowane, pokryte metaliczn\u0105 foli\u0105;<\/span><\/p>\n<p style=\"text-align: left;\"><span style=\"font-size: 14pt; font-family: arial, helvetica, sans-serif;\">&#8211; <strong>double back gaff card<\/strong>;<\/span><\/p>\n<p style=\"text-align: left;\"><span style=\"font-size: 14pt; font-family: arial, helvetica, sans-serif;\">&#8211; funkcja ruchu<\/span><\/p>\n<p style=\"text-align: left;\"><span style=\"font-size: 14pt; font-family: arial, helvetica, sans-serif;\">&#8211; wiele funkcji do magicznych rutyn.<\/span><\/p>\n<p style=\"text-align: left;\"><strong><span style=\"font-size: 14pt; font-family: arial, helvetica, sans-serif;\">Polecamy,<\/span><\/strong><\/p>\n<p style=\"text-align: left;\"><strong><span style=\"font-size: 14pt; font-family: arial, helvetica, sans-serif;\">magiiik.pl<\/span><\/strong><\/p>\n","protected":false},"excerpt":{"rendered":"<p><strong>Bicycle Metal by Collectable Playing Cards<\/strong><\/p>\n","protected":false},"featured_media":9064,"comment_status":"closed","ping_status":"open","template":"","meta":[],"product_brand":[],"product_cat":[46],"product_tag":[],"class_list":{"0":"post-9063","1":"product","2":"type-product","3":"status-publish","4":"has-post-thumbnail","6":"product_cat-mikro-iluzja-close-up-karty-kolekcjonerskie","8":"first","9":"instock","10":"purchasable","11":"product-type-simple"},"_links":{"self":[{"href":"https:\/\/magiiik.netstory.com.pl\/index.php?rest_route=\/wp\/v2\/product\/9063","targetHints":{"allow":["GET"]}}],"collection":[{"href":"https:\/\/magiiik.netstory.com.pl\/index.php?rest_route=\/wp\/v2\/product"}],"about":[{"href":"https:\/\/magiiik.netstory.com.pl\/index.php?rest_route=\/wp\/v2\/types\/product"}],"replies":[{"embeddable":true,"href":"https:\/\/magiiik.netstory.com.pl\/index.php?rest_route=%2Fwp%2Fv2%2Fcomments&post=9063"}],"wp:featuredmedia":[{"embeddable":true,"href":"https:\/\/magiiik.netstory.com.pl\/index.php?rest_route=\/wp\/v2\/media\/9064"}],"wp:attachment":[{"href":"https:\/\/magiiik.netstory.com.pl\/index.php?rest_route=%2Fwp%2Fv2%2Fmedia&parent=9063"}],"wp:term":[{"taxonomy":"product_brand","embeddable":true,"href":"https:\/\/magiiik.netstory.com.pl\/index.php?rest_route=%2Fwp%2Fv2%2Fproduct_brand&post=9063"},{"taxonomy":"product_cat","embeddable":true,"href":"https:\/\/magiiik.netstory.com.pl\/index.php?rest_route=%2Fwp%2Fv2%2Fproduct_cat&post=9063"},{"taxonomy":"product_tag","embeddable":true,"href":"https:\/\/magiiik.netstory.com.pl\/index.php?rest_route=%2Fwp%2Fv2%2Fproduct_tag&post=9063"}],"curies":[{"name":"wp","href":"https:\/\/api.w.org\/{rel}","templated":true}]}}