{"id":9043,"date":"2025-09-19T13:21:56","date_gmt":"2025-09-19T11:21:56","guid":{"rendered":"https:\/\/magiiik.netstory.com.pl\/produkt\/zestaw-parasoli-4-szt-niebiesko-biale\/"},"modified":"2025-09-19T13:22:04","modified_gmt":"2025-09-19T11:22:04","slug":"zestaw-parasoli-4-szt-niebiesko-biale","status":"publish","type":"product","link":"https:\/\/magiiik.netstory.com.pl\/?product=zestaw-parasoli-4-szt-niebiesko-biale","title":{"rendered":"Zestaw parasoli (4 szt.) niebiesko &#8211; bia\u0142e"},"content":{"rendered":"<p style=\"font-size: 12px; font-family: Tahoma, Arial, sans-serif; text-align: center;\"><em><strong><span style=\"font-size: 14pt; font-family: arial, helvetica, sans-serif;\">&#8222;Nasze parasole zosta\u0142y wysoko ocenione przez wielu ekspert\u00f3w na ca\u0142ym \u015bwiecie, jako jedne z najlepszych w historii&#8221;\u00a0<\/span><\/strong><\/em><\/p>\n<p style=\"font-size: 12px; font-family: Tahoma, Arial, sans-serif; text-align: center;\"><span style=\"font-size: 14pt; font-family: arial, helvetica, sans-serif;\">&#8211; <strong>Parasol Anywhere<\/strong><\/span><\/p>\n<p style=\"font-size: 12px; font-family: Tahoma, Arial, sans-serif; text-align: center;\"><span style=\"font-size: 14pt; font-family: arial, helvetica, sans-serif;\">W zestawie otrzymasz\u00a04 parasole, najwy\u017cszej jako\u015bci, samo otwieraj\u0105ce si\u0119. Wszystkie parasole s\u0105 w tym samym kolorze &#8211; niebiesko &#8211; bia\u0142ym.<\/span><\/p>\n<p style=\"font-size: 12px; font-family: Tahoma, Arial, sans-serif; text-align: center;\"><span style=\"font-size: 14pt; font-family: arial, helvetica, sans-serif;\">Idealne do rozbudowania swojego aktu z parasolami, idealne dla pocz\u0105tkuj\u0105cych, kt\u00f3rzy chc\u0105 rozpocz\u0105\u0107 histori\u0119 magii z parasolami!\u00a0<\/span><\/p>\n<p style=\"font-size: 12px; font-family: Tahoma, Arial, sans-serif;\">\u00a0<\/p>\n<p style=\"font-size: 12px; font-family: Tahoma, Arial, sans-serif; text-align: center;\">\u00a0<iframe loading=\"lazy\" src=\"\/\/www.youtube.com\/embed\/YfpEZ1JPwzU\" width=\"425\" height=\"350\"><\/iframe><\/p>\n<p style=\"font-size: 12px; font-family: Tahoma, Arial, sans-serif;\">\u00a0<\/p>\n<p style=\"font-size: 12px; font-family: Tahoma, Arial, sans-serif;\"><strong>Wymiary:<\/strong><br \/><strong>Zamkni\u0119ty Rozmiar: 16.5 &#8222;x 1&#8221; (40.64cm x 2.54cm)\u00a0<\/strong><br \/><strong>Otwarty Rozmiar: 16.5 &#8222;x 25&#8221; (40.64cm x 63.5cm)<\/strong><\/p>\n<p style=\"font-size: 12px; font-family: Tahoma, Arial, sans-serif;\"><strong>Polecamy,<\/strong><\/p>\n<p style=\"font-size: 12px; font-family: Tahoma, Arial, sans-serif;\"><strong>magiiik.pl<\/strong><\/p>\n","protected":false},"excerpt":{"rendered":"<p><strong>Zestaw parasoli (4 szt.) niebiesko &#8211; bia\u0142e<\/strong><\/p>\n","protected":false},"featured_media":9044,"comment_status":"closed","ping_status":"open","template":"","meta":[],"product_brand":[],"product_cat":[63],"product_tag":[],"class_list":{"0":"post-9043","1":"product","2":"type-product","3":"status-publish","4":"has-post-thumbnail","6":"product_cat-iluzja-sceniczna-manipulacje-parasole","8":"first","9":"instock","10":"purchasable","11":"product-type-simple"},"_links":{"self":[{"href":"https:\/\/magiiik.netstory.com.pl\/index.php?rest_route=\/wp\/v2\/product\/9043","targetHints":{"allow":["GET"]}}],"collection":[{"href":"https:\/\/magiiik.netstory.com.pl\/index.php?rest_route=\/wp\/v2\/product"}],"about":[{"href":"https:\/\/magiiik.netstory.com.pl\/index.php?rest_route=\/wp\/v2\/types\/product"}],"replies":[{"embeddable":true,"href":"https:\/\/magiiik.netstory.com.pl\/index.php?rest_route=%2Fwp%2Fv2%2Fcomments&post=9043"}],"wp:featuredmedia":[{"embeddable":true,"href":"https:\/\/magiiik.netstory.com.pl\/index.php?rest_route=\/wp\/v2\/media\/9044"}],"wp:attachment":[{"href":"https:\/\/magiiik.netstory.com.pl\/index.php?rest_route=%2Fwp%2Fv2%2Fmedia&parent=9043"}],"wp:term":[{"taxonomy":"product_brand","embeddable":true,"href":"https:\/\/magiiik.netstory.com.pl\/index.php?rest_route=%2Fwp%2Fv2%2Fproduct_brand&post=9043"},{"taxonomy":"product_cat","embeddable":true,"href":"https:\/\/magiiik.netstory.com.pl\/index.php?rest_route=%2Fwp%2Fv2%2Fproduct_cat&post=9043"},{"taxonomy":"product_tag","embeddable":true,"href":"https:\/\/magiiik.netstory.com.pl\/index.php?rest_route=%2Fwp%2Fv2%2Fproduct_tag&post=9043"}],"curies":[{"name":"wp","href":"https:\/\/api.w.org\/{rel}","templated":true}]}}