{"id":9036,"date":"2025-09-19T13:21:56","date_gmt":"2025-09-19T11:21:56","guid":{"rendered":"https:\/\/magiiik.netstory.com.pl\/produkt\/stiff-rope-by-di-fatta-sztywniejaca-lina\/"},"modified":"2025-09-19T13:22:03","modified_gmt":"2025-09-19T11:22:03","slug":"stiff-rope-by-di-fatta-sztywniejaca-lina","status":"publish","type":"product","link":"https:\/\/magiiik.netstory.com.pl\/?product=stiff-rope-by-di-fatta-sztywniejaca-lina","title":{"rendered":"Stiff Rope by di Fatta (sztywniej\u0105ca lina)"},"content":{"rendered":"<p style=\"text-align: center;\"><span style=\"font-size: 14pt; font-family: arial, helvetica, sans-serif;\"><strong>Sztywniej\u0105ca lina<\/strong> to bardzo klasyczny trick przypominaj\u0105cy s\u0142ynny <strong>Indian Rope Trick Illusion<\/strong>.<\/span><\/p>\n<p style=\"text-align: center;\"><span style=\"font-size: 14pt; font-family: arial, helvetica, sans-serif;\">Prezentujesz widzom zwini\u0119t\u0105 lin\u0119. Rozwijasz i rozci\u0105gasz mi\u0119dzy dwiema r\u0119koma. Hipnotyzujesz lin\u0119 i&#8230; puszczasz jeden z jej ko\u0144c\u00f3w, po czym ona nieruchomo pozostaje w pionie, jest sztywna, jak kij! Delikatnie mo\u017cesz postawi\u0107 j\u0105 prawie w pozycji pionowej, po czym wystarczy tylko lekkie dmuchni\u0119cie, aby lina wr\u00f3ci\u0142a do swojej pierwotnej postaci.\u00a0<\/span><\/p>\n<p style=\"text-align: center;\"><span style=\"font-size: 14pt; font-family: arial, helvetica, sans-serif;\">Idealna w iluzji dla dzieci oraz iluzji komicznej.<\/span><\/p>\n<p style=\"text-align: center;\"><strong><span style=\"font-size: 14pt; font-family: arial, helvetica, sans-serif;\">Polecamy,<\/span><\/strong><\/p>\n<p style=\"text-align: center;\"><strong><span style=\"font-size: 14pt; font-family: arial, helvetica, sans-serif;\">magiiik.pl<\/span><\/strong><\/p>\n","protected":false},"excerpt":{"rendered":"<p><strong>Stiff Rope by di Fatta (sztywniej\u0105ca lina)<\/strong><\/p>\n","protected":false},"featured_media":9037,"comment_status":"closed","ping_status":"open","template":"","meta":[],"product_brand":[],"product_cat":[40],"product_tag":[],"class_list":{"0":"post-9036","1":"product","2":"type-product","3":"status-publish","4":"has-post-thumbnail","6":"product_cat-iluzja-sceniczna-sznury","8":"first","9":"instock","10":"purchasable","11":"product-type-simple"},"_links":{"self":[{"href":"https:\/\/magiiik.netstory.com.pl\/index.php?rest_route=\/wp\/v2\/product\/9036","targetHints":{"allow":["GET"]}}],"collection":[{"href":"https:\/\/magiiik.netstory.com.pl\/index.php?rest_route=\/wp\/v2\/product"}],"about":[{"href":"https:\/\/magiiik.netstory.com.pl\/index.php?rest_route=\/wp\/v2\/types\/product"}],"replies":[{"embeddable":true,"href":"https:\/\/magiiik.netstory.com.pl\/index.php?rest_route=%2Fwp%2Fv2%2Fcomments&post=9036"}],"wp:featuredmedia":[{"embeddable":true,"href":"https:\/\/magiiik.netstory.com.pl\/index.php?rest_route=\/wp\/v2\/media\/9037"}],"wp:attachment":[{"href":"https:\/\/magiiik.netstory.com.pl\/index.php?rest_route=%2Fwp%2Fv2%2Fmedia&parent=9036"}],"wp:term":[{"taxonomy":"product_brand","embeddable":true,"href":"https:\/\/magiiik.netstory.com.pl\/index.php?rest_route=%2Fwp%2Fv2%2Fproduct_brand&post=9036"},{"taxonomy":"product_cat","embeddable":true,"href":"https:\/\/magiiik.netstory.com.pl\/index.php?rest_route=%2Fwp%2Fv2%2Fproduct_cat&post=9036"},{"taxonomy":"product_tag","embeddable":true,"href":"https:\/\/magiiik.netstory.com.pl\/index.php?rest_route=%2Fwp%2Fv2%2Fproduct_tag&post=9036"}],"curies":[{"name":"wp","href":"https:\/\/api.w.org\/{rel}","templated":true}]}}