{"id":9030,"date":"2025-09-19T13:21:56","date_gmt":"2025-09-19T11:21:56","guid":{"rendered":"https:\/\/magiiik.netstory.com.pl\/produkt\/crochet-ball-1-by-bazar-de-magia\/"},"modified":"2025-09-19T13:22:01","modified_gmt":"2025-09-19T11:22:01","slug":"crochet-ball-1-by-bazar-de-magia","status":"publish","type":"product","link":"https:\/\/magiiik.netstory.com.pl\/?product=crochet-ball-1-by-bazar-de-magia","title":{"rendered":"Crochet Ball 1&#8243; by Bazar de Magia"},"content":{"rendered":"<p style=\"text-align: center;\"><span style=\"font-size: 14pt; font-family: arial, helvetica, sans-serif;\">R\u0119cznie robione, szyde\u0142kowane pi\u0142eczki do klasycznego tricku <strong>Cups and Balls<\/strong>.\u00a0<\/span><\/p>\n<p style=\"text-align: center;\"><span style=\"font-size: 14pt; font-family: arial, helvetica, sans-serif;\">Bardzo dobra jako\u015b\u0107!<\/span><\/p>\n<p style=\"text-align: center;\"><span style=\"font-size: 14pt; font-family: arial, helvetica, sans-serif;\">Rozmiar: 1&#8243;<\/span><\/p>\n<p style=\"text-align: center;\">\u00a0<\/p>\n<p style=\"text-align: center;\"><em><strong><span style=\"font-size: 14pt; font-family: arial, helvetica, sans-serif;\">UWAGA!<\/span><\/strong><\/em><\/p>\n<p style=\"text-align: center;\"><em><strong><span style=\"font-size: 14pt; font-family: arial, helvetica, sans-serif;\">Cena za 1 szt.<\/span><\/strong><\/em><\/p>\n<p style=\"text-align: center;\">\u00a0<\/p>\n<p style=\"text-align: center;\"><strong><span style=\"font-size: 14pt; font-family: arial, helvetica, sans-serif;\">Polecamy,<\/span><\/strong><\/p>\n<p style=\"text-align: center;\"><strong><span style=\"font-size: 14pt; font-family: arial, helvetica, sans-serif;\">magiiik.pl<\/span><\/strong><\/p>\n","protected":false},"excerpt":{"rendered":"<p><strong>Crochet Ball by Bazar de Magia<\/strong><\/p>\n","protected":false},"featured_media":9031,"comment_status":"closed","ping_status":"open","template":"","meta":[],"product_brand":[],"product_cat":[44],"product_tag":[],"class_list":{"0":"post-9030","1":"product","2":"type-product","3":"status-publish","4":"has-post-thumbnail","6":"product_cat-mikro-iluzja-close-up-cups-balls","8":"first","9":"instock","10":"purchasable","11":"product-type-simple"},"_links":{"self":[{"href":"https:\/\/magiiik.netstory.com.pl\/index.php?rest_route=\/wp\/v2\/product\/9030","targetHints":{"allow":["GET"]}}],"collection":[{"href":"https:\/\/magiiik.netstory.com.pl\/index.php?rest_route=\/wp\/v2\/product"}],"about":[{"href":"https:\/\/magiiik.netstory.com.pl\/index.php?rest_route=\/wp\/v2\/types\/product"}],"replies":[{"embeddable":true,"href":"https:\/\/magiiik.netstory.com.pl\/index.php?rest_route=%2Fwp%2Fv2%2Fcomments&post=9030"}],"wp:featuredmedia":[{"embeddable":true,"href":"https:\/\/magiiik.netstory.com.pl\/index.php?rest_route=\/wp\/v2\/media\/9031"}],"wp:attachment":[{"href":"https:\/\/magiiik.netstory.com.pl\/index.php?rest_route=%2Fwp%2Fv2%2Fmedia&parent=9030"}],"wp:term":[{"taxonomy":"product_brand","embeddable":true,"href":"https:\/\/magiiik.netstory.com.pl\/index.php?rest_route=%2Fwp%2Fv2%2Fproduct_brand&post=9030"},{"taxonomy":"product_cat","embeddable":true,"href":"https:\/\/magiiik.netstory.com.pl\/index.php?rest_route=%2Fwp%2Fv2%2Fproduct_cat&post=9030"},{"taxonomy":"product_tag","embeddable":true,"href":"https:\/\/magiiik.netstory.com.pl\/index.php?rest_route=%2Fwp%2Fv2%2Fproduct_tag&post=9030"}],"curies":[{"name":"wp","href":"https:\/\/api.w.org\/{rel}","templated":true}]}}