{"id":9002,"date":"2025-09-19T13:21:37","date_gmt":"2025-09-19T11:21:37","guid":{"rendered":"https:\/\/magiiik.netstory.com.pl\/produkt\/foundation-by-rizki-nanda-download\/"},"modified":"2025-09-19T13:21:48","modified_gmt":"2025-09-19T11:21:48","slug":"foundation-by-rizki-nanda-download","status":"publish","type":"product","link":"https:\/\/magiiik.netstory.com.pl\/?product=foundation-by-rizki-nanda-download","title":{"rendered":"Foundation by Rizki Nanda DOWNLOAD"},"content":{"rendered":"<p style=\"text-align: center;\"><span style=\"font-size: 14pt; font-family: arial, helvetica, sans-serif;\">Z\u0142am prawo grawitacji w dowolnym miejscu i czasie! Potrzebne Ci do tego tylko pude\u0142ko zapa\u0142ek i Tw\u00f3j palec!<\/span><\/p>\n<p style=\"text-align: center;\">\u00a0<\/p>\n<p style=\"text-align: center;\"><span style=\"font-size: 14pt; font-family: arial, helvetica, sans-serif;\">To, co powiedzieli o\u00a0<strong>Foundation:<\/strong><\/span><\/p>\n<p style=\"text-align: center;\">\u00a0<\/p>\n<p style=\"text-align: center;\"><em><span style=\"font-size: 14pt; font-family: arial, helvetica, sans-serif;\">&#8222;To naprawd\u0119 niesamowite!&#8221;<\/span><\/em><\/p>\n<p style=\"text-align: center;\"><span style=\"font-size: 14pt; font-family: arial, helvetica, sans-serif;\">&#8211;<strong> Lyndon Jugalbot<\/strong> (tw\u00f3rca najlepiej sprzedaj\u0105cego si\u0119 tricku:<strong> &#8222;Unwritten&#8221;<\/strong>).<\/span><\/p>\n<p style=\"text-align: center;\"><em><span style=\"font-size: 14pt; font-family: arial, helvetica, sans-serif;\">&#8222;Sprytny spos\u00f3b na wykonanie zawieszenia!&#8221;<\/span><\/em><\/p>\n<p style=\"text-align: center;\"><span style=\"font-size: 14pt; font-family: arial, helvetica, sans-serif;\">&#8211; <strong>Oliver Smith<\/strong> (tw\u00f3rca najlepiej sprzedaj\u0105cego si\u0119 efektu: <strong>&#8222;Foresight&#8221;<\/strong>)<\/span><\/p>\n<p style=\"text-align: center;\"><em><span style=\"font-size: 14pt; font-family: arial, helvetica, sans-serif;\">&#8222;Kocham to, bracie! Ten trick jest naprawd\u0119 bardzo inteligentny!&#8221;<\/span><\/em><\/p>\n<p style=\"text-align: center;\"><span style=\"font-size: 14pt; font-family: arial, helvetica, sans-serif;\">&#8211; <strong>Laurent Mikelfield<\/strong> (Stw\u00f3rca efektu: <strong>&#8222;Smiley&#8221;<\/strong>)<\/span><\/p>\n<p style=\"text-align: center;\">\u00a0<\/p>\n<p style=\"text-align: center;\"><span style=\"font-size: 14pt; font-family: arial, helvetica, sans-serif;\"><strong>Foundation to najlepsze rozwi\u0105zanie do \u0142amania grawitacji w dowolnym czasie i miejscu! Zastosuj tylko po\u017cyczone pude\u0142ko zapa\u0142ek i sw\u00f3j palec!<\/strong><\/span><\/p>\n<p style=\"text-align: center;\"><span style=\"font-size: 14pt; font-family: arial, helvetica, sans-serif;\"><strong>To genialny trick na rozpocz\u0119cie, b\u0105d\u017a zamkni\u0119cie Twojej rutyny z zapa\u0142kami! Na koniec mo\u017cesz da\u0107 wszystko do sprawdzenia!<\/strong><\/span><\/p>\n<p style=\"text-align: center;\">\u00a0<\/p>\n<p style=\"text-align: center;\"><span style=\"font-size: 14pt; font-family: arial, helvetica, sans-serif;\"><strong><iframe loading=\"lazy\" src=\"\/\/www.youtube.com\/embed\/ZIs6Yr_5mOU\" width=\"425\" height=\"350\"><\/iframe><\/strong><\/span><\/p>\n<p style=\"text-align: center;\">\u00a0<\/p>\n<p style=\"text-align: left;\"><span style=\"font-size: 14pt; font-family: arial, helvetica, sans-serif;\">BEZ u\u017cycia:<\/span><\/p>\n<p style=\"text-align: left;\"><span style=\"font-size: 14pt; font-family: arial, helvetica, sans-serif;\">&#8211; magnesu;<\/span><\/p>\n<p style=\"text-align: left;\"><span style=\"font-size: 14pt; font-family: arial, helvetica, sans-serif;\">&#8211; wagi;<\/span><\/p>\n<p style=\"text-align: left;\"><span style=\"font-size: 14pt; font-family: arial, helvetica, sans-serif;\">&#8211; druta;<\/span><\/p>\n<p style=\"text-align: left;\"><span style=\"font-size: 14pt; font-family: arial, helvetica, sans-serif;\">&#8211; nici;<\/span><\/p>\n<p style=\"text-align: left;\"><span style=\"font-size: 14pt; font-family: arial, helvetica, sans-serif;\">&#8211; kleju.<\/span><\/p>\n<p>\u00a0<\/p>\n","protected":false},"excerpt":{"rendered":"<p><strong>Foundation by Rizki Nanda &#8211; Video\u00a0<\/strong><\/p>\n","protected":false},"featured_media":9003,"comment_status":"closed","ping_status":"open","template":"","meta":[],"product_brand":[],"product_cat":[55],"product_tag":[],"class_list":{"0":"post-9002","1":"product","2":"type-product","3":"status-publish","4":"has-post-thumbnail","6":"product_cat-ksiazki-dvd-download-downloads","8":"first","9":"instock","10":"purchasable","11":"product-type-simple"},"_links":{"self":[{"href":"https:\/\/magiiik.netstory.com.pl\/index.php?rest_route=\/wp\/v2\/product\/9002","targetHints":{"allow":["GET"]}}],"collection":[{"href":"https:\/\/magiiik.netstory.com.pl\/index.php?rest_route=\/wp\/v2\/product"}],"about":[{"href":"https:\/\/magiiik.netstory.com.pl\/index.php?rest_route=\/wp\/v2\/types\/product"}],"replies":[{"embeddable":true,"href":"https:\/\/magiiik.netstory.com.pl\/index.php?rest_route=%2Fwp%2Fv2%2Fcomments&post=9002"}],"wp:featuredmedia":[{"embeddable":true,"href":"https:\/\/magiiik.netstory.com.pl\/index.php?rest_route=\/wp\/v2\/media\/9003"}],"wp:attachment":[{"href":"https:\/\/magiiik.netstory.com.pl\/index.php?rest_route=%2Fwp%2Fv2%2Fmedia&parent=9002"}],"wp:term":[{"taxonomy":"product_brand","embeddable":true,"href":"https:\/\/magiiik.netstory.com.pl\/index.php?rest_route=%2Fwp%2Fv2%2Fproduct_brand&post=9002"},{"taxonomy":"product_cat","embeddable":true,"href":"https:\/\/magiiik.netstory.com.pl\/index.php?rest_route=%2Fwp%2Fv2%2Fproduct_cat&post=9002"},{"taxonomy":"product_tag","embeddable":true,"href":"https:\/\/magiiik.netstory.com.pl\/index.php?rest_route=%2Fwp%2Fv2%2Fproduct_tag&post=9002"}],"curies":[{"name":"wp","href":"https:\/\/api.w.org\/{rel}","templated":true}]}}