{"id":8990,"date":"2025-09-19T13:21:37","date_gmt":"2025-09-19T11:21:37","guid":{"rendered":"https:\/\/magiiik.netstory.com.pl\/produkt\/at-the-table-live-lecture-jay-sankey\/"},"modified":"2025-09-19T13:21:42","modified_gmt":"2025-09-19T11:21:42","slug":"at-the-table-live-lecture-jay-sankey","status":"publish","type":"product","link":"https:\/\/magiiik.netstory.com.pl\/?product=at-the-table-live-lecture-jay-sankey","title":{"rendered":"At the Table Live Lecture &#8211; Jay Sankey"},"content":{"rendered":"<p style=\"font-size: 12px; font-family: Tahoma, Arial, sans-serif; text-align: center;\"><strong><span style=\"font-size: 14pt; font-family: arial, helvetica, sans-serif;\">JAY SANKEY &#8211; na \u017cywo ju\u017c 21. stycznia!<\/span><\/strong><\/p>\n<p style=\"font-size: 12px; font-family: Tahoma, Arial, sans-serif; text-align: center;\"><span style=\"font-size: 14pt; font-family: arial, helvetica, sans-serif;\"><strong>Jay Sankey\u00a0<\/strong>jest absolutnym fenomenem, je\u015bli chodzi o magi\u0119. Prawdopodobnie najbardziej &#8222;p\u0142odnym&#8221; tw\u00f3rc\u0105 iluzji na \u015bwiecie. W\u00a0<strong>At The Table<\/strong>,\u00a0<strong>Jay<\/strong>\u00a0b\u0119dzie prezentowa\u0142 tricki, dzi\u0119ki kt\u00f3rym sta\u0142 si\u0119 s\u0142awny, ale r\u00f3wnie\u017c zupe\u0142nie debiutuj\u0105ce dwa nowe, nigdy wcze\u015bniej niepublikowane efekty!<\/span><\/p>\n<p style=\"font-size: 12px; font-family: Tahoma, Arial, sans-serif; text-align: center;\"><span style=\"font-size: 14pt; font-family: arial, helvetica, sans-serif;\">Nie przegap tej szansy, jak\u0105 jest spotkanie si\u0119, oko w oko z najbardziej tw\u00f3rczym magikiem \u015bwiata!<\/span><\/p>\n","protected":false},"excerpt":{"rendered":"<p><strong>At the Table Live Lecture &#8211; Jay Sankey<\/strong><\/p>\n","protected":false},"featured_media":8991,"comment_status":"closed","ping_status":"open","template":"","meta":[],"product_brand":[],"product_cat":[50],"product_tag":[],"class_list":{"0":"post-8990","1":"product","2":"type-product","3":"status-publish","4":"has-post-thumbnail","6":"product_cat-ksiazki-dvd-download-downloads-at-the-table","8":"first","9":"instock","10":"purchasable","11":"product-type-simple"},"_links":{"self":[{"href":"https:\/\/magiiik.netstory.com.pl\/index.php?rest_route=\/wp\/v2\/product\/8990","targetHints":{"allow":["GET"]}}],"collection":[{"href":"https:\/\/magiiik.netstory.com.pl\/index.php?rest_route=\/wp\/v2\/product"}],"about":[{"href":"https:\/\/magiiik.netstory.com.pl\/index.php?rest_route=\/wp\/v2\/types\/product"}],"replies":[{"embeddable":true,"href":"https:\/\/magiiik.netstory.com.pl\/index.php?rest_route=%2Fwp%2Fv2%2Fcomments&post=8990"}],"wp:featuredmedia":[{"embeddable":true,"href":"https:\/\/magiiik.netstory.com.pl\/index.php?rest_route=\/wp\/v2\/media\/8991"}],"wp:attachment":[{"href":"https:\/\/magiiik.netstory.com.pl\/index.php?rest_route=%2Fwp%2Fv2%2Fmedia&parent=8990"}],"wp:term":[{"taxonomy":"product_brand","embeddable":true,"href":"https:\/\/magiiik.netstory.com.pl\/index.php?rest_route=%2Fwp%2Fv2%2Fproduct_brand&post=8990"},{"taxonomy":"product_cat","embeddable":true,"href":"https:\/\/magiiik.netstory.com.pl\/index.php?rest_route=%2Fwp%2Fv2%2Fproduct_cat&post=8990"},{"taxonomy":"product_tag","embeddable":true,"href":"https:\/\/magiiik.netstory.com.pl\/index.php?rest_route=%2Fwp%2Fv2%2Fproduct_tag&post=8990"}],"curies":[{"name":"wp","href":"https:\/\/api.w.org\/{rel}","templated":true}]}}