{"id":8984,"date":"2025-09-19T13:21:37","date_gmt":"2025-09-19T11:21:37","guid":{"rendered":"https:\/\/magiiik.netstory.com.pl\/produkt\/at-the-table-vip-member-january-2015\/"},"modified":"2025-09-19T13:21:40","modified_gmt":"2025-09-19T11:21:40","slug":"at-the-table-vip-member-january-2015","status":"publish","type":"product","link":"https:\/\/magiiik.netstory.com.pl\/?product=at-the-table-vip-member-january-2015","title":{"rendered":"At The Table VIP Member January 2015"},"content":{"rendered":"<p style=\"text-align: center;\"><span style=\"font-size: 14pt; font-family: arial, helvetica, sans-serif;\">Rozpocz\u0105\u0142 si\u0119 nowy rok <strong>2015<\/strong>, a wraz z nim nowa forma s\u0142ynnego ju\u017c<strong> AT THE TABLE!\u00a0<\/strong><\/span><\/p>\n<p style=\"text-align: center;\"><span style=\"font-size: 14pt; font-family: arial, helvetica, sans-serif;\">Przy\u0142\u0105cz si\u0119 do nas ju\u017c DZI\u015a i ucz si\u0119 od najlepszych magik\u00f3w na \u015bwiecie!<\/span><\/p>\n<p style=\"text-align: center;\"><span style=\"font-size: 14pt; font-family: arial, helvetica, sans-serif;\">W styczniu wyst\u0105pi\u0105: <strong>Paul Gertner, Francis Menotti, Jay SANKEY i Dani DaOrtiz!<\/strong><\/span><\/p>\n<p style=\"text-align: left;\">\u00a0<\/p>\n<p style=\"text-align: left;\"><strong><span style=\"font-size: 14pt; font-family: arial, helvetica, sans-serif;\">PAUL GERTNER<\/span><\/strong><\/p>\n<p style=\"text-align: left;\"><span style=\"font-size: 14pt; font-family: arial, helvetica, sans-serif;\">Jego wyk\u0142ad b\u0119dzie pe\u0142en innowacyjnej i inspiruj\u0105cej magii! Chcesz otrzyma\u0107 porad\u0119 od mistrza sztuki iluzji? Ten cz\u0142owiek jest uznany przez koleg\u00f3w z bran\u017cy za najlepszego iluzjonist\u0119 w dzisiejszym \u015bwiecie! Dawa\u0142 konsultacje dla samego <strong>David<\/strong>&#8217;a <strong>Copperfield<\/strong>&#8217;a!\u00a0<\/span><\/p>\n<p style=\"text-align: left;\"><span style=\"font-size: 14pt; font-family: arial, helvetica, sans-serif;\"><strong>Ponad tysi\u0105c r\u00f3\u017cnych klient\u00f3w oraz 30 lat do\u015bwiadczenia<\/strong>, to niezwyk\u0142a okazja, aby wys\u0142ucha\u0107 tego genialnego faceta i uczy\u0107 si\u0119 od Niego tej niezwyk\u0142ej sztuki!<\/span><\/p>\n<p style=\"text-align: left;\"><strong><span style=\"font-size: 14pt; font-family: arial, helvetica, sans-serif;\">FRANCIS MENOTTI<\/span><\/strong><\/p>\n<p style=\"text-align: left;\"><span style=\"font-size: 14pt; font-family: arial, helvetica, sans-serif;\">Niekwestionowana pasja i mi\u0142o\u015b\u0107 do magii &#8211; <strong>FRANCIS MENOTTI<\/strong> jest jednym z nielicznych, kt\u00f3rzy potrafi\u0105 przekszta\u0142ci\u0107 zwyk\u0142e tricki w prawdziw\u0105 SZTUK\u0118. Znaj\u0105c Go ze swoich pot\u0119\u017cnych magicznych prezentacji, mo\u017cna zagwarantowa\u0107, \u017ce Jego wyk\u0142ad b\u0119dzie czym\u015b r\u00f3wnie niezwyk\u0142ym!<\/span><\/p>\n<p style=\"text-align: left;\"><span style=\"font-size: 14pt; font-family: arial, helvetica, sans-serif;\">Podczas <strong>AT THE TABLE, Menotti<\/strong> nie tylko nauczy Ci\u0119 najbardziej znanych efekt\u00f3w, ale r\u00f3wnie\u017c odkryje przed Tob\u0105 tajniki niepublikowanych prac z kartami, monetami, a nawet my\u015blami! Innymi s\u0142owy, b\u0119dzie tu co\u015b dla ka\u017cdego!<\/span><\/p>\n<p style=\"text-align: left;\"><strong><span style=\"font-size: 14pt; font-family: arial, helvetica, sans-serif;\">JAY SANKEY<\/span><\/strong><\/p>\n<p style=\"text-align: left;\"><span style=\"font-size: 14pt; font-family: arial, helvetica, sans-serif;\"><strong>Jay Sankey<\/strong> jest absolutnym fenomenem, je\u015bli chodzi o magi\u0119. Prawdopodobnie najbardziej &#8222;p\u0142odnym&#8221; tw\u00f3rc\u0105 iluzji na \u015bwiecie. W <strong>At The Table,<\/strong> <strong>Jay<\/strong> b\u0119dzie prezentowa\u0142 tricki, dzi\u0119ki kt\u00f3rym sta\u0142 si\u0119 s\u0142awny, ale r\u00f3wnie\u017c zupe\u0142nie debiutuj\u0105ce dwa nowe, nigdy wcze\u015bniej niepublikowane efekty!<\/span><\/p>\n<p style=\"text-align: left;\"><span style=\"font-size: 14pt; font-family: arial, helvetica, sans-serif;\">Nie przegap tej szansy, jak\u0105 jest spotkanie si\u0119, oko w oko z najbardziej tw\u00f3rczym magikiem \u015bwiata!<\/span><\/p>\n<p style=\"text-align: left;\"><strong><span style=\"font-size: 14pt; font-family: arial, helvetica, sans-serif;\">DANI DAORTIZ<\/span><\/strong><\/p>\n<p style=\"text-align: left;\"><span style=\"font-size: 14pt; font-family: arial, helvetica, sans-serif;\">Na tego magika jest ci\u0105g\u0142y popyt na ca\u0142ym \u015bwiecie! Dzi\u0119ki temu szkoleniu mo\u017cesz nauczy\u0107 si\u0119 niezwyk\u0142ego materia\u0142u sztuki iluzji, ale i zdob\u0119dziesz wiedz\u0119, jak po\u0142\u0105czy\u0107 si\u0119 z publiczno\u015bci\u0105. Poczujesz odwag\u0119 do podejmowania ryzyka, jak nigdy przedtem i zobaczysz, jak On sprawia, \u017ce ka\u017cdy b\u0119d\u0105cy na Jego pokazie czuje si\u0119 w bardzo wyj\u0105tkowy spos\u00f3b!<\/span><\/p>\n<p>\u00a0<\/p>\n","protected":false},"excerpt":{"rendered":"<p><strong>At The Table VIP Member January 2015<\/strong><\/p>\n","protected":false},"featured_media":8985,"comment_status":"closed","ping_status":"open","template":"","meta":[],"product_brand":[],"product_cat":[50],"product_tag":[],"class_list":{"0":"post-8984","1":"product","2":"type-product","3":"status-publish","4":"has-post-thumbnail","6":"product_cat-ksiazki-dvd-download-downloads-at-the-table","8":"first","9":"instock","10":"purchasable","11":"product-type-simple"},"_links":{"self":[{"href":"https:\/\/magiiik.netstory.com.pl\/index.php?rest_route=\/wp\/v2\/product\/8984","targetHints":{"allow":["GET"]}}],"collection":[{"href":"https:\/\/magiiik.netstory.com.pl\/index.php?rest_route=\/wp\/v2\/product"}],"about":[{"href":"https:\/\/magiiik.netstory.com.pl\/index.php?rest_route=\/wp\/v2\/types\/product"}],"replies":[{"embeddable":true,"href":"https:\/\/magiiik.netstory.com.pl\/index.php?rest_route=%2Fwp%2Fv2%2Fcomments&post=8984"}],"wp:featuredmedia":[{"embeddable":true,"href":"https:\/\/magiiik.netstory.com.pl\/index.php?rest_route=\/wp\/v2\/media\/8985"}],"wp:attachment":[{"href":"https:\/\/magiiik.netstory.com.pl\/index.php?rest_route=%2Fwp%2Fv2%2Fmedia&parent=8984"}],"wp:term":[{"taxonomy":"product_brand","embeddable":true,"href":"https:\/\/magiiik.netstory.com.pl\/index.php?rest_route=%2Fwp%2Fv2%2Fproduct_brand&post=8984"},{"taxonomy":"product_cat","embeddable":true,"href":"https:\/\/magiiik.netstory.com.pl\/index.php?rest_route=%2Fwp%2Fv2%2Fproduct_cat&post=8984"},{"taxonomy":"product_tag","embeddable":true,"href":"https:\/\/magiiik.netstory.com.pl\/index.php?rest_route=%2Fwp%2Fv2%2Fproduct_tag&post=8984"}],"curies":[{"name":"wp","href":"https:\/\/api.w.org\/{rel}","templated":true}]}}