{"id":8982,"date":"2025-09-19T13:21:37","date_gmt":"2025-09-19T11:21:37","guid":{"rendered":"https:\/\/magiiik.netstory.com.pl\/produkt\/electric-touch-plus-dvd-i-gimmick-by-yigal-mesika\/"},"modified":"2025-09-19T13:21:40","modified_gmt":"2025-09-19T11:21:40","slug":"electric-touch-plus-dvd-i-gimmick-by-yigal-mesika","status":"publish","type":"product","link":"https:\/\/magiiik.netstory.com.pl\/?product=electric-touch-plus-dvd-i-gimmick-by-yigal-mesika","title":{"rendered":"Electric Touch+ (Plus) DVD i Gimmick by Yigal Mesika"},"content":{"rendered":"<p style=\"text-align: center;\"><span style=\"font-size: 18pt;\"><strong><span style=\"font-family: arial, helvetica, sans-serif;\">Energi\u0119 mo\u017cna zobaczy\u0107, us\u0142ysze\u0107 i poczu\u0107!<\/span><\/strong><\/span><\/p>\n<p style=\"text-align: center;\">\u00a0<\/p>\n<p style=\"text-align: center;\"><em><span style=\"font-size: 14pt; font-family: arial, helvetica, sans-serif;\">&#8222;Bardzo skuteczny spos\u00f3b na wywo\u0142anie reakcji!&#8221;<\/span><\/em><\/p>\n<p style=\"text-align: center;\"><strong><span style=\"font-size: 14pt; font-family: arial, helvetica, sans-serif;\">&#8211; David Blaine<\/span><\/strong><\/p>\n<p style=\"text-align: center;\"><em><span style=\"font-size: 14pt; font-family: arial, helvetica, sans-serif;\">&#8222;To wspania\u0142e i elektryzuj\u0105ce!&#8221;<\/span><\/em><\/p>\n<p style=\"text-align: center;\"><strong><span style=\"font-size: 14pt; font-family: arial, helvetica, sans-serif;\">&#8211; Cyril<\/span><\/strong><\/p>\n<p style=\"text-align: center;\"><em><span style=\"font-size: 14pt; font-family: arial, helvetica, sans-serif;\">&#8222;Produkty <strong>Mesiki<\/strong> s\u0105 niezwykle innowacyjne, przeznaczone dla tych, kt\u00f3rzy chc\u0105 stworzy\u0107 cuda w dowolnym miejscu i w dowolnym czasie.&#8221;<\/span><\/em><\/p>\n<p style=\"text-align: center;\"><strong><span style=\"font-size: 14pt; font-family: arial, helvetica, sans-serif;\">&#8211; Criss Angel<\/span><\/strong><\/p>\n<p style=\"text-align: center;\">\u00a0<\/p>\n<p style=\"text-align: center;\"><strong><span style=\"font-size: 14pt; font-family: arial, helvetica, sans-serif;\"><iframe loading=\"lazy\" src=\"\/\/www.youtube.com\/embed\/8b3YWOaeMyI\" width=\"425\" height=\"350\"><\/iframe><\/span><\/strong><\/p>\n<p style=\"text-align: center;\">\u00a0<\/p>\n<p><span style=\"font-size: 14pt; font-family: arial, helvetica, sans-serif;\">Ten trick by\u0142 prezentowany w TV przez najlepszych magik\u00f3w z ca\u0142ego \u015bwiata: <strong>Criss Angel, Luis de Matos, Hiro Sakai<\/strong> i wiele innych!<\/span><\/p>\n<p><span style=\"font-size: 14pt; font-family: arial, helvetica, sans-serif;\"><strong>Electric Touch +<\/strong> daje niezwyk\u0142\u0105 mo\u017cliwo\u015b\u0107 dostarczenia szoku elektrycznego, kt\u00f3rego dozna nie tylko r\u0119ka Twojego widza, ale ca\u0142e cia\u0142o! Zobacz publiczno\u015b\u0107, kt\u00f3ra b\u0119dzie ledwo oddycha\u0107 ze zdumienia, jak naelektryzujesz przedmioty codziennego u\u017cytku, tj klucze, monety, pier\u015bcionki i wiele innych! Oni naprawd\u0119 poczuj\u0105, us\u0142ysz\u0105 i zobacz\u0105 prawdziw\u0105 energi\u0119 Twojej magii!<\/span><\/p>\n<p style=\"text-align: center;\">\u00a0<\/p>\n<p style=\"text-align: center;\"><strong><span style=\"font-size: 14pt; font-family: arial, helvetica, sans-serif;\">T<\/span><\/strong><strong><span style=\"font-size: 14pt; font-family: arial, helvetica, sans-serif;\">o \u015bwiatowy bestseller, udoskonalona technologia!<\/span><\/strong><\/p>\n<p style=\"text-align: center;\"><strong><span style=\"font-size: 14pt; font-family: arial, helvetica, sans-serif;\">To Twoja szansa, aby nagina\u0107 prawa natury i pokazywa\u0107 prawdziw\u0105 magi\u0119!<\/span><\/strong><\/p>\n<p>\u00a0<\/p>\n<p><span style=\"font-size: 14pt; font-family: arial, helvetica, sans-serif;\">&#8211; wy\u015blij Twoim widzom elektryczn\u0105 &#8222;wiadomo\u015b\u0107&#8221; za dotkni\u0119ciem palca!<\/span><\/p>\n<p><span style=\"font-size: 14pt; font-family: arial, helvetica, sans-serif;\">&#8211; zapal \u017car\u00f3wk\u0119 swoj\u0105 energi\u0105!<\/span><\/p>\n<p><span style=\"font-size: 14pt; font-family: arial, helvetica, sans-serif;\">&#8211; zaprezentuj animacje herbaty, tytoniu, confetti, soli itp.!<\/span><\/p>\n<p><span style=\"font-size: 14pt; font-family: arial, helvetica, sans-serif;\">&#8211; poka\u017c &#8222;zaginanie&#8221; strumienia wody!<\/span><\/p>\n<p><span style=\"font-size: 14pt; font-family: arial, helvetica, sans-serif;\">&#8211; stw\u00f3rz iskr\u0119 energii pomi\u0119dzy dwoma widzami!<\/span><\/p>\n<p><span style=\"font-size: 14pt; font-family: arial, helvetica, sans-serif;\">&#8211; mo\u017cliwo\u015bci s\u0105 nieograniczone!<\/span><\/p>\n<p>\u00a0<\/p>\n<p style=\"text-align: center;\"><span style=\"font-size: 14pt; font-family: arial, helvetica, sans-serif;\">Tego wszystkiego i wiele innych nauczy Ci\u0119 sam <strong>Yigal Mesika<\/strong> w do\u0142\u0105czonym DVD!<\/span><\/p>\n<p>\u00a0<\/p>\n<p><span style=\"font-size: 14pt; font-family: arial, helvetica, sans-serif;\">&#8211; pierwszej klasy produkt, jako\u015b\u0107 i zaufana marka!<\/span><\/p>\n<p><span style=\"font-size: 14pt; font-family: arial, helvetica, sans-serif;\">&#8211; jedyna w swoim rodzaju opatentowana technologia!<\/span><\/p>\n<p><span style=\"font-size: 14pt; font-family: arial, helvetica, sans-serif;\">&#8211; ulepszona technologia i zwi\u0119kszona wytrwa\u0142o\u015b\u0107!<\/span><\/p>\n<p><span style=\"font-size: 14pt; font-family: arial, helvetica, sans-serif;\">&#8211; 100 % u\u017cycia r\u0105k, mo\u017cesz prezentowa\u0107 tricki bez marynarki, koszuli i bi\u017cuterii!<\/span><\/p>\n<p><span style=\"font-size: 14pt; font-family: arial, helvetica, sans-serif;\">&#8211; mo\u017cesz pokazywa\u0107 magi\u0119 w pomieszczeniach i na zewn\u0105trz!<\/span><\/p>\n<p><span style=\"font-size: 14pt; font-family: arial, helvetica, sans-serif;\">&#8211; nowe koncepcje i procedury!<\/span><\/p>\n<p>\u00a0<\/p>\n<p><strong><span style=\"font-size: 14pt; font-family: arial, helvetica, sans-serif;\">Polecamy,<\/span><\/strong><\/p>\n<p><strong><span style=\"font-size: 14pt; font-family: arial, helvetica, sans-serif;\">magiiik.pl<\/span><\/strong><\/p>\n<p>\u00a0<\/p>\n<p style=\"text-align: center;\"><span style=\"color: #ff0000;\"><strong><span style=\"font-size: 14pt; font-family: arial, helvetica, sans-serif;\">UWAGA!<\/span><\/strong><\/span><\/p>\n<p style=\"text-align: center;\"><span style=\"color: #ff0000;\"><strong><span style=\"font-size: 14pt; font-family: arial, helvetica, sans-serif;\">Na ten produkt NIE obowi\u0105zuje \u017bADEN rabat!\u00a0<\/span><\/strong><\/span><\/p>\n<p>\u00a0<\/p>\n","protected":false},"excerpt":{"rendered":"<p><strong>Electric Touch+ (Plus) DVD i Gimmick by Yigal Mesika<\/strong><\/p>\n","protected":false},"featured_media":8983,"comment_status":"closed","ping_status":"open","template":"","meta":[],"product_brand":[],"product_cat":[60],"product_tag":[],"class_list":{"0":"post-8982","1":"product","2":"type-product","3":"status-publish","4":"has-post-thumbnail","6":"product_cat-akcesoria-zele-pudry-snowstorm-refile-i-inne","8":"first","9":"instock","10":"purchasable","11":"product-type-simple"},"_links":{"self":[{"href":"https:\/\/magiiik.netstory.com.pl\/index.php?rest_route=\/wp\/v2\/product\/8982","targetHints":{"allow":["GET"]}}],"collection":[{"href":"https:\/\/magiiik.netstory.com.pl\/index.php?rest_route=\/wp\/v2\/product"}],"about":[{"href":"https:\/\/magiiik.netstory.com.pl\/index.php?rest_route=\/wp\/v2\/types\/product"}],"replies":[{"embeddable":true,"href":"https:\/\/magiiik.netstory.com.pl\/index.php?rest_route=%2Fwp%2Fv2%2Fcomments&post=8982"}],"wp:featuredmedia":[{"embeddable":true,"href":"https:\/\/magiiik.netstory.com.pl\/index.php?rest_route=\/wp\/v2\/media\/8983"}],"wp:attachment":[{"href":"https:\/\/magiiik.netstory.com.pl\/index.php?rest_route=%2Fwp%2Fv2%2Fmedia&parent=8982"}],"wp:term":[{"taxonomy":"product_brand","embeddable":true,"href":"https:\/\/magiiik.netstory.com.pl\/index.php?rest_route=%2Fwp%2Fv2%2Fproduct_brand&post=8982"},{"taxonomy":"product_cat","embeddable":true,"href":"https:\/\/magiiik.netstory.com.pl\/index.php?rest_route=%2Fwp%2Fv2%2Fproduct_cat&post=8982"},{"taxonomy":"product_tag","embeddable":true,"href":"https:\/\/magiiik.netstory.com.pl\/index.php?rest_route=%2Fwp%2Fv2%2Fproduct_tag&post=8982"}],"curies":[{"name":"wp","href":"https:\/\/api.w.org\/{rel}","templated":true}]}}