{"id":8970,"date":"2025-09-19T13:21:03","date_gmt":"2025-09-19T11:21:03","guid":{"rendered":"https:\/\/magiiik.netstory.com.pl\/produkt\/essentials-in-magic-stripper-deck-dvd\/"},"modified":"2025-09-19T13:21:30","modified_gmt":"2025-09-19T11:21:30","slug":"essentials-in-magic-stripper-deck-dvd","status":"publish","type":"product","link":"https:\/\/magiiik.netstory.com.pl\/?product=essentials-in-magic-stripper-deck-dvd","title":{"rendered":"Essentials in Magic Stripper Deck &#8211; DVD"},"content":{"rendered":"<p style=\"text-align: center;\"><span style=\"font-size: 14pt; font-family: arial, helvetica, sans-serif;\">Dzi\u0119ki temu DVD nauczysz si\u0119 podstawowych technik pos\u0142ugiwania si\u0119 &#8222;<strong>Stripper Deck<\/strong>&#8222;.<\/span><\/p>\n<p style=\"text-align: center;\"><span style=\"font-size: 14pt; font-family: arial, helvetica, sans-serif;\"><strong>Stripper Deck<\/strong> jest jedn\u0105 z najbardziej popularnych i wszechstronnych talii kart! Je\u015bli chcesz dokonywa\u0107 cud\u00f3w z kartami bez wi\u0119kszych umiej\u0119tno\u015bci, koniecznie <a href=\"\/pl\/p\/Stripper-Deck-Bicycle\/249\"><strong>KUP TUTAJ<\/strong> <\/a>t\u0119 tali\u0119! Dzi\u0119ki tej talii b\u0119dziesz m\u00f3g\u0142 bez problemu znale\u017a\u0107 kart\u0119 wybran\u0105 przez widza, produkowa\u0107 4 ASY, sprawi\u0107, aby wybrana przez widza karta pojawi\u0142a si\u0119 na wierzchu talii i wiele wi\u0119cej! Staniesz si\u0119 prawdziwym magikiem &#8211; bez lat praktyki!<\/span><\/p>\n<p style=\"text-align: center;\"><span style=\"font-size: 14pt; font-family: arial, helvetica, sans-serif;\"><iframe loading=\"lazy\" src=\"\/\/www.youtube.com\/embed\/q4SomD1ERc8\" width=\"425\" height=\"350\"><\/iframe><\/span><\/p>\n<p style=\"text-align: center;\"><strong><span style=\"font-size: 14pt; font-family: arial, helvetica, sans-serif;\">Ca\u0142kowita d\u0142ugo\u015b\u0107 filmu to: 1 godz. i 6 minut.\u00a0<\/span><\/strong><\/p>\n<p><span style=\"font-size: 14pt; font-family: arial, helvetica, sans-serif;\">Kolekcja\u00a0&#8222;<strong>Essentials in Magic<\/strong>&#8221; Stripper Deck daje mo\u017cliwo\u015b\u0107 spotkania si\u0119 jeden na jeden z\u00a0<strong>Daryl<\/strong>&#8217;em. Znany i szanowany jako jeden z najlepszych nauczycieli na \u015bwiecie w sztuce iluzji.\u00a0<strong>Daryl<\/strong>\u00a0w tym filmie jest Twoim osobistym mentorem i w jasny, \u0142atwy do zrozumienia spos\u00f3b pomaga rozwija\u0107 umiej\u0119tno\u015bci i techniki nigdy wcze\u015bniej nie publikowane.<\/span><\/p>\n<p><strong><span style=\"font-size: 14pt; font-family: arial, helvetica, sans-serif;\">Polecamy,<\/span><\/strong><\/p>\n<p><strong><span style=\"font-size: 14pt; font-family: arial, helvetica, sans-serif;\">magiiik.pl<\/span><\/strong><\/p>\n","protected":false},"excerpt":{"rendered":"<p><strong>Essentials in Magic Stripper Deck &#8211; DVD<\/strong><\/p>\n","protected":false},"featured_media":8971,"comment_status":"closed","ping_status":"open","template":"","meta":[],"product_brand":[],"product_cat":[47],"product_tag":[],"class_list":{"0":"post-8970","1":"product","2":"type-product","3":"status-publish","4":"has-post-thumbnail","6":"product_cat-ksiazki-dvd-download-filmy-dvd","8":"first","9":"instock","10":"purchasable","11":"product-type-simple"},"_links":{"self":[{"href":"https:\/\/magiiik.netstory.com.pl\/index.php?rest_route=\/wp\/v2\/product\/8970","targetHints":{"allow":["GET"]}}],"collection":[{"href":"https:\/\/magiiik.netstory.com.pl\/index.php?rest_route=\/wp\/v2\/product"}],"about":[{"href":"https:\/\/magiiik.netstory.com.pl\/index.php?rest_route=\/wp\/v2\/types\/product"}],"replies":[{"embeddable":true,"href":"https:\/\/magiiik.netstory.com.pl\/index.php?rest_route=%2Fwp%2Fv2%2Fcomments&post=8970"}],"wp:featuredmedia":[{"embeddable":true,"href":"https:\/\/magiiik.netstory.com.pl\/index.php?rest_route=\/wp\/v2\/media\/8971"}],"wp:attachment":[{"href":"https:\/\/magiiik.netstory.com.pl\/index.php?rest_route=%2Fwp%2Fv2%2Fmedia&parent=8970"}],"wp:term":[{"taxonomy":"product_brand","embeddable":true,"href":"https:\/\/magiiik.netstory.com.pl\/index.php?rest_route=%2Fwp%2Fv2%2Fproduct_brand&post=8970"},{"taxonomy":"product_cat","embeddable":true,"href":"https:\/\/magiiik.netstory.com.pl\/index.php?rest_route=%2Fwp%2Fv2%2Fproduct_cat&post=8970"},{"taxonomy":"product_tag","embeddable":true,"href":"https:\/\/magiiik.netstory.com.pl\/index.php?rest_route=%2Fwp%2Fv2%2Fproduct_tag&post=8970"}],"curies":[{"name":"wp","href":"https:\/\/api.w.org\/{rel}","templated":true}]}}