{"id":8966,"date":"2025-09-19T13:21:03","date_gmt":"2025-09-19T11:21:03","guid":{"rendered":"https:\/\/magiiik.netstory.com.pl\/produkt\/essentials-in-magic-linking-rings-dvd\/"},"modified":"2025-09-19T13:21:29","modified_gmt":"2025-09-19T11:21:29","slug":"essentials-in-magic-linking-rings-dvd","status":"publish","type":"product","link":"https:\/\/magiiik.netstory.com.pl\/?product=essentials-in-magic-linking-rings-dvd","title":{"rendered":"Essentials in Magic Linking Rings &#8211; DVD"},"content":{"rendered":"<p style=\"text-align: center;\"><span style=\"font-size: 14pt; font-family: arial, helvetica, sans-serif;\">Dzi\u0119ki temu DVD nauczysz si\u0119 wszystkich podstawowych technik <strong>&#8222;Chi\u0144skich Obr\u0119czy&#8221;<\/strong>.<\/span><\/p>\n<p style=\"text-align: center;\"><span style=\"font-size: 14pt; font-family: arial, helvetica, sans-serif;\"><iframe loading=\"lazy\" src=\"\/\/www.youtube.com\/embed\/gVhIY1LlQNE\" width=\"425\" height=\"350\"><\/iframe><\/span><\/p>\n<p>\u00a0<\/p>\n<p><strong><span style=\"font-size: 14pt; font-family: arial, helvetica, sans-serif;\">W filmie mi\u0119dzy innymi:<\/span><\/strong><\/p>\n<p><span style=\"font-size: 14pt; font-family: arial, helvetica, sans-serif;\">&#8211; r\u00f3\u017cne obr\u0119cze;<\/span><\/p>\n<p><span style=\"font-size: 14pt; font-family: arial, helvetica, sans-serif;\">&#8211; obr\u0119cze z kluczem;<\/span><\/p>\n<p><span style=\"font-size: 14pt; font-family: arial, helvetica, sans-serif;\">&#8211; obr\u0119cze bez klucza;<\/span><\/p>\n<p><span style=\"font-size: 14pt; font-family: arial, helvetica, sans-serif;\">&#8211; \u0142\u0105czenie obr\u0119czy;<\/span><\/p>\n<p><span style=\"font-size: 14pt; font-family: arial, helvetica, sans-serif;\">&#8211; r\u00f3\u017cne techniki;<\/span><\/p>\n<p><span style=\"font-size: 14pt; font-family: arial, helvetica, sans-serif;\">&#8211; podstawowa rutyna;<\/span><\/p>\n<p><span style=\"font-size: 14pt; font-family: arial, helvetica, sans-serif;\">&#8211; wiele wi\u0119cej!<\/span><\/p>\n<p><strong><span style=\"font-size: 14pt; font-family: arial, helvetica, sans-serif;\">Ca\u0142kowita d\u0142ugo\u015b\u0107 filmu: 1 godz. 11 minut.<\/span><\/strong><\/p>\n<div style=\"font-size: 12px; font-family: Tahoma, Arial, sans-serif;\">\u00a0<\/div>\n<div style=\"font-size: 12px; font-family: Tahoma, Arial, sans-serif;\"><span style=\"font-size: 14pt; font-family: arial, helvetica, sans-serif;\">Kolekcja\u00a0<strong>&#8222;Essentials in Magic&#8221;<\/strong>\u00a0Linking Rings daje mo\u017cliwo\u015b\u0107 spotkania si\u0119 jeden na jeden z<strong> Daryl<\/strong>&#8217;em. Znany i szanowany jako jeden z najlepszych nauczycieli na \u015bwiecie w sztuce iluzji. <strong>Daryl<\/strong> w tym filmie jest Twoim osobistym mentorem i w jasny, \u0142atwy do zrozumienia spos\u00f3b pomaga rozwija\u0107 umiej\u0119tno\u015bci i techniki nigdy wcze\u015bniej nie publikowane.<\/span><\/div>\n<div style=\"font-size: 12px; font-family: Tahoma, Arial, sans-serif;\"><span style=\"font-size: 14pt; font-family: arial, helvetica, sans-serif;\">\u00a0<\/span><\/div>\n<div style=\"font-size: 12px; font-family: Tahoma, Arial, sans-serif;\"><strong><span style=\"font-size: 14pt; font-family: arial, helvetica, sans-serif;\">Polecamy,<\/span><\/strong><\/div>\n<div style=\"font-size: 12px; font-family: Tahoma, Arial, sans-serif;\"><strong><span style=\"font-size: 14pt; font-family: arial, helvetica, sans-serif;\">magiiik.pl<\/span><\/strong><\/div>\n","protected":false},"excerpt":{"rendered":"<p><strong>Essentials in Magic Linking Rings &#8211; DVD\u00a0<\/strong><\/p>\n","protected":false},"featured_media":8967,"comment_status":"closed","ping_status":"open","template":"","meta":[],"product_brand":[],"product_cat":[47],"product_tag":[],"class_list":{"0":"post-8966","1":"product","2":"type-product","3":"status-publish","4":"has-post-thumbnail","6":"product_cat-ksiazki-dvd-download-filmy-dvd","8":"first","9":"instock","10":"purchasable","11":"product-type-simple"},"_links":{"self":[{"href":"https:\/\/magiiik.netstory.com.pl\/index.php?rest_route=\/wp\/v2\/product\/8966","targetHints":{"allow":["GET"]}}],"collection":[{"href":"https:\/\/magiiik.netstory.com.pl\/index.php?rest_route=\/wp\/v2\/product"}],"about":[{"href":"https:\/\/magiiik.netstory.com.pl\/index.php?rest_route=\/wp\/v2\/types\/product"}],"replies":[{"embeddable":true,"href":"https:\/\/magiiik.netstory.com.pl\/index.php?rest_route=%2Fwp%2Fv2%2Fcomments&post=8966"}],"wp:featuredmedia":[{"embeddable":true,"href":"https:\/\/magiiik.netstory.com.pl\/index.php?rest_route=\/wp\/v2\/media\/8967"}],"wp:attachment":[{"href":"https:\/\/magiiik.netstory.com.pl\/index.php?rest_route=%2Fwp%2Fv2%2Fmedia&parent=8966"}],"wp:term":[{"taxonomy":"product_brand","embeddable":true,"href":"https:\/\/magiiik.netstory.com.pl\/index.php?rest_route=%2Fwp%2Fv2%2Fproduct_brand&post=8966"},{"taxonomy":"product_cat","embeddable":true,"href":"https:\/\/magiiik.netstory.com.pl\/index.php?rest_route=%2Fwp%2Fv2%2Fproduct_cat&post=8966"},{"taxonomy":"product_tag","embeddable":true,"href":"https:\/\/magiiik.netstory.com.pl\/index.php?rest_route=%2Fwp%2Fv2%2Fproduct_tag&post=8966"}],"curies":[{"name":"wp","href":"https:\/\/api.w.org\/{rel}","templated":true}]}}