{"id":8964,"date":"2025-09-19T13:21:03","date_gmt":"2025-09-19T11:21:03","guid":{"rendered":"https:\/\/magiiik.netstory.com.pl\/produkt\/senses-dodatkowe-kubeczki\/"},"modified":"2025-09-19T13:21:29","modified_gmt":"2025-09-19T11:21:29","slug":"senses-dodatkowe-kubeczki","status":"publish","type":"product","link":"https:\/\/magiiik.netstory.com.pl\/?product=senses-dodatkowe-kubeczki","title":{"rendered":"SENSES (dodatkowe kubeczki)"},"content":{"rendered":"<p style=\"text-align: center;\"><span style=\"font-size: 14pt; font-family: arial, helvetica, sans-serif;\">Dodatkowy komplet kubeczk\u00f3w z przykrywkami do tricku <a href=\"\/pl\/p\/SENSES\/288\">SENSES<\/a>.\u00a0<\/span><\/p>\n<p style=\"text-align: center;\"><strong><span style=\"font-size: 14pt; font-family: arial, helvetica, sans-serif;\">W komplecie 10 sztuk.<\/span><\/strong><\/p>\n<p style=\"text-align: center;\"><iframe loading=\"lazy\" src=\"\/\/www.youtube.com\/embed\/jnbkYh_LgPk\" width=\"425\" height=\"350\"><\/iframe><\/p>\n<p style=\"text-align: center;\">\u00a0<\/p>\n<p style=\"text-align: center;\"><strong><span style=\"font-size: 14pt; font-family: arial, helvetica, sans-serif;\">UWAGA!<\/span><\/strong><\/p>\n<p style=\"text-align: center;\"><span style=\"font-size: 14pt; font-family: arial, helvetica, sans-serif;\">Ze wzgl\u0119du na to, \u017ce kubeczki s\u0105 bardzo delikatne, <strong>NIE<\/strong> wysy\u0142amy ich listem!!! Wysy\u0142ka mo\u017cliwa <strong>TYLKO<\/strong> w paczce!<\/span><\/p>\n<p>\u00a0<\/p>\n","protected":false},"excerpt":{"rendered":"<p><strong>SESNES (dodatkowe kubeczki)<\/strong><\/p>\n","protected":false},"featured_media":8965,"comment_status":"closed","ping_status":"open","template":"","meta":[],"product_brand":[],"product_cat":[60],"product_tag":[],"class_list":{"0":"post-8964","1":"product","2":"type-product","3":"status-publish","4":"has-post-thumbnail","6":"product_cat-akcesoria-zele-pudry-snowstorm-refile-i-inne","8":"first","9":"instock","10":"purchasable","11":"product-type-simple"},"_links":{"self":[{"href":"https:\/\/magiiik.netstory.com.pl\/index.php?rest_route=\/wp\/v2\/product\/8964","targetHints":{"allow":["GET"]}}],"collection":[{"href":"https:\/\/magiiik.netstory.com.pl\/index.php?rest_route=\/wp\/v2\/product"}],"about":[{"href":"https:\/\/magiiik.netstory.com.pl\/index.php?rest_route=\/wp\/v2\/types\/product"}],"replies":[{"embeddable":true,"href":"https:\/\/magiiik.netstory.com.pl\/index.php?rest_route=%2Fwp%2Fv2%2Fcomments&post=8964"}],"wp:featuredmedia":[{"embeddable":true,"href":"https:\/\/magiiik.netstory.com.pl\/index.php?rest_route=\/wp\/v2\/media\/8965"}],"wp:attachment":[{"href":"https:\/\/magiiik.netstory.com.pl\/index.php?rest_route=%2Fwp%2Fv2%2Fmedia&parent=8964"}],"wp:term":[{"taxonomy":"product_brand","embeddable":true,"href":"https:\/\/magiiik.netstory.com.pl\/index.php?rest_route=%2Fwp%2Fv2%2Fproduct_brand&post=8964"},{"taxonomy":"product_cat","embeddable":true,"href":"https:\/\/magiiik.netstory.com.pl\/index.php?rest_route=%2Fwp%2Fv2%2Fproduct_cat&post=8964"},{"taxonomy":"product_tag","embeddable":true,"href":"https:\/\/magiiik.netstory.com.pl\/index.php?rest_route=%2Fwp%2Fv2%2Fproduct_tag&post=8964"}],"curies":[{"name":"wp","href":"https:\/\/api.w.org\/{rel}","templated":true}]}}