{"id":8946,"date":"2025-09-19T13:21:03","date_gmt":"2025-09-19T11:21:03","guid":{"rendered":"https:\/\/magiiik.netstory.com.pl\/produkt\/hidden-hand-by-sean-fields\/"},"modified":"2025-09-19T13:21:22","modified_gmt":"2025-09-19T11:21:22","slug":"hidden-hand-by-sean-fields","status":"publish","type":"product","link":"https:\/\/magiiik.netstory.com.pl\/?product=hidden-hand-by-sean-fields","title":{"rendered":"Hidden Hand by Sean Fields"},"content":{"rendered":"<p style=\"text-align: center;\"><span style=\"font-size: 14pt; font-family: arial, helvetica, sans-serif;\">Z umys\u0142u <strong>Sean<\/strong>&#8217;a <strong>Fields<\/strong>&#8217;a, absolutny fenomen do znikania i pojawiania drobnych przedmiot\u00f3w!<\/span><\/p>\n<p style=\"text-align: center;\"><span style=\"font-size: 14pt; font-family: arial, helvetica, sans-serif;\"><iframe loading=\"lazy\" src=\"\/\/www.youtube.com\/embed\/NXt090Q_C8E\" width=\"425\" height=\"350\"><\/iframe><\/span><\/p>\n<p style=\"text-align: center;\">\u00a0<\/p>\n<p style=\"text-align: center;\"><span style=\"font-size: 14pt; font-family: arial, helvetica, sans-serif;\">Podwi\u0144 r\u0119kawy, poka\u017c r\u0119ce i &#8222;wyczaruj&#8221; znik\u0105d drobny przedmiot! \u017badnych podejrzanych ruch\u00f3w, po prostu <strong>CZYSTA MAGIA<\/strong>!<\/span><\/p>\n<p style=\"text-align: center;\"><span style=\"font-size: 14pt; font-family: arial, helvetica, sans-serif;\">Prawie dwie godziny instrukcji na DVD, pe\u0142en arsena\u0142 trick\u00f3w i procedur, pomys\u0142\u00f3w, kt\u00f3re oszo\u0142omi\u0105 Twoich widz\u00f3w!<\/span><\/p>\n<p style=\"text-align: center;\">\u00a0<\/p>\n<p style=\"text-align: center;\"><strong><span style=\"font-size: 14pt; font-family: arial, helvetica, sans-serif;\">Ten rekwizyt posiada Certyfikat <a href=\"\/pl\/n\/5\">BLACK LABEL<\/a>!<\/span><\/strong><\/p>\n<p style=\"text-align: center;\">\u00a0<\/p>\n<p style=\"text-align: center;\"><em><span style=\"font-size: 14pt; font-family: arial, helvetica, sans-serif;\">&#8222;Genialne! To niesamowite i daje wiele nowych mo\u017cliwo\u015bci!<\/span><\/em><\/p>\n<p style=\"text-align: center;\"><strong><span style=\"font-size: 14pt; font-family: arial, helvetica, sans-serif;\">&#8211; Dynamo<\/span><\/strong><\/p>\n<p style=\"text-align: center;\"><em><span style=\"font-size: 14pt; font-family: arial, helvetica, sans-serif;\">&#8222;Je\u015bli kiedykolwiek szuka\u0142e\u015b najbardziej niesamowitych i uniwersalnych metod znikania ma\u0142ych przedmiot\u00f3w, musisz kupi\u0107 Hidden Hand i spr\u00f3bowa\u0107 tego!&#8221;<\/span><\/em><\/p>\n<p style=\"text-align: center;\"><strong><span style=\"font-size: 14pt; font-family: arial, helvetica, sans-serif;\">&#8211; Eric Jones<\/span><\/strong><\/p>\n<p style=\"text-align: center;\"><em><span style=\"font-size: 14pt; font-family: arial, helvetica, sans-serif;\">&#8222;Kiedy Sean Fields pierwszy raz pokaza\u0142 mi ten efekt to si\u0119 wystraszy\u0142em! Kiedy pokaza\u0142 mi sekret, nie mog\u0142em uwierzy\u0107 w to, co zobaczy\u0142em! Metoda jest ca\u0142kowicie zdumiewaj\u0105ca i niezwykle tw\u00f3rcza!&#8221;<\/span><\/em><\/p>\n<p style=\"text-align: center;\"><strong><span style=\"font-size: 14pt; font-family: arial, helvetica, sans-serif;\">&#8211; Shin Lim<\/span><\/strong><\/p>\n<p style=\"text-align: center;\">\u00a0<\/p>\n<p style=\"text-align: center;\"><strong><span style=\"font-size: 14pt; font-family: arial, helvetica, sans-serif;\">Polecamy,<\/span><\/strong><\/p>\n<p style=\"text-align: center;\"><strong><span style=\"font-size: 14pt; font-family: arial, helvetica, sans-serif;\">magiiik.pl<\/span><\/strong><\/p>\n<p>\u00a0<\/p>\n","protected":false},"excerpt":{"rendered":"<p><strong>Hidden Hand by Sean Fields<\/strong><\/p>\n","protected":false},"featured_media":8947,"comment_status":"closed","ping_status":"open","template":"","meta":[],"product_brand":[],"product_cat":[37],"product_tag":[],"class_list":{"0":"post-8946","1":"product","2":"type-product","3":"status-publish","4":"has-post-thumbnail","6":"product_cat-mikro-iluzja-close-up-monety","8":"first","9":"instock","10":"purchasable","11":"product-type-simple"},"_links":{"self":[{"href":"https:\/\/magiiik.netstory.com.pl\/index.php?rest_route=\/wp\/v2\/product\/8946","targetHints":{"allow":["GET"]}}],"collection":[{"href":"https:\/\/magiiik.netstory.com.pl\/index.php?rest_route=\/wp\/v2\/product"}],"about":[{"href":"https:\/\/magiiik.netstory.com.pl\/index.php?rest_route=\/wp\/v2\/types\/product"}],"replies":[{"embeddable":true,"href":"https:\/\/magiiik.netstory.com.pl\/index.php?rest_route=%2Fwp%2Fv2%2Fcomments&post=8946"}],"wp:featuredmedia":[{"embeddable":true,"href":"https:\/\/magiiik.netstory.com.pl\/index.php?rest_route=\/wp\/v2\/media\/8947"}],"wp:attachment":[{"href":"https:\/\/magiiik.netstory.com.pl\/index.php?rest_route=%2Fwp%2Fv2%2Fmedia&parent=8946"}],"wp:term":[{"taxonomy":"product_brand","embeddable":true,"href":"https:\/\/magiiik.netstory.com.pl\/index.php?rest_route=%2Fwp%2Fv2%2Fproduct_brand&post=8946"},{"taxonomy":"product_cat","embeddable":true,"href":"https:\/\/magiiik.netstory.com.pl\/index.php?rest_route=%2Fwp%2Fv2%2Fproduct_cat&post=8946"},{"taxonomy":"product_tag","embeddable":true,"href":"https:\/\/magiiik.netstory.com.pl\/index.php?rest_route=%2Fwp%2Fv2%2Fproduct_tag&post=8946"}],"curies":[{"name":"wp","href":"https:\/\/api.w.org\/{rel}","templated":true}]}}