{"id":8936,"date":"2025-09-19T13:21:03","date_gmt":"2025-09-19T11:21:03","guid":{"rendered":"https:\/\/magiiik.netstory.com.pl\/produkt\/magiczna-ksiazeczka-kolorowanka-clown\/"},"modified":"2025-09-19T13:21:19","modified_gmt":"2025-09-19T11:21:19","slug":"magiczna-ksiazeczka-kolorowanka-clown","status":"publish","type":"product","link":"https:\/\/magiiik.netstory.com.pl\/?product=magiczna-ksiazeczka-kolorowanka-clown","title":{"rendered":"Magiczna Ksi\u0105\u017ceczka (Kolorowanka) (Clown)"},"content":{"rendered":"<p style=\"text-align: center;\"><span style=\"font-size: 14pt; font-family: arial, helvetica, sans-serif;\">Jeden z lepszych rekwizyt\u00f3w w iluzji dla dzieci!<\/span><\/p>\n<p style=\"text-align: center;\"><span style=\"font-size: 14pt; font-family: arial, helvetica, sans-serif;\">Iluzjonista pokazuje ksi\u0105\u017ceczk\u0119 &#8211; wszystkie strony s\u0105 bia\u0142e, puste&#8230; Nagle jednak, ku zdziwieniu wszystkich, pokazuj\u0105 si\u0119 czarno bia\u0142e obrazki&#8230; Nast\u0119pnym krokiem jest jednak ich kolorowanie! Nic prostszego &#8211; kilka magicznych ruch\u00f3w i obrazki s\u0105 w kolorze! Na koniec magik sprawia, \u017ce kartki zn\u00f3w s\u0105 puste&#8230;<\/span><\/p>\n<p style=\"text-align: center;\"><span style=\"font-size: 14pt; font-family: arial, helvetica, sans-serif;\">Do ksi\u0105\u017cki otrzymasz r\u00f3wnie\u017c szczeg\u00f3\u0142ow\u0105 instrukcj\u0119 w j\u0119zyku angielskim.<\/span><\/p>\n<p style=\"text-align: center;\">\u00a0<\/p>\n<p style=\"text-align: center;\"><strong><span style=\"font-size: 14pt; font-family: arial, helvetica, sans-serif;\">Polecamy,<\/span><\/strong><\/p>\n<p style=\"text-align: center;\"><strong><span style=\"font-size: 14pt; font-family: arial, helvetica, sans-serif;\">magiiik.pl<\/span><\/strong><\/p>\n","protected":false},"excerpt":{"rendered":"<p><strong>Magiczna Ksi\u0105\u017ceczka (Clown)<\/strong><\/p>\n","protected":false},"featured_media":8937,"comment_status":"closed","ping_status":"open","template":"","meta":[],"product_brand":[],"product_cat":[18],"product_tag":[],"class_list":{"0":"post-8936","1":"product","2":"type-product","3":"status-publish","4":"has-post-thumbnail","6":"product_cat-iluzja-dla-dzieci","8":"first","9":"instock","10":"purchasable","11":"product-type-simple"},"_links":{"self":[{"href":"https:\/\/magiiik.netstory.com.pl\/index.php?rest_route=\/wp\/v2\/product\/8936","targetHints":{"allow":["GET"]}}],"collection":[{"href":"https:\/\/magiiik.netstory.com.pl\/index.php?rest_route=\/wp\/v2\/product"}],"about":[{"href":"https:\/\/magiiik.netstory.com.pl\/index.php?rest_route=\/wp\/v2\/types\/product"}],"replies":[{"embeddable":true,"href":"https:\/\/magiiik.netstory.com.pl\/index.php?rest_route=%2Fwp%2Fv2%2Fcomments&post=8936"}],"wp:featuredmedia":[{"embeddable":true,"href":"https:\/\/magiiik.netstory.com.pl\/index.php?rest_route=\/wp\/v2\/media\/8937"}],"wp:attachment":[{"href":"https:\/\/magiiik.netstory.com.pl\/index.php?rest_route=%2Fwp%2Fv2%2Fmedia&parent=8936"}],"wp:term":[{"taxonomy":"product_brand","embeddable":true,"href":"https:\/\/magiiik.netstory.com.pl\/index.php?rest_route=%2Fwp%2Fv2%2Fproduct_brand&post=8936"},{"taxonomy":"product_cat","embeddable":true,"href":"https:\/\/magiiik.netstory.com.pl\/index.php?rest_route=%2Fwp%2Fv2%2Fproduct_cat&post=8936"},{"taxonomy":"product_tag","embeddable":true,"href":"https:\/\/magiiik.netstory.com.pl\/index.php?rest_route=%2Fwp%2Fv2%2Fproduct_tag&post=8936"}],"curies":[{"name":"wp","href":"https:\/\/api.w.org\/{rel}","templated":true}]}}