{"id":8933,"date":"2025-09-19T13:21:03","date_gmt":"2025-09-19T11:21:03","guid":{"rendered":"https:\/\/magiiik.netstory.com.pl\/produkt\/phoenix-marked-deck-set-by-card-shark\/"},"modified":"2025-09-19T13:21:18","modified_gmt":"2025-09-19T11:21:18","slug":"phoenix-marked-deck-set-by-card-shark","status":"publish","type":"product","link":"https:\/\/magiiik.netstory.com.pl\/?product=phoenix-marked-deck-set-by-card-shark","title":{"rendered":"Phoenix Marked Deck Set by Card-Shark"},"content":{"rendered":"<p style=\"text-align: center;\"><strong><span style=\"font-size: 14pt; font-family: arial, helvetica, sans-serif;\">Jedyne karty do gry po\u015bwi\u0119cone WY\u0141\u0104CZNIE iluzjonistom!<\/span><\/strong><\/p>\n<p style=\"text-align: center;\"><span style=\"font-size: 14pt; font-family: arial, helvetica, sans-serif;\">Niewa\u017cne, czy jeste\u015b amatorem, czy zawodowym magikiem &#8211; talia kart to podstawowy rekwizyt w 85% efekt\u00f3w magicznych.<\/span><\/p>\n<p style=\"text-align: center;\"><span style=\"font-size: 14pt; font-family: arial, helvetica, sans-serif;\">Te karty spe\u0142niaj\u0105 najwy\u017csze standardy i precyzj\u0119 w produkcji. Posiadaj\u0105 ukryte funkcje specjalnie do trick\u00f3w.<\/span><\/p>\n<p style=\"text-align: center;\"><span style=\"font-size: 14pt; font-family: arial, helvetica, sans-serif;\">Do zestawu do\u0142\u0105czone jest DVD!<\/span><\/p>\n<p style=\"text-align: center;\">\u00a0<\/p>\n<p style=\"text-align: center;\"><strong><span style=\"font-size: 14pt; font-family: arial, helvetica, sans-serif;\">Polecamy,<\/span><\/strong><\/p>\n<p style=\"text-align: center;\"><strong><span style=\"font-size: 14pt; font-family: arial, helvetica, sans-serif;\">magiiik.pl<\/span><\/strong><\/p>\n","protected":false},"excerpt":{"rendered":"<p><strong>Phoenix Marked Deck Set by Card-Shark<\/strong><\/p>\n","protected":false},"featured_media":8934,"comment_status":"closed","ping_status":"open","template":"","meta":[],"product_brand":[],"product_cat":[51],"product_tag":[],"class_list":{"0":"post-8933","1":"product","2":"type-product","3":"status-publish","4":"has-post-thumbnail","6":"product_cat-mikro-iluzja-close-up-karty-trickowe","8":"first","9":"instock","10":"purchasable","11":"product-type-simple"},"_links":{"self":[{"href":"https:\/\/magiiik.netstory.com.pl\/index.php?rest_route=\/wp\/v2\/product\/8933","targetHints":{"allow":["GET"]}}],"collection":[{"href":"https:\/\/magiiik.netstory.com.pl\/index.php?rest_route=\/wp\/v2\/product"}],"about":[{"href":"https:\/\/magiiik.netstory.com.pl\/index.php?rest_route=\/wp\/v2\/types\/product"}],"replies":[{"embeddable":true,"href":"https:\/\/magiiik.netstory.com.pl\/index.php?rest_route=%2Fwp%2Fv2%2Fcomments&post=8933"}],"wp:featuredmedia":[{"embeddable":true,"href":"https:\/\/magiiik.netstory.com.pl\/index.php?rest_route=\/wp\/v2\/media\/8934"}],"wp:attachment":[{"href":"https:\/\/magiiik.netstory.com.pl\/index.php?rest_route=%2Fwp%2Fv2%2Fmedia&parent=8933"}],"wp:term":[{"taxonomy":"product_brand","embeddable":true,"href":"https:\/\/magiiik.netstory.com.pl\/index.php?rest_route=%2Fwp%2Fv2%2Fproduct_brand&post=8933"},{"taxonomy":"product_cat","embeddable":true,"href":"https:\/\/magiiik.netstory.com.pl\/index.php?rest_route=%2Fwp%2Fv2%2Fproduct_cat&post=8933"},{"taxonomy":"product_tag","embeddable":true,"href":"https:\/\/magiiik.netstory.com.pl\/index.php?rest_route=%2Fwp%2Fv2%2Fproduct_tag&post=8933"}],"curies":[{"name":"wp","href":"https:\/\/api.w.org\/{rel}","templated":true}]}}