{"id":8928,"date":"2025-09-19T13:21:03","date_gmt":"2025-09-19T11:21:03","guid":{"rendered":"https:\/\/magiiik.netstory.com.pl\/produkt\/bicycle-excellence-deck-limitowana-edycja\/"},"modified":"2025-09-19T13:21:16","modified_gmt":"2025-09-19T11:21:16","slug":"bicycle-excellence-deck-limitowana-edycja","status":"publish","type":"product","link":"https:\/\/magiiik.netstory.com.pl\/?product=bicycle-excellence-deck-limitowana-edycja","title":{"rendered":"Bicycle Excellence Deck (Limitowana Edycja)"},"content":{"rendered":"<p style=\"text-align: center;\"><span style=\"font-size: 14pt; font-family: arial, helvetica, sans-serif;\">Karty <strong>Bicycle Excellence<\/strong> to cz\u0119\u015b\u0107 Elity z <strong>Kolekcji Premium<\/strong>. Nowa linia elegancji w kartach do gry.<\/span><\/p>\n<p style=\"text-align: center;\"><span style=\"font-size: 14pt; font-family: arial, helvetica, sans-serif;\">W listopadzie 2013 zosta\u0142y wydane karty <strong>Gold<\/strong> i w ci\u0105gu nast\u0119pnych kilku tygodni otrzyma\u0142y entuzjastyczne recenzje, co skutkowa\u0142o zaprojektowaniem kolejnej talii. Podr\u00f3\u017c do Pary\u017ca &#8211; stolicy luksusu, by\u0142a inspiracj\u0105 do powstania kart <strong>Excellence<\/strong> &#8211; arcydzie\u0142o w czystej postaci.<\/span><\/p>\n<p style=\"text-align: center;\"><span style=\"font-size: 14pt; font-family: arial, helvetica, sans-serif;\">Talia ta jest przesycona g\u0142\u0119bokim metalicznym z\u0142otym tuszem, specjalnie przygotowanym dla <strong>Elite<\/strong>. Obrazki s\u0105 ozdabiane w spos\u00f3b klasyczny, eleganckim z\u0142otym gradientem.\u00a0<\/span><\/p>\n<p style=\"text-align: center;\"><span style=\"font-size: 14pt; font-family: arial, helvetica, sans-serif;\">Pude\u0142ko oferuje wz\u00f3r sztucznej sk\u00f3ry i jest ozdobione z\u0142ot\u0105 foli\u0105.<\/span><\/p>\n<p style=\"text-align: center;\"><span style=\"font-size: 14pt; font-family: arial, helvetica, sans-serif;\"><iframe loading=\"lazy\" src=\"\/\/www.youtube.com\/embed\/yECKTf8zE1s\" width=\"425\" height=\"350\"><\/iframe><\/span><\/p>\n<p style=\"text-align: center;\">\u00a0<\/p>\n<p style=\"text-align: center;\"><strong><span style=\"font-size: 14pt; font-family: arial, helvetica, sans-serif;\">Polecamy,<\/span><\/strong><\/p>\n<p style=\"text-align: center;\"><strong><span style=\"font-size: 14pt; font-family: arial, helvetica, sans-serif;\">magiiik.pl<\/span><\/strong><\/p>\n","protected":false},"excerpt":{"rendered":"<p><strong>Bicycle Excellence Deck (Limitowana Edycja)<\/strong><\/p>\n","protected":false},"featured_media":8929,"comment_status":"closed","ping_status":"open","template":"","meta":[],"product_brand":[],"product_cat":[46],"product_tag":[],"class_list":{"0":"post-8928","1":"product","2":"type-product","3":"status-publish","4":"has-post-thumbnail","6":"product_cat-mikro-iluzja-close-up-karty-kolekcjonerskie","8":"first","9":"instock","10":"purchasable","11":"product-type-simple"},"_links":{"self":[{"href":"https:\/\/magiiik.netstory.com.pl\/index.php?rest_route=\/wp\/v2\/product\/8928","targetHints":{"allow":["GET"]}}],"collection":[{"href":"https:\/\/magiiik.netstory.com.pl\/index.php?rest_route=\/wp\/v2\/product"}],"about":[{"href":"https:\/\/magiiik.netstory.com.pl\/index.php?rest_route=\/wp\/v2\/types\/product"}],"replies":[{"embeddable":true,"href":"https:\/\/magiiik.netstory.com.pl\/index.php?rest_route=%2Fwp%2Fv2%2Fcomments&post=8928"}],"wp:featuredmedia":[{"embeddable":true,"href":"https:\/\/magiiik.netstory.com.pl\/index.php?rest_route=\/wp\/v2\/media\/8929"}],"wp:attachment":[{"href":"https:\/\/magiiik.netstory.com.pl\/index.php?rest_route=%2Fwp%2Fv2%2Fmedia&parent=8928"}],"wp:term":[{"taxonomy":"product_brand","embeddable":true,"href":"https:\/\/magiiik.netstory.com.pl\/index.php?rest_route=%2Fwp%2Fv2%2Fproduct_brand&post=8928"},{"taxonomy":"product_cat","embeddable":true,"href":"https:\/\/magiiik.netstory.com.pl\/index.php?rest_route=%2Fwp%2Fv2%2Fproduct_cat&post=8928"},{"taxonomy":"product_tag","embeddable":true,"href":"https:\/\/magiiik.netstory.com.pl\/index.php?rest_route=%2Fwp%2Fv2%2Fproduct_tag&post=8928"}],"curies":[{"name":"wp","href":"https:\/\/api.w.org\/{rel}","templated":true}]}}