{"id":8883,"date":"2025-09-19T13:20:35","date_gmt":"2025-09-19T11:20:35","guid":{"rendered":"https:\/\/magiiik.netstory.com.pl\/produkt\/synchronicity-by-chris-ramsay-download\/"},"modified":"2025-09-19T13:20:52","modified_gmt":"2025-09-19T11:20:52","slug":"synchronicity-by-chris-ramsay-download","status":"publish","type":"product","link":"https:\/\/magiiik.netstory.com.pl\/?product=synchronicity-by-chris-ramsay-download","title":{"rendered":"Synchronicity by Chris Ramsay  DOWNLOAD"},"content":{"rendered":"<p style=\"text-align: center;\"><span style=\"font-size: 14pt; font-family: arial, helvetica, sans-serif;\"><strong>Chris Ramsay<\/strong> stworzy\u0142 zadziwiaj\u0105c\u0105 kolekcj\u0119 trick\u00f3w karcianych, kt\u00f3rych mo\u017cesz pozna\u0107 sekrety ju\u017c dzi\u015b!\u00a0<\/span><\/p>\n<p style=\"text-align: center;\"><span style=\"font-size: 14pt; font-family: arial, helvetica, sans-serif;\">Dzi\u0119ki temu <strong>video<\/strong> nauczysz si\u0119, jak w niewidzialny spos\u00f3b znika\u0107 kart\u0119, zmienia\u0107 w inn\u0105, jak kontrolowa\u0107 wybran\u0105 kart\u0119 przez widza w zupe\u0142nie nowy, spektakularny spos\u00f3b!<\/span><\/p>\n<p style=\"text-align: center;\"><span style=\"font-size: 14pt; font-family: arial, helvetica, sans-serif;\"><iframe loading=\"lazy\" src=\"\/\/www.youtube.com\/embed\/bbsicqRM578\" width=\"425\" height=\"350\"><\/iframe><\/span><\/p>\n<p style=\"text-align: center;\">\u00a0<\/p>\n<p style=\"text-align: left;\"><strong><span style=\"font-size: 14pt; font-family: arial, helvetica, sans-serif;\">UWAGA!<\/span><\/strong><\/p>\n<p style=\"text-align: left;\"><strong><span style=\"font-size: 14pt; font-family: arial, helvetica, sans-serif;\">Wersja do pobrania!<\/span><\/strong><\/p>\n<p style=\"text-align: left;\">\u00a0<\/p>\n<p style=\"text-align: left;\"><span style=\"font-size: 14pt; font-family: arial, helvetica, sans-serif;\">Polecamy,<\/span><\/p>\n<p style=\"text-align: left;\"><span style=\"font-size: 14pt; font-family: arial, helvetica, sans-serif;\">magiiik.pl<\/span><\/p>\n","protected":false},"excerpt":{"rendered":"<p><strong>Synchronicity by Chris Ramsay video\u00a0<\/strong><\/p>\n","protected":false},"featured_media":8884,"comment_status":"closed","ping_status":"open","template":"","meta":[],"product_brand":[],"product_cat":[55],"product_tag":[],"class_list":{"0":"post-8883","1":"product","2":"type-product","3":"status-publish","4":"has-post-thumbnail","6":"product_cat-ksiazki-dvd-download-downloads","8":"first","9":"instock","10":"purchasable","11":"product-type-simple"},"_links":{"self":[{"href":"https:\/\/magiiik.netstory.com.pl\/index.php?rest_route=\/wp\/v2\/product\/8883","targetHints":{"allow":["GET"]}}],"collection":[{"href":"https:\/\/magiiik.netstory.com.pl\/index.php?rest_route=\/wp\/v2\/product"}],"about":[{"href":"https:\/\/magiiik.netstory.com.pl\/index.php?rest_route=\/wp\/v2\/types\/product"}],"replies":[{"embeddable":true,"href":"https:\/\/magiiik.netstory.com.pl\/index.php?rest_route=%2Fwp%2Fv2%2Fcomments&post=8883"}],"wp:featuredmedia":[{"embeddable":true,"href":"https:\/\/magiiik.netstory.com.pl\/index.php?rest_route=\/wp\/v2\/media\/8884"}],"wp:attachment":[{"href":"https:\/\/magiiik.netstory.com.pl\/index.php?rest_route=%2Fwp%2Fv2%2Fmedia&parent=8883"}],"wp:term":[{"taxonomy":"product_brand","embeddable":true,"href":"https:\/\/magiiik.netstory.com.pl\/index.php?rest_route=%2Fwp%2Fv2%2Fproduct_brand&post=8883"},{"taxonomy":"product_cat","embeddable":true,"href":"https:\/\/magiiik.netstory.com.pl\/index.php?rest_route=%2Fwp%2Fv2%2Fproduct_cat&post=8883"},{"taxonomy":"product_tag","embeddable":true,"href":"https:\/\/magiiik.netstory.com.pl\/index.php?rest_route=%2Fwp%2Fv2%2Fproduct_tag&post=8883"}],"curies":[{"name":"wp","href":"https:\/\/api.w.org\/{rel}","templated":true}]}}