{"id":8870,"date":"2025-09-19T13:20:35","date_gmt":"2025-09-19T11:20:35","guid":{"rendered":"https:\/\/magiiik.netstory.com.pl\/produkt\/mysterios-encyclopedia-of-magic-and-conjuring\/"},"modified":"2025-09-19T13:20:48","modified_gmt":"2025-09-19T11:20:48","slug":"mysterios-encyclopedia-of-magic-and-conjuring","status":"publish","type":"product","link":"https:\/\/magiiik.netstory.com.pl\/?product=mysterios-encyclopedia-of-magic-and-conjuring","title":{"rendered":"Mysterio&#8217;s Encyclopedia of Magic and Conjuring"},"content":{"rendered":"<p style=\"text-align: center;\"><span style=\"font-size: 14pt; font-family: 'arial black', 'avant garde';\">Ta ksi\u0105\u017cka, to niesamowity zbi\u00f3r amatorskich i profesjonalnych trick\u00f3w magicznych. <strong>Znajdziesz tu ponad 300 r\u00f3\u017cnych sztuczek!<\/strong><\/span><\/p>\n<p style=\"text-align: center;\"><span style=\"font-size: 14pt; font-family: 'arial black', 'avant garde';\">W ksi\u0105\u017cce przedstawione s\u0105 instrukcje krok po kroku dla trick\u00f3w ze sznurami, kartami, monetami, z przedmiotami codziennego u\u017cytku, i wiele innych. Poznasz r\u00f3wnie\u017c sekrety wielkich iluzji. Dowiesz si\u0119, jak wygina\u0107 \u0142y\u017cki, lewitowa\u0107 drobne przedmioty oraz jak wykonywa\u0107 ca\u0142\u0105 mas\u0119 innych trick\u00f3w!\u00a0<\/span><\/p>\n<p style=\"text-align: center;\"><strong><span style=\"font-size: 14pt; font-family: 'arial black', 'avant garde';\">Ilo\u015b\u0107 stron: 352. Ksi\u0105\u017cka ilustrowana w twardej ok\u0142adce.<\/span><\/strong><\/p>\n<p style=\"text-align: center;\"><strong><span style=\"font-size: 14pt; font-family: 'arial black', 'avant garde';\">Ksi\u0105\u017cka w j\u0119zyku angielskim<\/span><\/strong><\/p>\n<p style=\"text-align: center;\"><strong><span style=\"font-size: 14pt; font-family: 'arial black', 'avant garde';\">Polecamy,<\/span><\/strong><\/p>\n<p style=\"text-align: center;\"><strong><span style=\"font-size: 14pt; font-family: 'arial black', 'avant garde';\">magiiik.pl<\/span><\/strong><\/p>\n","protected":false},"excerpt":{"rendered":"<p>Ta ksi\u0105\u017cka, to niesamowity zbi\u00f3r amatorskich i profesjonalnych trick\u00f3w magicznych. Znajdziesz tu ponad 300 r\u00f3\u017cnych sztuczek! W ksi\u0105\u017cce przedstawione s\u0105 instrukcje krok po kroku dla trick\u00f3w ze sznurami, kartami, monetami,&#8230;<\/p>\n","protected":false},"featured_media":8871,"comment_status":"closed","ping_status":"open","template":"","meta":[],"product_brand":[],"product_cat":[56],"product_tag":[],"class_list":{"0":"post-8870","1":"product","2":"type-product","3":"status-publish","4":"has-post-thumbnail","6":"product_cat-ksiazki-dvd-download-ksiazki","8":"first","9":"instock","10":"purchasable","11":"product-type-simple"},"_links":{"self":[{"href":"https:\/\/magiiik.netstory.com.pl\/index.php?rest_route=\/wp\/v2\/product\/8870","targetHints":{"allow":["GET"]}}],"collection":[{"href":"https:\/\/magiiik.netstory.com.pl\/index.php?rest_route=\/wp\/v2\/product"}],"about":[{"href":"https:\/\/magiiik.netstory.com.pl\/index.php?rest_route=\/wp\/v2\/types\/product"}],"replies":[{"embeddable":true,"href":"https:\/\/magiiik.netstory.com.pl\/index.php?rest_route=%2Fwp%2Fv2%2Fcomments&post=8870"}],"wp:featuredmedia":[{"embeddable":true,"href":"https:\/\/magiiik.netstory.com.pl\/index.php?rest_route=\/wp\/v2\/media\/8871"}],"wp:attachment":[{"href":"https:\/\/magiiik.netstory.com.pl\/index.php?rest_route=%2Fwp%2Fv2%2Fmedia&parent=8870"}],"wp:term":[{"taxonomy":"product_brand","embeddable":true,"href":"https:\/\/magiiik.netstory.com.pl\/index.php?rest_route=%2Fwp%2Fv2%2Fproduct_brand&post=8870"},{"taxonomy":"product_cat","embeddable":true,"href":"https:\/\/magiiik.netstory.com.pl\/index.php?rest_route=%2Fwp%2Fv2%2Fproduct_cat&post=8870"},{"taxonomy":"product_tag","embeddable":true,"href":"https:\/\/magiiik.netstory.com.pl\/index.php?rest_route=%2Fwp%2Fv2%2Fproduct_tag&post=8870"}],"curies":[{"name":"wp","href":"https:\/\/api.w.org\/{rel}","templated":true}]}}