{"id":8854,"date":"2025-09-19T13:20:35","date_gmt":"2025-09-19T11:20:35","guid":{"rendered":"https:\/\/magiiik.netstory.com.pl\/produkt\/dlite-zielony-pojedynczy-by-rocco\/"},"modified":"2025-09-19T13:20:44","modified_gmt":"2025-09-19T11:20:44","slug":"dlite-zielony-pojedynczy-by-rocco","status":"publish","type":"product","link":"https:\/\/magiiik.netstory.com.pl\/?product=dlite-zielony-pojedynczy-by-rocco","title":{"rendered":"D&#8217;Lite (zielony, pojedynczy) by Rocco"},"content":{"rendered":"<p style=\"font-size: 12px; font-family: Tahoma, Arial, sans-serif; text-align: center;\"><span style=\"font-size: 14pt; font-family: 'arial black', 'avant garde';\">Profesjonalny i oryginalny rekwizyt <strong>D&#8217;Lite by Rocco<\/strong>!<\/span>\u00a0<\/p>\n<p style=\"font-size: 12px; font-family: Tahoma, Arial, sans-serif; text-align: center;\"><span style=\"font-size: 14pt; font-family: 'arial black', 'avant garde';\">Iluzjonista prezentuje puste r\u0119ce, a nast\u0119pnie chwyta w powietrzu male\u0144kie kolorowe \u015bwiate\u0142ko! Przerzuca je z r\u0119ki do r\u0119ki na oczach widz\u00f3w! Wk\u0142ada \u015bwiate\u0142ko do ust i wyci\u0105ga z ucha! Umieszcza z powrotem w uchu i wyci\u0105ga z ust!\u00a0<\/span><\/p>\n<p style=\"font-size: 12px; font-family: Tahoma, Arial, sans-serif; text-align: center;\"><span style=\"font-size: 14pt; font-family: 'arial black', 'avant garde';\">\u015awiate\u0142ko zachowuje w tak czarodziejski, magiczny spos\u00f3b, na ile Twoje wyobra\u017ania pozwala!\u00a0<\/span><\/p>\n<p style=\"font-size: 12px; font-family: Tahoma, Arial, sans-serif; text-align: center;\"><span style=\"font-size: 14pt; font-family: 'arial black', 'avant garde';\">\u00a0<\/span><\/p>\n<p style=\"font-size: 12px; font-family: Tahoma, Arial, sans-serif; text-align: center;\"><span style=\"font-size: 14pt; font-family: 'arial black', 'avant garde';\">Dobrze wykonany<strong>\u00a0D&#8217;Lite<\/strong>\u00a0potrafi zaskoczy\u0107 dos\u0142ownie wszystkich, pocz\u0105wszy od dzieci, sko\u0144czywszy na osobach starszych i dojrza\u0142ych.\u00a0<\/span><\/p>\n<p style=\"font-size: 12px; font-family: Tahoma, Arial, sans-serif; text-align: center;\"><span style=\"font-size: 14pt; font-family: 'arial black', 'avant garde';\">Poni\u017cej prezentujemy film, na kt\u00f3rym mi\u0119dzy innymi mo\u017cna zobaczy\u0107 <strong>D&#8217;Lite<\/strong> w wykonaniu samego<strong> Rocco<\/strong>!<\/span><\/p>\n<p style=\"font-size: 12px; font-family: Tahoma, Arial, sans-serif; text-align: center;\"><span style=\"font-size: 14pt; font-family: 'arial black', 'avant garde';\"><iframe loading=\"lazy\" src=\"\/\/www.youtube.com\/embed\/GQ_iKYY7eqY\" width=\"425\" height=\"350\"><\/iframe><\/span><\/p>\n<p style=\"font-size: 12px; font-family: Tahoma, Arial, sans-serif; text-align: center;\">\u00a0<\/p>\n<p><strong><span style=\"font-size: 14pt; font-family: 'arial black', 'avant garde';\">W zestawie otrzymujesz:<\/span><\/strong><\/p>\n<p><span style=\"font-size: 14pt; font-family: 'arial black', 'avant garde';\">&#8211; 1 x gimmick w kolorze zielonym;<\/span><\/p>\n<p><span style=\"font-size: 14pt; font-family: 'arial black', 'avant garde';\">&#8211; instrukcja w j\u0119zyku angielskim.<\/span><\/p>\n<p>\u00a0<\/p>\n<p><strong><span style=\"font-size: 14pt; font-family: 'arial black', 'avant garde';\">Polecamy,<\/span><\/strong><\/p>\n<p><strong><span style=\"font-size: 14pt; font-family: 'arial black', 'avant garde';\">magiiik.pl<\/span><\/strong><\/p>\n","protected":false},"excerpt":{"rendered":"<p><strong>D&#8217;Lite (green, single) by Rocco<\/strong><\/p>\n","protected":false},"featured_media":8855,"comment_status":"closed","ping_status":"open","template":"","meta":[],"product_brand":[],"product_cat":[36],"product_tag":[],"class_list":{"0":"post-8854","1":"product","2":"type-product","3":"status-publish","4":"has-post-thumbnail","6":"product_cat-akcesoria-thumb-tip-kciuki","8":"first","9":"instock","10":"purchasable","11":"product-type-simple"},"_links":{"self":[{"href":"https:\/\/magiiik.netstory.com.pl\/index.php?rest_route=\/wp\/v2\/product\/8854","targetHints":{"allow":["GET"]}}],"collection":[{"href":"https:\/\/magiiik.netstory.com.pl\/index.php?rest_route=\/wp\/v2\/product"}],"about":[{"href":"https:\/\/magiiik.netstory.com.pl\/index.php?rest_route=\/wp\/v2\/types\/product"}],"replies":[{"embeddable":true,"href":"https:\/\/magiiik.netstory.com.pl\/index.php?rest_route=%2Fwp%2Fv2%2Fcomments&post=8854"}],"wp:featuredmedia":[{"embeddable":true,"href":"https:\/\/magiiik.netstory.com.pl\/index.php?rest_route=\/wp\/v2\/media\/8855"}],"wp:attachment":[{"href":"https:\/\/magiiik.netstory.com.pl\/index.php?rest_route=%2Fwp%2Fv2%2Fmedia&parent=8854"}],"wp:term":[{"taxonomy":"product_brand","embeddable":true,"href":"https:\/\/magiiik.netstory.com.pl\/index.php?rest_route=%2Fwp%2Fv2%2Fproduct_brand&post=8854"},{"taxonomy":"product_cat","embeddable":true,"href":"https:\/\/magiiik.netstory.com.pl\/index.php?rest_route=%2Fwp%2Fv2%2Fproduct_cat&post=8854"},{"taxonomy":"product_tag","embeddable":true,"href":"https:\/\/magiiik.netstory.com.pl\/index.php?rest_route=%2Fwp%2Fv2%2Fproduct_tag&post=8854"}],"curies":[{"name":"wp","href":"https:\/\/api.w.org\/{rel}","templated":true}]}}